{"id":54,"date":"2018-10-11T16:47:17","date_gmt":"2018-10-11T16:47:17","guid":{"rendered":"https:\/\/occ.vsgconsulting.eu\/occbcn\/?page_id=54"},"modified":"2024-08-16T13:07:23","modified_gmt":"2024-08-16T13:07:23","slug":"home","status":"publish","type":"page","link":"https:\/\/occ.vsgconsulting.eu\/fr\/","title":{"rendered":"Maison"},"content":{"rendered":"","protected":false},"excerpt":{"rendered":"","protected":false},"author":1,"featured_media":3716,"parent":0,"menu_order":0,"comment_status":"closed","ping_status":"closed","template":"templates\/template-home.php","meta":{"_themeisle_gutenberg_block_has_review":false,"footnotes":""},"class_list":["post-54","page","type-page","status-publish","has-post-thumbnail","hentry","latest_post"],"yoast_head":"<!-- This site is optimized with the Yoast SEO plugin v27.3 - https:\/\/yoast.com\/product\/yoast-seo-wordpress\/ -->\n<title>Open Cultural Center<\/title>\n<meta name=\"description\" content=\"OCC equips migrants with tools to access opportunities and build a future while advancing equality and inclusion within local communities through intercultural exchange, education, and advocacy.\" \/>\n<meta name=\"robots\" content=\"index, follow, max-snippet:-1, max-image-preview:large, max-video-preview:-1\" \/>\n<link rel=\"canonical\" href=\"https:\/\/openculturalcenter.org\/\" \/>\n<meta property=\"og:locale\" content=\"fr_FR\" \/>\n<meta property=\"og:type\" content=\"article\" \/>\n<meta property=\"og:title\" content=\"Welcome to Open Cultural Center\" \/>\n<meta property=\"og:description\" content=\"OCC equips migrants with tools to access opportunities and build a future while advancing equality and inclusion within local communities through intercultural exchange, education, and advocacy.\" \/>\n<meta property=\"og:url\" content=\"https:\/\/openculturalcenter.org\/\" \/>\n<meta property=\"og:site_name\" content=\"Open Cultural Center\" \/>\n<meta property=\"article:publisher\" content=\"https:\/\/www.facebook.com\/OpenCulturalCenter\" \/>\n<meta property=\"article:modified_time\" content=\"2024-08-16T13:07:23+00:00\" \/>\n<meta property=\"og:image\" content=\"https:\/\/openculturalcenter.org\/wp-content\/uploads\/2018\/10\/occ-006.jpg\" \/>\n\t<meta property=\"og:image:width\" content=\"1300\" \/>\n\t<meta property=\"og:image:height\" content=\"866\" \/>\n\t<meta property=\"og:image:type\" content=\"image\/jpeg\" \/>\n<meta name=\"twitter:card\" content=\"summary_large_image\" \/>\n<meta name=\"twitter:title\" content=\"Welcome to Open Cultural Center\" \/>\n<meta name=\"twitter:description\" content=\"OCC equips migrants with tools to access opportunities and build a future while advancing equality and inclusion within local communities through intercultural exchange, education, and advocacy.\" \/>\n<meta name=\"twitter:site\" content=\"@OCC_Project\" \/>\n<meta name=\"twitter:label1\" content=\"Dur\u00e9e de lecture estim\u00e9e\" \/>\n\t<meta name=\"twitter:data1\" content=\"1 minute\" \/>\n<script type=\"application\/ld+json\" class=\"yoast-schema-graph\">{\"@context\":\"https:\\\/\\\/schema.org\",\"@graph\":[{\"@type\":\"WebPage\",\"@id\":\"https:\\\/\\\/openculturalcenter.org\\\/\",\"url\":\"https:\\\/\\\/openculturalcenter.org\\\/\",\"name\":\"Open Cultural Center\",\"isPartOf\":{\"@id\":\"https:\\\/\\\/openculturalcenter.org\\\/#website\"},\"primaryImageOfPage\":{\"@id\":\"https:\\\/\\\/openculturalcenter.org\\\/#primaryimage\"},\"image\":{\"@id\":\"https:\\\/\\\/openculturalcenter.org\\\/#primaryimage\"},\"thumbnailUrl\":\"https:\\\/\\\/occ.vsgconsulting.eu\\\/wp-content\\\/uploads\\\/2018\\\/10\\\/occ-006.jpg\",\"datePublished\":\"2018-10-11T16:47:17+00:00\",\"dateModified\":\"2024-08-16T13:07:23+00:00\",\"description\":\"OCC equips migrants with tools to access opportunities and build a future while advancing equality and inclusion within local communities through intercultural exchange, education, and advocacy.\",\"breadcrumb\":{\"@id\":\"https:\\\/\\\/openculturalcenter.org\\\/#breadcrumb\"},\"inLanguage\":\"fr-FR\",\"potentialAction\":[{\"@type\":\"ReadAction\",\"target\":[\"https:\\\/\\\/openculturalcenter.org\\\/\"]}]},{\"@type\":\"ImageObject\",\"inLanguage\":\"fr-FR\",\"@id\":\"https:\\\/\\\/openculturalcenter.org\\\/#primaryimage\",\"url\":\"https:\\\/\\\/occ.vsgconsulting.eu\\\/wp-content\\\/uploads\\\/2018\\\/10\\\/occ-006.jpg\",\"contentUrl\":\"https:\\\/\\\/occ.vsgconsulting.eu\\\/wp-content\\\/uploads\\\/2018\\\/10\\\/occ-006.jpg\",\"width\":1300,\"height\":866},{\"@type\":\"BreadcrumbList\",\"@id\":\"https:\\\/\\\/openculturalcenter.org\\\/#breadcrumb\",\"itemListElement\":[{\"@type\":\"ListItem\",\"position\":1,\"name\":\"Home\",\"item\":\"https:\\\/\\\/openculturalcenter.org\\\/\"},{\"@type\":\"ListItem\",\"position\":2,\"name\":\"Home\"}]},{\"@type\":\"WebSite\",\"@id\":\"https:\\\/\\\/openculturalcenter.org\\\/#website\",\"url\":\"https:\\\/\\\/openculturalcenter.org\\\/\",\"name\":\"Open Cultural Center\",\"description\":\"Culture Without Borders\",\"publisher\":{\"@id\":\"https:\\\/\\\/openculturalcenter.org\\\/#organization\"},\"potentialAction\":[{\"@type\":\"SearchAction\",\"target\":{\"@type\":\"EntryPoint\",\"urlTemplate\":\"https:\\\/\\\/openculturalcenter.org\\\/?s={search_term_string}\"},\"query-input\":{\"@type\":\"PropertyValueSpecification\",\"valueRequired\":true,\"valueName\":\"search_term_string\"}}],\"inLanguage\":\"fr-FR\"},{\"@type\":\"Organization\",\"@id\":\"https:\\\/\\\/openculturalcenter.org\\\/#organization\",\"name\":\"Open Cultural Center\",\"url\":\"https:\\\/\\\/openculturalcenter.org\\\/\",\"logo\":{\"@type\":\"ImageObject\",\"inLanguage\":\"fr-FR\",\"@id\":\"https:\\\/\\\/openculturalcenter.org\\\/#\\\/schema\\\/logo\\\/image\\\/\",\"url\":\"https:\\\/\\\/occ.vsgconsulting.eu\\\/wp-content\\\/uploads\\\/2025\\\/03\\\/Cobranding-OCC-RW-Logos-1.png\",\"contentUrl\":\"https:\\\/\\\/occ.vsgconsulting.eu\\\/wp-content\\\/uploads\\\/2025\\\/03\\\/Cobranding-OCC-RW-Logos-1.png\",\"width\":1768,\"height\":478,\"caption\":\"Open Cultural Center\"},\"image\":{\"@id\":\"https:\\\/\\\/openculturalcenter.org\\\/#\\\/schema\\\/logo\\\/image\\\/\"},\"sameAs\":[\"https:\\\/\\\/www.facebook.com\\\/OpenCulturalCenter\",\"https:\\\/\\\/x.com\\\/OCC_Project\"]}]}<\/script>\n<!-- \/ Yoast SEO plugin. -->","yoast_head_json":{"title":"Centre culturel ouvert","description":"OCC donne aux migrants des outils pour acc\u00e9der aux opportunit\u00e9s et construire un avenir tout en faisant progresser l&#039;\u00e9galit\u00e9 et l&#039;inclusion au sein des communaut\u00e9s locales gr\u00e2ce aux \u00e9changes interculturels, \u00e0 l&#039;\u00e9ducation et au plaidoyer.","robots":{"index":"index","follow":"follow","max-snippet":"max-snippet:-1","max-image-preview":"max-image-preview:large","max-video-preview":"max-video-preview:-1"},"canonical":"https:\/\/openculturalcenter.org\/","og_locale":"fr_FR","og_type":"article","og_title":"Welcome to Open Cultural Center","og_description":"OCC equips migrants with tools to access opportunities and build a future while advancing equality and inclusion within local communities through intercultural exchange, education, and advocacy.","og_url":"https:\/\/openculturalcenter.org\/","og_site_name":"Open Cultural Center","article_publisher":"https:\/\/www.facebook.com\/OpenCulturalCenter","article_modified_time":"2024-08-16T13:07:23+00:00","og_image":[{"width":1300,"height":866,"url":"https:\/\/openculturalcenter.org\/wp-content\/uploads\/2018\/10\/occ-006.jpg","type":"image\/jpeg"}],"twitter_card":"summary_large_image","twitter_title":"Welcome to Open Cultural Center","twitter_description":"OCC equips migrants with tools to access opportunities and build a future while advancing equality and inclusion within local communities through intercultural exchange, education, and advocacy.","twitter_site":"@OCC_Project","twitter_misc":{"Dur\u00e9e de lecture estim\u00e9e":"1 minute"},"schema":{"@context":"https:\/\/schema.org","@graph":[{"@type":"WebPage","@id":"https:\/\/openculturalcenter.org\/","url":"https:\/\/openculturalcenter.org\/","name":"Centre culturel ouvert","isPartOf":{"@id":"https:\/\/openculturalcenter.org\/#website"},"primaryImageOfPage":{"@id":"https:\/\/openculturalcenter.org\/#primaryimage"},"image":{"@id":"https:\/\/openculturalcenter.org\/#primaryimage"},"thumbnailUrl":"https:\/\/occ.vsgconsulting.eu\/wp-content\/uploads\/2018\/10\/occ-006.jpg","datePublished":"2018-10-11T16:47:17+00:00","dateModified":"2024-08-16T13:07:23+00:00","description":"OCC donne aux migrants des outils pour acc\u00e9der aux opportunit\u00e9s et construire un avenir tout en faisant progresser l&#039;\u00e9galit\u00e9 et l&#039;inclusion au sein des communaut\u00e9s locales gr\u00e2ce aux \u00e9changes interculturels, \u00e0 l&#039;\u00e9ducation et au plaidoyer.","breadcrumb":{"@id":"https:\/\/openculturalcenter.org\/#breadcrumb"},"inLanguage":"fr-FR","potentialAction":[{"@type":"ReadAction","target":["https:\/\/openculturalcenter.org\/"]}]},{"@type":"ImageObject","inLanguage":"fr-FR","@id":"https:\/\/openculturalcenter.org\/#primaryimage","url":"https:\/\/occ.vsgconsulting.eu\/wp-content\/uploads\/2018\/10\/occ-006.jpg","contentUrl":"https:\/\/occ.vsgconsulting.eu\/wp-content\/uploads\/2018\/10\/occ-006.jpg","width":1300,"height":866},{"@type":"BreadcrumbList","@id":"https:\/\/openculturalcenter.org\/#breadcrumb","itemListElement":[{"@type":"ListItem","position":1,"name":"Home","item":"https:\/\/openculturalcenter.org\/"},{"@type":"ListItem","position":2,"name":"Home"}]},{"@type":"WebSite","@id":"https:\/\/openculturalcenter.org\/#website","url":"https:\/\/openculturalcenter.org\/","name":"Centre culturel ouvert","description":"Culture sans fronti\u00e8res","publisher":{"@id":"https:\/\/openculturalcenter.org\/#organization"},"potentialAction":[{"@type":"SearchAction","target":{"@type":"EntryPoint","urlTemplate":"https:\/\/openculturalcenter.org\/?s={search_term_string}"},"query-input":{"@type":"PropertyValueSpecification","valueRequired":true,"valueName":"search_term_string"}}],"inLanguage":"fr-FR"},{"@type":"Organization","@id":"https:\/\/openculturalcenter.org\/#organization","name":"Centre culturel ouvert","url":"https:\/\/openculturalcenter.org\/","logo":{"@type":"ImageObject","inLanguage":"fr-FR","@id":"https:\/\/openculturalcenter.org\/#\/schema\/logo\/image\/","url":"https:\/\/occ.vsgconsulting.eu\/wp-content\/uploads\/2025\/03\/Cobranding-OCC-RW-Logos-1.png","contentUrl":"https:\/\/occ.vsgconsulting.eu\/wp-content\/uploads\/2025\/03\/Cobranding-OCC-RW-Logos-1.png","width":1768,"height":478,"caption":"Open Cultural Center"},"image":{"@id":"https:\/\/openculturalcenter.org\/#\/schema\/logo\/image\/"},"sameAs":["https:\/\/www.facebook.com\/OpenCulturalCenter","https:\/\/x.com\/OCC_Project"]}]}},"_links":{"self":[{"href":"https:\/\/occ.vsgconsulting.eu\/fr\/wp-json\/wp\/v2\/pages\/54","targetHints":{"allow":["GET"]}}],"collection":[{"href":"https:\/\/occ.vsgconsulting.eu\/fr\/wp-json\/wp\/v2\/pages"}],"about":[{"href":"https:\/\/occ.vsgconsulting.eu\/fr\/wp-json\/wp\/v2\/types\/page"}],"author":[{"embeddable":true,"href":"https:\/\/occ.vsgconsulting.eu\/fr\/wp-json\/wp\/v2\/users\/1"}],"replies":[{"embeddable":true,"href":"https:\/\/occ.vsgconsulting.eu\/fr\/wp-json\/wp\/v2\/comments?post=54"}],"version-history":[{"count":11,"href":"https:\/\/occ.vsgconsulting.eu\/fr\/wp-json\/wp\/v2\/pages\/54\/revisions"}],"predecessor-version":[{"id":13742,"href":"https:\/\/occ.vsgconsulting.eu\/fr\/wp-json\/wp\/v2\/pages\/54\/revisions\/13742"}],"wp:featuredmedia":[{"embeddable":true,"href":"https:\/\/occ.vsgconsulting.eu\/fr\/wp-json\/wp\/v2\/media\/3716"}],"wp:attachment":[{"href":"https:\/\/occ.vsgconsulting.eu\/fr\/wp-json\/wp\/v2\/media?parent=54"}],"curies":[{"name":"wp","href":"https:\/\/api.w.org\/{rel}","templated":true}]}}