{"id":11839,"date":"2023-03-09T12:47:45","date_gmt":"2023-03-09T12:47:45","guid":{"rendered":"https:\/\/occ.vsgconsulting.eu\/?page_id=11839"},"modified":"2025-07-18T10:22:05","modified_gmt":"2025-07-18T10:22:05","slug":"moianes","status":"publish","type":"page","link":"https:\/\/occ.vsgconsulting.eu\/fr\/moianes\/","title":{"rendered":"Jeunesse pour tous"},"content":{"rendered":"<p><strong>Jeunesse pour Tous est un projet d&#039;\u00e9mancipation et d&#039;autonomie pour les jeunes nouveaux arrivants en milieu rural. R\u00e9alis\u00e9 par OCC Espagne, il s&#039;adresse aux jeunes issus de l&#039;immigration qui n&#039;ont pas de r\u00e9f\u00e9rences familiales et\/ou adultes en Catalogne et qui se retrouvent sans protection de l&#039;\u00c9tat. Les mineurs (de moins de 18 ans) b\u00e9n\u00e9ficient de la protection de l&#039;\u00c9tat, mais une fois qu&#039;ils atteignent l&#039;\u00e2ge de 18 ans, ils n&#039;ont plus acc\u00e8s \u00e0 cette aide. Dans le cadre de ce projet, OCC leur offre un logement, une formation et un accompagnement<\/strong>. <strong>Le projet est situ\u00e9 \u00e0 Moian\u00e8s, une zone rurale du centre de la Catalogne, et les formations propos\u00e9es vont des comp\u00e9tences agricoles, foresti\u00e8res et\/ou num\u00e9riques, ainsi que des cours de langue et des activit\u00e9s de volontariat. <\/strong><\/p>\n\n\n\n<div class=\"wp-block-cover is-light\"><img loading=\"lazy\" decoding=\"async\" width=\"2560\" height=\"1707\" class=\"wp-block-cover__image-background wp-image-12065\" alt=\"\" src=\"https:\/\/occ.vsgconsulting.eu\/wp-content\/uploads\/2023\/05\/DSC_3043-scaled.jpg\" style=\"object-position:52% 68%\" data-object-fit=\"cover\" data-object-position=\"52% 68%\" srcset=\"https:\/\/occ.vsgconsulting.eu\/wp-content\/uploads\/2023\/05\/DSC_3043-scaled.jpg 2560w, https:\/\/occ.vsgconsulting.eu\/wp-content\/uploads\/2023\/05\/DSC_3043-300x200.jpg 300w, https:\/\/occ.vsgconsulting.eu\/wp-content\/uploads\/2023\/05\/DSC_3043-1024x683.jpg 1024w, https:\/\/occ.vsgconsulting.eu\/wp-content\/uploads\/2023\/05\/DSC_3043-768x512.jpg 768w, https:\/\/occ.vsgconsulting.eu\/wp-content\/uploads\/2023\/05\/DSC_3043-1536x1024.jpg 1536w, https:\/\/occ.vsgconsulting.eu\/wp-content\/uploads\/2023\/05\/DSC_3043-2048x1365.jpg 2048w, https:\/\/occ.vsgconsulting.eu\/wp-content\/uploads\/2023\/05\/DSC_3043-18x12.jpg 18w, https:\/\/occ.vsgconsulting.eu\/wp-content\/uploads\/2023\/05\/DSC_3043-600x400.jpg 600w\" sizes=\"auto, (max-width: 2560px) 100vw, 2560px\" \/><span aria-hidden=\"true\" class=\"wp-block-cover__background has-black-background-color has-background-dim\"><\/span><div class=\"wp-block-cover__inner-container is-layout-flow wp-block-cover-is-layout-flow\">\n<p class=\"has-text-align-center ticss-2330e142 has-text-color has-large-font-size\" style=\"color:#15d4be\"><strong>Une r\u00e9ponse aux d\u00e9fis sociaux et territoriaux : le besoin d\u2019inclusion professionnelle des jeunes vuln\u00e9rables et le besoin de renouvellement g\u00e9n\u00e9rationnel dans les zones rurales.<\/strong><\/p>\n<\/div><\/div>\n\n\n\n<div style=\"height:35px\" aria-hidden=\"true\" class=\"wp-block-spacer\"><\/div>\n\n\n\n<p>L&#039;objectif est non seulement de faciliter l&#039;inclusion sociale et professionnelle de ce collectif dans les zones rurales du territoire, mais aussi de contribuer au renouvellement g\u00e9n\u00e9rationnel indispensable du secteur agricole tout en offrant une option \u00e0 ceux qui sont encore dans une position vuln\u00e9rable et pourraient b\u00e9n\u00e9ficier d\u2019un logement et d\u2019un accompagnement pour entrer sur le march\u00e9 du travail et acc\u00e9der \u00e0 des opportunit\u00e9s d\u2019emploi significatives. <\/p>\n\n\n\n<p>Pendant 12 mois, le projet offre aux participants les \u00e9l\u00e9ments suivants\u00a0:<\/p>\n\n\n\n<ul class=\"wp-block-list\">\n<li>Plan d&#039;\u00e9mancipation personnalis\u00e9<\/li>\n\n\n\n<li>Cursus professionnel (ex. : agriculture, foresterie, etc.) structur\u00e9 en modules<\/li>\n\n\n\n<li>Fourniture d&#039;aptitudes et de comp\u00e9tences num\u00e9riques de base visant \u00e0 am\u00e9liorer leurs opportunit\u00e9s d&#039;emploi <\/li>\n\n\n\n<li>R\u00e9f\u00e9rents locaux et r\u00e9seau social renforc\u00e9<\/li>\n\n\n\n<li>Am\u00e9lioration des comp\u00e9tences linguistiques en espagnol et en catalan gr\u00e2ce \u00e0 250 heures d&#039;ateliers<\/li>\n\n\n\n<li>80% taux d&#039;insertion professionnelle dans les 12 mois suivant la fin du projet<\/li>\n<\/ul>\n\n\n\n<p>Le projet propose des formations sp\u00e9cifiques adapt\u00e9es aux besoins du territoire : <\/p>\n\n\n\n<div class=\"wp-block-columns are-vertically-aligned-center is-layout-flex wp-container-core-columns-is-layout-9d6595d7 wp-block-columns-is-layout-flex\">\n<div class=\"wp-block-column is-vertically-aligned-center is-layout-flow wp-block-column-is-layout-flow\">\n<div id=\"wp-block-themeisle-blocks-advanced-columns-509fde5e\" class=\"wp-block-themeisle-blocks-advanced-columns has-1-columns has-desktop-equal-layout has-tablet-equal-layout has-mobile-equal-layout has-vertical-unset\"><div class=\"wp-block-themeisle-blocks-advanced-columns-overlay\"><\/div><div class=\"innerblocks-wrap\">\n<div id=\"wp-block-themeisle-blocks-advanced-column-0c77d991\" class=\"wp-block-themeisle-blocks-advanced-column\">\n<div class=\"wp-block-cover is-light\"><span aria-hidden=\"true\" class=\"wp-block-cover__background has-background-dim-100 has-background-dim\" style=\"background-color:#15d4be\"><\/span><div class=\"wp-block-cover__inner-container is-layout-flow wp-block-cover-is-layout-flow\">\n<p class=\"has-text-align-center has-white-color has-text-color has-medium-font-size\"><strong>FINA \u2013 Formation inclusive en agriculture \u00e9cologique<\/strong><\/p>\n\n\n\n<p class=\"has-text-align-center has-white-color has-text-color\">Offert dans la premi\u00e8re \u00e9dition, il consistait en un programme de formation en agriculture et en \u00e9levage \u00e0 travers lequel les participants recevaient les outils, aptitudes et comp\u00e9tences n\u00e9cessaires pour se d\u00e9velopper professionnellement dans le secteur agricole. <\/p>\n<\/div><\/div>\n<\/div>\n<\/div><\/div>\n<\/div>\n\n\n\n<div class=\"wp-block-column is-vertically-aligned-center is-layout-flow wp-block-column-is-layout-flow\">\n<div class=\"wp-block-cover is-light\" style=\"min-height:432px;aspect-ratio:unset;\"><span aria-hidden=\"true\" class=\"wp-block-cover__background has-background-dim-100 has-background-dim\" style=\"background-color:#15d4be\"><\/span><div class=\"wp-block-cover__inner-container is-layout-flow wp-block-cover-is-layout-flow\">\n<p class=\"has-text-align-center has-white-color has-text-color has-medium-font-size\"><strong>AFFI \u2013 Acci\u00f3 Formativa Forestal Inclusiva<\/strong><\/p>\n\n\n\n<p class=\"has-text-align-center has-white-color has-text-color\">Offert dans la deuxi\u00e8me et actuelle \u00e9dition, il consiste en une formation visant \u00e0 initier les jeunes au monde de la foresterie et de la pr\u00e9vention des incendies, gr\u00e2ce \u00e0 laquelle ils pourront acqu\u00e9rir les connaissances et les outils n\u00e9cessaires pour se d\u00e9velopper professionnellement dans le secteur forestier.<\/p>\n<\/div><\/div>\n<\/div>\n<\/div>\n\n\n\n<p><\/p>\n\n\n\n<div class=\"wp-block-columns are-vertically-aligned-center is-layout-flex wp-container-core-columns-is-layout-9d6595d7 wp-block-columns-is-layout-flex\">\n<div class=\"wp-block-column is-vertically-aligned-center is-layout-flow wp-block-column-is-layout-flow\" style=\"flex-basis:33.33%\">\n<p class=\"has-text-align-center\"><strong>Le volontariat comme outil de d\u00e9veloppement personnel <\/strong><\/p>\n\n\n\n<p class=\"has-text-align-center\">Les activit\u00e9s de volontariat sont consid\u00e9r\u00e9es dans le projet comme un excellent outil d&#039;apprentissage, car elles aident les participants au projet \u00e0 acqu\u00e9rir de nouvelles connaissances tout en \u00e9largissant leur r\u00e9seau social. Ainsi, Youth 4 All promeut le volontariat sur le territoire aupr\u00e8s des jeunes comme moyen de travailler \u00e0 leur \u00e9mancipation personnelle et \u00e0 leur autonomie, tout en privil\u00e9giant les activit\u00e9s ax\u00e9es sur le secteur forestier \u2013 afin d&#039;accro\u00eetre leurs connaissances.<\/p>\n<\/div>\n\n\n\n<div class=\"wp-block-column is-vertically-aligned-center is-layout-flow wp-block-column-is-layout-flow\" style=\"flex-basis:66.66%\"><div class=\"wp-block-image is-style-rounded\">\n<figure class=\"aligncenter size-large\"><img loading=\"lazy\" decoding=\"async\" width=\"1024\" height=\"768\" src=\"https:\/\/occ.vsgconsulting.eu\/wp-content\/uploads\/2023\/05\/IMG-20220211-WA0013-1-1024x768.jpg\" alt=\"\" class=\"wp-image-12066\" srcset=\"https:\/\/occ.vsgconsulting.eu\/wp-content\/uploads\/2023\/05\/IMG-20220211-WA0013-1-1024x768.jpg 1024w, https:\/\/occ.vsgconsulting.eu\/wp-content\/uploads\/2023\/05\/IMG-20220211-WA0013-1-300x225.jpg 300w, https:\/\/occ.vsgconsulting.eu\/wp-content\/uploads\/2023\/05\/IMG-20220211-WA0013-1-768x576.jpg 768w, https:\/\/occ.vsgconsulting.eu\/wp-content\/uploads\/2023\/05\/IMG-20220211-WA0013-1-1536x1152.jpg 1536w, https:\/\/occ.vsgconsulting.eu\/wp-content\/uploads\/2023\/05\/IMG-20220211-WA0013-1-16x12.jpg 16w, https:\/\/occ.vsgconsulting.eu\/wp-content\/uploads\/2023\/05\/IMG-20220211-WA0013-1-600x450.jpg 600w, https:\/\/occ.vsgconsulting.eu\/wp-content\/uploads\/2023\/05\/IMG-20220211-WA0013-1.jpg 1600w\" sizes=\"auto, (max-width: 1024px) 100vw, 1024px\" \/><\/figure>\n<\/div><\/div>\n<\/div>\n\n\n\n<div style=\"height:56px\" aria-hidden=\"true\" class=\"wp-block-spacer\"><\/div>\n\n\n\n<div class=\"wp-block-columns is-layout-flex wp-container-core-columns-is-layout-9d6595d7 wp-block-columns-is-layout-flex\">\n<div class=\"wp-block-column is-layout-flow wp-block-column-is-layout-flow\">\n<figure class=\"wp-block-image size-large\"><img loading=\"lazy\" decoding=\"async\" width=\"1024\" height=\"575\" src=\"https:\/\/occ.vsgconsulting.eu\/wp-content\/uploads\/2025\/07\/Taller-de-Primers-Auxilis-JxT-1024x575.png\" alt=\"\" class=\"wp-image-15478\" srcset=\"https:\/\/occ.vsgconsulting.eu\/wp-content\/uploads\/2025\/07\/Taller-de-Primers-Auxilis-JxT-1024x575.png 1024w, https:\/\/occ.vsgconsulting.eu\/wp-content\/uploads\/2025\/07\/Taller-de-Primers-Auxilis-JxT-300x169.png 300w, https:\/\/occ.vsgconsulting.eu\/wp-content\/uploads\/2025\/07\/Taller-de-Primers-Auxilis-JxT-768x432.png 768w, https:\/\/occ.vsgconsulting.eu\/wp-content\/uploads\/2025\/07\/Taller-de-Primers-Auxilis-JxT-1536x863.png 1536w, https:\/\/occ.vsgconsulting.eu\/wp-content\/uploads\/2025\/07\/Taller-de-Primers-Auxilis-JxT-18x10.png 18w, https:\/\/occ.vsgconsulting.eu\/wp-content\/uploads\/2025\/07\/Taller-de-Primers-Auxilis-JxT.png 1726w, https:\/\/occ.vsgconsulting.eu\/wp-content\/uploads\/2025\/07\/Taller-de-Primers-Auxilis-JxT-350x196.png 350w, https:\/\/occ.vsgconsulting.eu\/wp-content\/uploads\/2025\/07\/Taller-de-Primers-Auxilis-JxT-780x437.png 780w\" sizes=\"auto, (max-width: 1024px) 100vw, 1024px\" \/><\/figure>\n<\/div>\n<\/div>","protected":false},"excerpt":{"rendered":"<p>Jeunesse pour Tous est un projet d&#039;\u00e9mancipation et d&#039;autonomie pour les jeunes nouveaux arrivants en milieu rural. R\u00e9alis\u00e9 par OCC Espagne, il s&#039;adresse aux jeunes issus de l&#039;immigration qui n&#039;ont pas de r\u00e9f\u00e9rences familiales et\/ou adultes en Catalogne et qui se retrouvent sans protection de l&#039;\u00c9tat. Les mineurs (de moins de 18 ans) b\u00e9n\u00e9ficient de la protection de l\u2019\u00c9tat, mais une fois\u2026 <\/p>","protected":false},"author":47,"featured_media":14545,"parent":0,"menu_order":0,"comment_status":"closed","ping_status":"closed","template":"","meta":{"_themeisle_gutenberg_block_has_review":false,"footnotes":""},"class_list":["post-11839","page","type-page","status-publish","has-post-thumbnail","hentry","latest_post"],"yoast_head":"<!-- This site is optimized with the Yoast SEO plugin v27.4 - https:\/\/yoast.com\/product\/yoast-seo-wordpress\/ -->\n<title>Youth 4 All - Open Cultural Center<\/title>\n<meta name=\"description\" content=\"Discover our project in rural Catalonia, supporting young migrant people through a social and labour insertion programme.\" \/>\n<meta name=\"robots\" content=\"index, follow, max-snippet:-1, max-image-preview:large, max-video-preview:-1\" \/>\n<link rel=\"canonical\" href=\"https:\/\/openculturalcenter.org\/moianes\/\" \/>\n<meta property=\"og:locale\" content=\"fr_FR\" \/>\n<meta property=\"og:type\" content=\"article\" \/>\n<meta property=\"og:title\" content=\"Youth 4 All - Open Cultural Center\" \/>\n<meta property=\"og:description\" content=\"Discover our project in rural Catalonia, supporting young migrant people through a social and labour insertion programme.\" \/>\n<meta property=\"og:url\" content=\"https:\/\/openculturalcenter.org\/moianes\/\" \/>\n<meta property=\"og:site_name\" content=\"Open Cultural Center\" \/>\n<meta property=\"article:publisher\" content=\"https:\/\/www.facebook.com\/OpenCulturalCenter\" \/>\n<meta property=\"article:modified_time\" content=\"2025-07-18T10:22:05+00:00\" \/>\n<meta property=\"og:image\" content=\"https:\/\/openculturalcenter.org\/wp-content\/uploads\/2024\/09\/DSC_2339-scaled.jpg\" \/>\n\t<meta property=\"og:image:width\" content=\"2560\" \/>\n\t<meta property=\"og:image:height\" content=\"1707\" \/>\n\t<meta property=\"og:image:type\" content=\"image\/jpeg\" \/>\n<meta name=\"twitter:card\" content=\"summary_large_image\" \/>\n<meta name=\"twitter:site\" content=\"@OCC_Project\" \/>\n<meta name=\"twitter:label1\" content=\"Dur\u00e9e de lecture estim\u00e9e\" \/>\n\t<meta name=\"twitter:data1\" content=\"3 minutes\" \/>\n<script type=\"application\/ld+json\" class=\"yoast-schema-graph\">{\"@context\":\"https:\\\/\\\/schema.org\",\"@graph\":[{\"@type\":\"WebPage\",\"@id\":\"https:\\\/\\\/openculturalcenter.org\\\/moianes\\\/\",\"url\":\"https:\\\/\\\/openculturalcenter.org\\\/moianes\\\/\",\"name\":\"Youth 4 All - Open Cultural Center\",\"isPartOf\":{\"@id\":\"https:\\\/\\\/openculturalcenter.org\\\/#website\"},\"primaryImageOfPage\":{\"@id\":\"https:\\\/\\\/openculturalcenter.org\\\/moianes\\\/#primaryimage\"},\"image\":{\"@id\":\"https:\\\/\\\/openculturalcenter.org\\\/moianes\\\/#primaryimage\"},\"thumbnailUrl\":\"https:\\\/\\\/occ.vsgconsulting.eu\\\/wp-content\\\/uploads\\\/2024\\\/09\\\/DSC_2339-scaled.jpg\",\"datePublished\":\"2023-03-09T12:47:45+00:00\",\"dateModified\":\"2025-07-18T10:22:05+00:00\",\"description\":\"Discover our project in rural Catalonia, supporting young migrant people through a social and labour insertion programme.\",\"breadcrumb\":{\"@id\":\"https:\\\/\\\/openculturalcenter.org\\\/moianes\\\/#breadcrumb\"},\"inLanguage\":\"fr-FR\",\"potentialAction\":[{\"@type\":\"ReadAction\",\"target\":[\"https:\\\/\\\/openculturalcenter.org\\\/moianes\\\/\"]}]},{\"@type\":\"ImageObject\",\"inLanguage\":\"fr-FR\",\"@id\":\"https:\\\/\\\/openculturalcenter.org\\\/moianes\\\/#primaryimage\",\"url\":\"https:\\\/\\\/occ.vsgconsulting.eu\\\/wp-content\\\/uploads\\\/2024\\\/09\\\/DSC_2339-scaled.jpg\",\"contentUrl\":\"https:\\\/\\\/occ.vsgconsulting.eu\\\/wp-content\\\/uploads\\\/2024\\\/09\\\/DSC_2339-scaled.jpg\",\"width\":2560,\"height\":1707},{\"@type\":\"BreadcrumbList\",\"@id\":\"https:\\\/\\\/openculturalcenter.org\\\/moianes\\\/#breadcrumb\",\"itemListElement\":[{\"@type\":\"ListItem\",\"position\":1,\"name\":\"Home\",\"item\":\"https:\\\/\\\/openculturalcenter.org\\\/\"},{\"@type\":\"ListItem\",\"position\":2,\"name\":\"Youth 4 All\"}]},{\"@type\":\"WebSite\",\"@id\":\"https:\\\/\\\/openculturalcenter.org\\\/#website\",\"url\":\"https:\\\/\\\/openculturalcenter.org\\\/\",\"name\":\"Open Cultural Center\",\"description\":\"Culture Without Borders\",\"publisher\":{\"@id\":\"https:\\\/\\\/openculturalcenter.org\\\/#organization\"},\"potentialAction\":[{\"@type\":\"SearchAction\",\"target\":{\"@type\":\"EntryPoint\",\"urlTemplate\":\"https:\\\/\\\/openculturalcenter.org\\\/?s={search_term_string}\"},\"query-input\":{\"@type\":\"PropertyValueSpecification\",\"valueRequired\":true,\"valueName\":\"search_term_string\"}}],\"inLanguage\":\"fr-FR\"},{\"@type\":\"Organization\",\"@id\":\"https:\\\/\\\/openculturalcenter.org\\\/#organization\",\"name\":\"Open Cultural Center\",\"url\":\"https:\\\/\\\/openculturalcenter.org\\\/\",\"logo\":{\"@type\":\"ImageObject\",\"inLanguage\":\"fr-FR\",\"@id\":\"https:\\\/\\\/openculturalcenter.org\\\/#\\\/schema\\\/logo\\\/image\\\/\",\"url\":\"https:\\\/\\\/occ.vsgconsulting.eu\\\/wp-content\\\/uploads\\\/2025\\\/03\\\/Cobranding-OCC-RW-Logos-1.png\",\"contentUrl\":\"https:\\\/\\\/occ.vsgconsulting.eu\\\/wp-content\\\/uploads\\\/2025\\\/03\\\/Cobranding-OCC-RW-Logos-1.png\",\"width\":1768,\"height\":478,\"caption\":\"Open Cultural Center\"},\"image\":{\"@id\":\"https:\\\/\\\/openculturalcenter.org\\\/#\\\/schema\\\/logo\\\/image\\\/\"},\"sameAs\":[\"https:\\\/\\\/www.facebook.com\\\/OpenCulturalCenter\",\"https:\\\/\\\/x.com\\\/OCC_Project\"]}]}<\/script>\n<!-- \/ Yoast SEO plugin. -->","yoast_head_json":{"title":"Youth 4 All - Open Cultural Center","description":"Discover our project in rural Catalonia, supporting young migrant people through a social and labour insertion programme.","robots":{"index":"index","follow":"follow","max-snippet":"max-snippet:-1","max-image-preview":"max-image-preview:large","max-video-preview":"max-video-preview:-1"},"canonical":"https:\/\/openculturalcenter.org\/moianes\/","og_locale":"fr_FR","og_type":"article","og_title":"Youth 4 All - Open Cultural Center","og_description":"Discover our project in rural Catalonia, supporting young migrant people through a social and labour insertion programme.","og_url":"https:\/\/openculturalcenter.org\/moianes\/","og_site_name":"Open Cultural Center","article_publisher":"https:\/\/www.facebook.com\/OpenCulturalCenter","article_modified_time":"2025-07-18T10:22:05+00:00","og_image":[{"width":2560,"height":1707,"url":"https:\/\/openculturalcenter.org\/wp-content\/uploads\/2024\/09\/DSC_2339-scaled.jpg","type":"image\/jpeg"}],"twitter_card":"summary_large_image","twitter_site":"@OCC_Project","twitter_misc":{"Dur\u00e9e de lecture estim\u00e9e":"3 minutes"},"schema":{"@context":"https:\/\/schema.org","@graph":[{"@type":"WebPage","@id":"https:\/\/openculturalcenter.org\/moianes\/","url":"https:\/\/openculturalcenter.org\/moianes\/","name":"Youth 4 All - Open Cultural Center","isPartOf":{"@id":"https:\/\/openculturalcenter.org\/#website"},"primaryImageOfPage":{"@id":"https:\/\/openculturalcenter.org\/moianes\/#primaryimage"},"image":{"@id":"https:\/\/openculturalcenter.org\/moianes\/#primaryimage"},"thumbnailUrl":"https:\/\/occ.vsgconsulting.eu\/wp-content\/uploads\/2024\/09\/DSC_2339-scaled.jpg","datePublished":"2023-03-09T12:47:45+00:00","dateModified":"2025-07-18T10:22:05+00:00","description":"Discover our project in rural Catalonia, supporting young migrant people through a social and labour insertion programme.","breadcrumb":{"@id":"https:\/\/openculturalcenter.org\/moianes\/#breadcrumb"},"inLanguage":"fr-FR","potentialAction":[{"@type":"ReadAction","target":["https:\/\/openculturalcenter.org\/moianes\/"]}]},{"@type":"ImageObject","inLanguage":"fr-FR","@id":"https:\/\/openculturalcenter.org\/moianes\/#primaryimage","url":"https:\/\/occ.vsgconsulting.eu\/wp-content\/uploads\/2024\/09\/DSC_2339-scaled.jpg","contentUrl":"https:\/\/occ.vsgconsulting.eu\/wp-content\/uploads\/2024\/09\/DSC_2339-scaled.jpg","width":2560,"height":1707},{"@type":"BreadcrumbList","@id":"https:\/\/openculturalcenter.org\/moianes\/#breadcrumb","itemListElement":[{"@type":"ListItem","position":1,"name":"Home","item":"https:\/\/openculturalcenter.org\/"},{"@type":"ListItem","position":2,"name":"Youth 4 All"}]},{"@type":"WebSite","@id":"https:\/\/openculturalcenter.org\/#website","url":"https:\/\/openculturalcenter.org\/","name":"Centre culturel ouvert","description":"Culture sans fronti\u00e8res","publisher":{"@id":"https:\/\/openculturalcenter.org\/#organization"},"potentialAction":[{"@type":"SearchAction","target":{"@type":"EntryPoint","urlTemplate":"https:\/\/openculturalcenter.org\/?s={search_term_string}"},"query-input":{"@type":"PropertyValueSpecification","valueRequired":true,"valueName":"search_term_string"}}],"inLanguage":"fr-FR"},{"@type":"Organization","@id":"https:\/\/openculturalcenter.org\/#organization","name":"Centre culturel ouvert","url":"https:\/\/openculturalcenter.org\/","logo":{"@type":"ImageObject","inLanguage":"fr-FR","@id":"https:\/\/openculturalcenter.org\/#\/schema\/logo\/image\/","url":"https:\/\/occ.vsgconsulting.eu\/wp-content\/uploads\/2025\/03\/Cobranding-OCC-RW-Logos-1.png","contentUrl":"https:\/\/occ.vsgconsulting.eu\/wp-content\/uploads\/2025\/03\/Cobranding-OCC-RW-Logos-1.png","width":1768,"height":478,"caption":"Open Cultural Center"},"image":{"@id":"https:\/\/openculturalcenter.org\/#\/schema\/logo\/image\/"},"sameAs":["https:\/\/www.facebook.com\/OpenCulturalCenter","https:\/\/x.com\/OCC_Project"]}]}},"_links":{"self":[{"href":"https:\/\/occ.vsgconsulting.eu\/fr\/wp-json\/wp\/v2\/pages\/11839","targetHints":{"allow":["GET"]}}],"collection":[{"href":"https:\/\/occ.vsgconsulting.eu\/fr\/wp-json\/wp\/v2\/pages"}],"about":[{"href":"https:\/\/occ.vsgconsulting.eu\/fr\/wp-json\/wp\/v2\/types\/page"}],"author":[{"embeddable":true,"href":"https:\/\/occ.vsgconsulting.eu\/fr\/wp-json\/wp\/v2\/users\/47"}],"replies":[{"embeddable":true,"href":"https:\/\/occ.vsgconsulting.eu\/fr\/wp-json\/wp\/v2\/comments?post=11839"}],"version-history":[{"count":9,"href":"https:\/\/occ.vsgconsulting.eu\/fr\/wp-json\/wp\/v2\/pages\/11839\/revisions"}],"predecessor-version":[{"id":15481,"href":"https:\/\/occ.vsgconsulting.eu\/fr\/wp-json\/wp\/v2\/pages\/11839\/revisions\/15481"}],"wp:featuredmedia":[{"embeddable":true,"href":"https:\/\/occ.vsgconsulting.eu\/fr\/wp-json\/wp\/v2\/media\/14545"}],"wp:attachment":[{"href":"https:\/\/occ.vsgconsulting.eu\/fr\/wp-json\/wp\/v2\/media?parent=11839"}],"curies":[{"name":"wp","href":"https:\/\/api.w.org\/{rel}","templated":true}]}}