{"id":10150,"date":"2021-08-17T12:27:13","date_gmt":"2021-08-17T12:27:13","guid":{"rendered":"https:\/\/occ.vsgconsulting.eu\/?page_id=10150"},"modified":"2025-03-13T10:44:19","modified_gmt":"2025-03-13T10:44:19","slug":"csr","status":"publish","type":"page","link":"https:\/\/occ.vsgconsulting.eu\/fr\/csr\/","title":{"rendered":"Responsabilit\u00e9 sociale des entreprises"},"content":{"rendered":"<div id=\"wp-block-themeisle-blocks-advanced-columns-9a72e7c1\" class=\"wp-block-themeisle-blocks-advanced-columns has-2-columns has-desktop-equal-layout has-tablet-equal-layout has-mobile-collapsedRows-layout has-vertical-unset has-default-gap\"><div class=\"wp-block-themeisle-blocks-advanced-columns-overlay\"><\/div><div class=\"innerblocks-wrap\">\n<div id=\"wp-block-themeisle-blocks-advanced-column-7e18186b\" class=\"wp-block-themeisle-blocks-advanced-column has-light-bg\">\n<h3 class=\"wp-block-heading has-text-align-center has-white-color has-text-color\"><mark style=\"background-color:rgba(0, 0, 0, 0)\" class=\"has-inline-color has-white-color\">Pourquoi la RSE ?<\/mark><\/h3>\n\n\n\n<p class=\"has-text-align-center has-white-color has-text-color\">Il devient de plus en plus important de penser non seulement aux b\u00e9n\u00e9fices de l&#039;entreprise, mais aussi \u00e0 la fa\u00e7on dont une entreprise peut r\u00e9aliser des b\u00e9n\u00e9fices.&nbsp;<strong>un impact social positif dans la soci\u00e9t\u00e9.<\/strong><\/p>\n\n\n\n<p class=\"has-text-align-center has-white-color has-text-color\">En \u00e9tant un&nbsp;<strong>entreprise socialement responsable<\/strong>, de nombreux avantages en d\u00e9coulent. Ceci est \u00e9galement compris comme&nbsp;<strong>Valeur partag\u00e9e<\/strong>: obtenir un avantage comp\u00e9titif tout en renfor\u00e7ant les communaut\u00e9s vuln\u00e9rables en Espagne ou en Gr\u00e8ce.<\/p>\n\n\n\n<figure class=\"wp-block-image size-large is-style-default\"><img loading=\"lazy\" decoding=\"async\" width=\"1024\" height=\"576\" src=\"https:\/\/occ.vsgconsulting.eu\/wp-content\/uploads\/2021\/05\/bici_3occ-1024x576.jpg\" alt=\"\" class=\"wp-image-9898\" srcset=\"https:\/\/occ.vsgconsulting.eu\/wp-content\/uploads\/2021\/05\/bici_3occ-1024x576.jpg 1024w, https:\/\/occ.vsgconsulting.eu\/wp-content\/uploads\/2021\/05\/bici_3occ-300x169.jpg 300w, https:\/\/occ.vsgconsulting.eu\/wp-content\/uploads\/2021\/05\/bici_3occ-768x432.jpg 768w, https:\/\/occ.vsgconsulting.eu\/wp-content\/uploads\/2021\/05\/bici_3occ-1536x864.jpg 1536w, https:\/\/occ.vsgconsulting.eu\/wp-content\/uploads\/2021\/05\/bici_3occ-16x9.jpg 16w, https:\/\/occ.vsgconsulting.eu\/wp-content\/uploads\/2021\/05\/bici_3occ-350x196.jpg 350w, https:\/\/occ.vsgconsulting.eu\/wp-content\/uploads\/2021\/05\/bici_3occ-600x338.jpg 600w, https:\/\/occ.vsgconsulting.eu\/wp-content\/uploads\/2021\/05\/bici_3occ.jpg 1920w\" sizes=\"auto, (max-width: 1024px) 100vw, 1024px\" \/><\/figure>\n<\/div>\n\n\n\n<div id=\"wp-block-themeisle-blocks-advanced-column-0d20a2e9\" class=\"wp-block-themeisle-blocks-advanced-column has-light-bg\">\n<h3 class=\"wp-block-heading has-text-align-center has-white-color has-text-color\"><mark style=\"background-color:rgba(0, 0, 0, 0)\" class=\"has-inline-color has-white-color\">Comment?<\/mark><\/h3>\n\n\n\n<p class=\"has-text-align-center has-white-color has-text-color\">Il existe deux mani\u00e8res de s&#039;impliquer en tant que partenaire RSE officiel de MigraCode : en&nbsp;<strong>en embauchant nos b\u00e9n\u00e9ficiaires et en finan\u00e7ant nos programmes\/activit\u00e9s.<\/strong><\/p>\n\n\n\n<p class=\"has-text-align-center has-white-color has-text-color\">Sur cette page sp\u00e9cifique, vous pouvez d\u00e9couvrir comment et pourquoi devenir partenaire officiel de responsabilit\u00e9 sociale d&#039;entreprise de Open Cultural Center et utiliser tous les&nbsp;<strong>avantages d\u2019un programme RSE r\u00e9ussi.<\/strong><\/p>\n\n\n\n<figure class=\"wp-block-image size-large\"><img loading=\"lazy\" decoding=\"async\" width=\"1024\" height=\"576\" src=\"https:\/\/occ.vsgconsulting.eu\/wp-content\/uploads\/2021\/05\/classesocc-1024x576.jpg\" alt=\"\" class=\"wp-image-9900\" srcset=\"https:\/\/occ.vsgconsulting.eu\/wp-content\/uploads\/2021\/05\/classesocc-1024x576.jpg 1024w, https:\/\/occ.vsgconsulting.eu\/wp-content\/uploads\/2021\/05\/classesocc-300x169.jpg 300w, https:\/\/occ.vsgconsulting.eu\/wp-content\/uploads\/2021\/05\/classesocc-768x432.jpg 768w, https:\/\/occ.vsgconsulting.eu\/wp-content\/uploads\/2021\/05\/classesocc-1536x864.jpg 1536w, https:\/\/occ.vsgconsulting.eu\/wp-content\/uploads\/2021\/05\/classesocc-16x9.jpg 16w, https:\/\/occ.vsgconsulting.eu\/wp-content\/uploads\/2021\/05\/classesocc-350x196.jpg 350w, https:\/\/occ.vsgconsulting.eu\/wp-content\/uploads\/2021\/05\/classesocc-600x338.jpg 600w, https:\/\/occ.vsgconsulting.eu\/wp-content\/uploads\/2021\/05\/classesocc.jpg 1920w\" sizes=\"auto, (max-width: 1024px) 100vw, 1024px\" \/><\/figure>\n<\/div>\n<\/div><\/div>\n\n\n\n<h3 class=\"wp-block-heading has-text-align-center\">Quelle est la valeur partag\u00e9e pour votre entreprise ?<\/h3>\n\n\n\n<p class=\"has-text-align-center\">Selon le niveau de votre implication, de nombreux avantages en d\u00e9coulent pour votre organisation et d\u00e9montrent aux partenaires et \u00e0 la concurrence comment votre organisation a un impact social positif.<\/p>\n\n\n\n<div style=\"height:30px\" aria-hidden=\"true\" class=\"wp-block-spacer\"><\/div>\n\n\n\n<div class=\"wp-block-columns are-vertically-aligned-center is-layout-flex wp-container-core-columns-is-layout-9d6595d7 wp-block-columns-is-layout-flex\">\n<div class=\"wp-block-column is-vertically-aligned-center is-layout-flow wp-block-column-is-layout-flow\">\n<div class=\"wp-block-columns are-vertically-aligned-center is-layout-flex wp-container-core-columns-is-layout-9d6595d7 wp-block-columns-is-layout-flex\">\n<div class=\"wp-block-column is-vertically-aligned-center is-layout-flow wp-block-column-is-layout-flow\" style=\"flex-basis:33.33%\">\n<div id=\"wp-block-themeisle-blocks-font-awesome-icons-4828e92f\" class=\"wp-block-themeisle-blocks-font-awesome-icons\"><span class=\"wp-block-themeisle-blocks-font-awesome-icons-container\"><i class=\"fas fa-check-square\"><\/i><\/span><\/div>\n<\/div>\n\n\n\n<div class=\"wp-block-column is-vertically-aligned-center is-layout-flow wp-block-column-is-layout-flow\" style=\"flex-basis:66.66%\">\n<p class=\"has-text-align-center\">S\u00e9lection pr\u00e9-embauche de nos b\u00e9n\u00e9ficiaires<\/p>\n<\/div>\n<\/div>\n\n\n\n<div class=\"wp-block-columns are-vertically-aligned-center is-layout-flex wp-container-core-columns-is-layout-9d6595d7 wp-block-columns-is-layout-flex\">\n<div class=\"wp-block-column is-vertically-aligned-center is-layout-flow wp-block-column-is-layout-flow\" style=\"flex-basis:33.33%\">\n<div id=\"wp-block-themeisle-blocks-font-awesome-icons-f1d28824\" class=\"wp-block-themeisle-blocks-font-awesome-icons\"><span class=\"wp-block-themeisle-blocks-font-awesome-icons-container\"><i class=\"fas fa-check-square\"><\/i><\/span><\/div>\n<\/div>\n\n\n\n<div class=\"wp-block-column is-vertically-aligned-center is-layout-flow wp-block-column-is-layout-flow\" style=\"flex-basis:66.66%\">\n<p class=\"has-text-align-center\">Diffusion r\u00e9guli\u00e8re sur les r\u00e9seaux sociaux<\/p>\n<\/div>\n<\/div>\n\n\n\n<div class=\"wp-block-columns are-vertically-aligned-center is-layout-flex wp-container-core-columns-is-layout-9d6595d7 wp-block-columns-is-layout-flex\">\n<div class=\"wp-block-column is-vertically-aligned-center is-layout-flow wp-block-column-is-layout-flow\" style=\"flex-basis:33.33%\">\n<div id=\"wp-block-themeisle-blocks-font-awesome-icons-7ad31005\" class=\"wp-block-themeisle-blocks-font-awesome-icons\"><span class=\"wp-block-themeisle-blocks-font-awesome-icons-container\"><i class=\"fas fa-check-square\"><\/i><\/span><\/div>\n<\/div>\n\n\n\n<div class=\"wp-block-column is-vertically-aligned-center is-layout-flow wp-block-column-is-layout-flow\" style=\"flex-basis:66.66%\">\n<p class=\"has-text-align-center\">Influence sur nos programmes<\/p>\n<\/div>\n<\/div>\n\n\n\n<div class=\"wp-block-columns are-vertically-aligned-center is-layout-flex wp-container-core-columns-is-layout-9d6595d7 wp-block-columns-is-layout-flex\">\n<div class=\"wp-block-column is-vertically-aligned-center is-layout-flow wp-block-column-is-layout-flow\" style=\"flex-basis:33.33%\">\n<div id=\"wp-block-themeisle-blocks-font-awesome-icons-cf30d1d1\" class=\"wp-block-themeisle-blocks-font-awesome-icons\"><span class=\"wp-block-themeisle-blocks-font-awesome-icons-container\"><i class=\"fas fa-check-square\"><\/i><\/span><\/div>\n<\/div>\n\n\n\n<div class=\"wp-block-column is-vertically-aligned-center is-layout-flow wp-block-column-is-layout-flow\" style=\"flex-basis:66.66%\">\n<p class=\"has-text-align-center\">Nom de l&#039;entreprise utilis\u00e9 exclusivement pour les activit\u00e9s\/projets sponsoris\u00e9s<\/p>\n<\/div>\n<\/div>\n\n\n\n<div class=\"wp-block-columns are-vertically-aligned-center is-layout-flex wp-container-core-columns-is-layout-9d6595d7 wp-block-columns-is-layout-flex\">\n<div class=\"wp-block-column is-vertically-aligned-center is-layout-flow wp-block-column-is-layout-flow\" style=\"flex-basis:33.33%\">\n<div id=\"wp-block-themeisle-blocks-font-awesome-icons-21e65b81\" class=\"wp-block-themeisle-blocks-font-awesome-icons\"><span class=\"wp-block-themeisle-blocks-font-awesome-icons-container\"><i class=\"fas fa-check-square\"><\/i><\/span><\/div>\n<\/div>\n\n\n\n<div class=\"wp-block-column is-vertically-aligned-center is-layout-flow wp-block-column-is-layout-flow\" style=\"flex-basis:66.66%\">\n<p class=\"has-text-align-center\">Page d\u00e9sign\u00e9e sur notre site Web concernant la collaboration<\/p>\n<\/div>\n<\/div>\n<\/div>\n\n\n\n<div class=\"wp-block-column is-vertically-aligned-center is-layout-flow wp-block-column-is-layout-flow\">\n<figure class=\"wp-block-image\"><img decoding=\"async\" src=\"http:\/\/migracode.occ.vsgconsulting.eu\/wp-content\/uploads\/2020\/10\/social.png\" alt=\"\"\/><\/figure>\n<\/div>\n<\/div>\n\n\n\n<h3 class=\"wp-block-heading has-text-align-center\">Qui nous a d\u00e9j\u00e0 fait confiance \u00e0 travers notre programme MigraCode ?<\/h3>\n\n\n\n<p class=\"has-text-align-center\">Gr\u00e2ce \u00e0 notre <a href=\"https:\/\/www.migracode.occ.vsgconsulting.eu\" target=\"_blank\" rel=\"noreferrer noopener\">Programme MigraCode Barcelone<\/a> \u2013 une acad\u00e9mie technologique pour les r\u00e9fugi\u00e9s et les migrants \u2013 nous avons d\u00e9j\u00e0 cr\u00e9\u00e9 et d\u00e9velopp\u00e9 avec succ\u00e8s des partenariats RSE avec diverses entreprises partenaires du secteur technologique, comme vous pouvez le voir ci-dessous.<\/p>\n\n\n\n<div class=\"wp-block-columns are-vertically-aligned-center is-layout-flex wp-container-core-columns-is-layout-9d6595d7 wp-block-columns-is-layout-flex\">\n<div class=\"wp-block-column is-vertically-aligned-center is-layout-flow wp-block-column-is-layout-flow\">\n<figure class=\"wp-block-image\"><img decoding=\"async\" src=\"http:\/\/migracode.occ.vsgconsulting.eu\/wp-content\/uploads\/2020\/12\/adaptive-1024x228.png\" alt=\"\"\/><\/figure>\n<\/div>\n\n\n\n<div class=\"wp-block-column is-vertically-aligned-center is-layout-flow wp-block-column-is-layout-flow\">\n<figure class=\"wp-block-image\"><img decoding=\"async\" src=\"https:\/\/migracode.occ.vsgconsulting.eu\/wp-content\/uploads\/2020\/12\/glovologo.jpg\" alt=\"\"\/><\/figure>\n<\/div>\n\n\n\n<div class=\"wp-block-column is-vertically-aligned-center is-layout-flow wp-block-column-is-layout-flow\">\n<figure class=\"wp-block-image\"><img decoding=\"async\" src=\"https:\/\/migracode.occ.vsgconsulting.eu\/wp-content\/uploads\/2020\/12\/Lenovo_logo-1024x215.png\" alt=\"\"\/><\/figure>\n<\/div>\n<\/div>\n\n\n\n<div class=\"wp-block-buttons is-horizontal is-content-justification-center is-layout-flex wp-container-core-buttons-is-layout-499968f5 wp-block-buttons-is-layout-flex\">\n<div class=\"wp-block-button\"><a class=\"wp-block-button__link has-background wp-element-button\" href=\"https:\/\/migracode.occ.vsgconsulting.eu\/corporate-partners\/\" style=\"background-color:#15d4be\" target=\"_blank\" rel=\"noreferrer noopener\">D\u00e9couvrez plus de nos partenaires MigraCode<\/a><\/div>\n<\/div>\n\n\n\n<div style=\"height:59px\" aria-hidden=\"true\" class=\"wp-block-spacer\"><\/div>\n\n\n\n<div class=\"wp-block-columns are-vertically-aligned-center is-layout-flex wp-container-core-columns-is-layout-9d6595d7 wp-block-columns-is-layout-flex\">\n<div class=\"wp-block-column is-vertically-aligned-center is-layout-flow wp-block-column-is-layout-flow\">\n<h3 class=\"wp-block-heading has-text-align-center\">Lenovo et MigraCode<\/h3>\n\n\n\n<div style=\"height:20px\" aria-hidden=\"true\" class=\"wp-block-spacer\"><\/div>\n\n\n\n<div id=\"wp-block-themeisle-blocks-font-awesome-icons-cbbe88b5\" class=\"wp-block-themeisle-blocks-font-awesome-icons\"><span class=\"wp-block-themeisle-blocks-font-awesome-icons-container\"><i class=\"fas fa-quote-left\"><\/i><\/span><\/div>\n\n\n\n<p class=\"has-text-align-center\"><em>\u00ab Migracode est un parfait exemple de technologie plus intelligente pour tous. Nous pensons que nous avons la responsabilit\u00e9 de garantir un acc\u00e8s \u00e9quitable \u00e0 la technologie, car lorsque la technologie, l\u2019innovation et les opportunit\u00e9s sont accessibles \u00e0 un plus grand nombre de personnes, des communaut\u00e9s enti\u00e8res b\u00e9n\u00e9ficient des solutions et des am\u00e9liorations qui \u00e9mergent. Nous sommes tr\u00e8s fiers de nous associer \u00e0 Migracode et esp\u00e9rons que notre technologie pourra jouer un r\u00f4le modeste mais direct dans l&#039;avenir de ces \u00e9tudiants.<\/em><\/p>\n\n\n\n<div id=\"wp-block-themeisle-blocks-font-awesome-icons-8c9860b5\" class=\"wp-block-themeisle-blocks-font-awesome-icons\"><span class=\"wp-block-themeisle-blocks-font-awesome-icons-container\"><i class=\"fas fa-quote-right\"><\/i><\/span><\/div>\n\n\n\n<p class=\"has-text-align-center\"><strong>Monica Hauser Wolff, directrice de la Fondation Lenovo<\/strong><\/p>\n\n\n\n<div class=\"wp-block-buttons is-horizontal is-content-justification-center is-layout-flex wp-container-core-buttons-is-layout-499968f5 wp-block-buttons-is-layout-flex\">\n<div class=\"wp-block-button\"><a class=\"wp-block-button__link has-background wp-element-button\" href=\"https:\/\/news.lenovo.com\/barcelona-migracode-opens-technology-careers-migrant-refugee\/\" style=\"background-color:#15d4be\" target=\"_blank\" rel=\"noreferrer noopener\">MigraCode sur le StoryHub de Lenovo<\/a><\/div>\n<\/div>\n<\/div>\n\n\n\n<div class=\"wp-block-column is-vertically-aligned-center is-layout-flow wp-block-column-is-layout-flow\">\n<figure class=\"wp-block-image size-full is-style-rounded\"><img loading=\"lazy\" decoding=\"async\" width=\"960\" height=\"540\" src=\"https:\/\/occ.vsgconsulting.eu\/wp-content\/uploads\/2021\/04\/P1010725migracode.jpg\" alt=\"\" class=\"wp-image-9406\" srcset=\"https:\/\/occ.vsgconsulting.eu\/wp-content\/uploads\/2021\/04\/P1010725migracode.jpg 960w, https:\/\/occ.vsgconsulting.eu\/wp-content\/uploads\/2021\/04\/P1010725migracode-300x169.jpg 300w, https:\/\/occ.vsgconsulting.eu\/wp-content\/uploads\/2021\/04\/P1010725migracode-768x432.jpg 768w, https:\/\/occ.vsgconsulting.eu\/wp-content\/uploads\/2021\/04\/P1010725migracode-16x9.jpg 16w, https:\/\/occ.vsgconsulting.eu\/wp-content\/uploads\/2021\/04\/P1010725migracode-350x196.jpg 350w, https:\/\/occ.vsgconsulting.eu\/wp-content\/uploads\/2021\/04\/P1010725migracode-600x338.jpg 600w\" sizes=\"auto, (max-width: 960px) 100vw, 960px\" \/><\/figure>\n<\/div>\n<\/div>\n\n\n\n<div style=\"height:48px\" aria-hidden=\"true\" class=\"wp-block-spacer\"><\/div>\n\n\n\n<h4 class=\"wp-block-heading has-text-align-center\">Vous souhaitez lancer ou am\u00e9liorer votre programme de responsabilit\u00e9 sociale des entreprises ? Remplissez le formulaire ci-dessous pour nous permettre de vous contacter, et nous vous r\u00e9pondrons dans les plus brefs d\u00e9lais.<\/h4>\n\n\n<div class=\"\"><div class='_form_78'><\/div><script type='text\/javascript' src='https:\/\/openculturalcenter.activehosted.com\/f\/embed.php?static=0&id=78&69E21028C760B&nostyles=0&preview=0'><\/script><\/div>\n\n\n<p><\/p>\n\n\n\n<p><\/p>\n\n\n\n<div class=\"wp-block-buttons is-horizontal is-content-justification-center is-layout-flex wp-container-core-buttons-is-layout-499968f5 wp-block-buttons-is-layout-flex\"><\/div>","protected":false},"excerpt":{"rendered":"<p>En \u00e9tant une entreprise socialement responsable, de nombreux avantages en d\u00e9coulent. Ceci est \u00e9galement compris comme une valeur partag\u00e9e : obtenir un avantage concurrentiel tout en renfor\u00e7ant les communaut\u00e9s vuln\u00e9rables en Espagne ou en Gr\u00e8ce.<\/p>","protected":false},"author":1,"featured_media":9900,"parent":0,"menu_order":0,"comment_status":"closed","ping_status":"closed","template":"","meta":{"_themeisle_gutenberg_block_has_review":false,"footnotes":""},"class_list":["post-10150","page","type-page","status-publish","has-post-thumbnail","hentry","latest_post"],"yoast_head":"<!-- This site is optimized with the Yoast SEO plugin v27.4 - https:\/\/yoast.com\/product\/yoast-seo-wordpress\/ -->\n<title>Corporate Social Responsibility - Open Cultural Center<\/title>\n<meta name=\"robots\" content=\"index, follow, max-snippet:-1, max-image-preview:large, max-video-preview:-1\" \/>\n<link rel=\"canonical\" href=\"https:\/\/openculturalcenter.org\/csr\/\" \/>\n<meta property=\"og:locale\" content=\"fr_FR\" \/>\n<meta property=\"og:type\" content=\"article\" \/>\n<meta property=\"og:title\" content=\"Corporate Social Responsibility - Open Cultural Center\" \/>\n<meta property=\"og:description\" content=\"By being a\u00a0socially responsible company, many benefits arise. This is also understood as\u00a0Shared Value: gaining competitive advantage while strengthening vulnerable communities in Spain or Greece.\" \/>\n<meta property=\"og:url\" content=\"https:\/\/openculturalcenter.org\/csr\/\" \/>\n<meta property=\"og:site_name\" content=\"Open Cultural Center\" \/>\n<meta property=\"article:publisher\" content=\"https:\/\/www.facebook.com\/OpenCulturalCenter\" \/>\n<meta property=\"article:modified_time\" content=\"2025-03-13T10:44:19+00:00\" \/>\n<meta property=\"og:image\" content=\"https:\/\/openculturalcenter.org\/wp-content\/uploads\/2021\/05\/classesocc.jpg\" \/>\n\t<meta property=\"og:image:width\" content=\"1920\" \/>\n\t<meta property=\"og:image:height\" content=\"1080\" \/>\n\t<meta property=\"og:image:type\" content=\"image\/jpeg\" \/>\n<meta name=\"twitter:card\" content=\"summary_large_image\" \/>\n<meta name=\"twitter:site\" content=\"@OCC_Project\" \/>\n<meta name=\"twitter:label1\" content=\"Dur\u00e9e de lecture estim\u00e9e\" \/>\n\t<meta name=\"twitter:data1\" content=\"4 minutes\" \/>\n<script type=\"application\/ld+json\" class=\"yoast-schema-graph\">{\"@context\":\"https:\\\/\\\/schema.org\",\"@graph\":[{\"@type\":\"WebPage\",\"@id\":\"https:\\\/\\\/openculturalcenter.org\\\/csr\\\/\",\"url\":\"https:\\\/\\\/openculturalcenter.org\\\/csr\\\/\",\"name\":\"Corporate Social Responsibility - Open Cultural Center\",\"isPartOf\":{\"@id\":\"https:\\\/\\\/openculturalcenter.org\\\/#website\"},\"primaryImageOfPage\":{\"@id\":\"https:\\\/\\\/openculturalcenter.org\\\/csr\\\/#primaryimage\"},\"image\":{\"@id\":\"https:\\\/\\\/openculturalcenter.org\\\/csr\\\/#primaryimage\"},\"thumbnailUrl\":\"https:\\\/\\\/occ.vsgconsulting.eu\\\/wp-content\\\/uploads\\\/2021\\\/05\\\/classesocc.jpg\",\"datePublished\":\"2021-08-17T12:27:13+00:00\",\"dateModified\":\"2025-03-13T10:44:19+00:00\",\"breadcrumb\":{\"@id\":\"https:\\\/\\\/openculturalcenter.org\\\/csr\\\/#breadcrumb\"},\"inLanguage\":\"fr-FR\",\"potentialAction\":[{\"@type\":\"ReadAction\",\"target\":[\"https:\\\/\\\/openculturalcenter.org\\\/csr\\\/\"]}]},{\"@type\":\"ImageObject\",\"inLanguage\":\"fr-FR\",\"@id\":\"https:\\\/\\\/openculturalcenter.org\\\/csr\\\/#primaryimage\",\"url\":\"https:\\\/\\\/occ.vsgconsulting.eu\\\/wp-content\\\/uploads\\\/2021\\\/05\\\/classesocc.jpg\",\"contentUrl\":\"https:\\\/\\\/occ.vsgconsulting.eu\\\/wp-content\\\/uploads\\\/2021\\\/05\\\/classesocc.jpg\",\"width\":1920,\"height\":1080},{\"@type\":\"BreadcrumbList\",\"@id\":\"https:\\\/\\\/openculturalcenter.org\\\/csr\\\/#breadcrumb\",\"itemListElement\":[{\"@type\":\"ListItem\",\"position\":1,\"name\":\"Home\",\"item\":\"https:\\\/\\\/openculturalcenter.org\\\/\"},{\"@type\":\"ListItem\",\"position\":2,\"name\":\"Corporate Social Responsibility\"}]},{\"@type\":\"WebSite\",\"@id\":\"https:\\\/\\\/openculturalcenter.org\\\/#website\",\"url\":\"https:\\\/\\\/openculturalcenter.org\\\/\",\"name\":\"Open Cultural Center\",\"description\":\"Culture Without Borders\",\"publisher\":{\"@id\":\"https:\\\/\\\/openculturalcenter.org\\\/#organization\"},\"potentialAction\":[{\"@type\":\"SearchAction\",\"target\":{\"@type\":\"EntryPoint\",\"urlTemplate\":\"https:\\\/\\\/openculturalcenter.org\\\/?s={search_term_string}\"},\"query-input\":{\"@type\":\"PropertyValueSpecification\",\"valueRequired\":true,\"valueName\":\"search_term_string\"}}],\"inLanguage\":\"fr-FR\"},{\"@type\":\"Organization\",\"@id\":\"https:\\\/\\\/openculturalcenter.org\\\/#organization\",\"name\":\"Open Cultural Center\",\"url\":\"https:\\\/\\\/openculturalcenter.org\\\/\",\"logo\":{\"@type\":\"ImageObject\",\"inLanguage\":\"fr-FR\",\"@id\":\"https:\\\/\\\/openculturalcenter.org\\\/#\\\/schema\\\/logo\\\/image\\\/\",\"url\":\"https:\\\/\\\/occ.vsgconsulting.eu\\\/wp-content\\\/uploads\\\/2025\\\/03\\\/Cobranding-OCC-RW-Logos-1.png\",\"contentUrl\":\"https:\\\/\\\/occ.vsgconsulting.eu\\\/wp-content\\\/uploads\\\/2025\\\/03\\\/Cobranding-OCC-RW-Logos-1.png\",\"width\":1768,\"height\":478,\"caption\":\"Open Cultural Center\"},\"image\":{\"@id\":\"https:\\\/\\\/openculturalcenter.org\\\/#\\\/schema\\\/logo\\\/image\\\/\"},\"sameAs\":[\"https:\\\/\\\/www.facebook.com\\\/OpenCulturalCenter\",\"https:\\\/\\\/x.com\\\/OCC_Project\"]}]}<\/script>\n<!-- \/ Yoast SEO plugin. -->","yoast_head_json":{"title":"Corporate Social Responsibility - Open Cultural Center","robots":{"index":"index","follow":"follow","max-snippet":"max-snippet:-1","max-image-preview":"max-image-preview:large","max-video-preview":"max-video-preview:-1"},"canonical":"https:\/\/openculturalcenter.org\/csr\/","og_locale":"fr_FR","og_type":"article","og_title":"Corporate Social Responsibility - Open Cultural Center","og_description":"By being a\u00a0socially responsible company, many benefits arise. This is also understood as\u00a0Shared Value: gaining competitive advantage while strengthening vulnerable communities in Spain or Greece.","og_url":"https:\/\/openculturalcenter.org\/csr\/","og_site_name":"Open Cultural Center","article_publisher":"https:\/\/www.facebook.com\/OpenCulturalCenter","article_modified_time":"2025-03-13T10:44:19+00:00","og_image":[{"width":1920,"height":1080,"url":"https:\/\/openculturalcenter.org\/wp-content\/uploads\/2021\/05\/classesocc.jpg","type":"image\/jpeg"}],"twitter_card":"summary_large_image","twitter_site":"@OCC_Project","twitter_misc":{"Dur\u00e9e de lecture estim\u00e9e":"4 minutes"},"schema":{"@context":"https:\/\/schema.org","@graph":[{"@type":"WebPage","@id":"https:\/\/openculturalcenter.org\/csr\/","url":"https:\/\/openculturalcenter.org\/csr\/","name":"Corporate Social Responsibility - Open Cultural Center","isPartOf":{"@id":"https:\/\/openculturalcenter.org\/#website"},"primaryImageOfPage":{"@id":"https:\/\/openculturalcenter.org\/csr\/#primaryimage"},"image":{"@id":"https:\/\/openculturalcenter.org\/csr\/#primaryimage"},"thumbnailUrl":"https:\/\/occ.vsgconsulting.eu\/wp-content\/uploads\/2021\/05\/classesocc.jpg","datePublished":"2021-08-17T12:27:13+00:00","dateModified":"2025-03-13T10:44:19+00:00","breadcrumb":{"@id":"https:\/\/openculturalcenter.org\/csr\/#breadcrumb"},"inLanguage":"fr-FR","potentialAction":[{"@type":"ReadAction","target":["https:\/\/openculturalcenter.org\/csr\/"]}]},{"@type":"ImageObject","inLanguage":"fr-FR","@id":"https:\/\/openculturalcenter.org\/csr\/#primaryimage","url":"https:\/\/occ.vsgconsulting.eu\/wp-content\/uploads\/2021\/05\/classesocc.jpg","contentUrl":"https:\/\/occ.vsgconsulting.eu\/wp-content\/uploads\/2021\/05\/classesocc.jpg","width":1920,"height":1080},{"@type":"BreadcrumbList","@id":"https:\/\/openculturalcenter.org\/csr\/#breadcrumb","itemListElement":[{"@type":"ListItem","position":1,"name":"Home","item":"https:\/\/openculturalcenter.org\/"},{"@type":"ListItem","position":2,"name":"Corporate Social Responsibility"}]},{"@type":"WebSite","@id":"https:\/\/openculturalcenter.org\/#website","url":"https:\/\/openculturalcenter.org\/","name":"Centre culturel ouvert","description":"Culture sans fronti\u00e8res","publisher":{"@id":"https:\/\/openculturalcenter.org\/#organization"},"potentialAction":[{"@type":"SearchAction","target":{"@type":"EntryPoint","urlTemplate":"https:\/\/openculturalcenter.org\/?s={search_term_string}"},"query-input":{"@type":"PropertyValueSpecification","valueRequired":true,"valueName":"search_term_string"}}],"inLanguage":"fr-FR"},{"@type":"Organization","@id":"https:\/\/openculturalcenter.org\/#organization","name":"Centre culturel ouvert","url":"https:\/\/openculturalcenter.org\/","logo":{"@type":"ImageObject","inLanguage":"fr-FR","@id":"https:\/\/openculturalcenter.org\/#\/schema\/logo\/image\/","url":"https:\/\/occ.vsgconsulting.eu\/wp-content\/uploads\/2025\/03\/Cobranding-OCC-RW-Logos-1.png","contentUrl":"https:\/\/occ.vsgconsulting.eu\/wp-content\/uploads\/2025\/03\/Cobranding-OCC-RW-Logos-1.png","width":1768,"height":478,"caption":"Open Cultural Center"},"image":{"@id":"https:\/\/openculturalcenter.org\/#\/schema\/logo\/image\/"},"sameAs":["https:\/\/www.facebook.com\/OpenCulturalCenter","https:\/\/x.com\/OCC_Project"]}]}},"_links":{"self":[{"href":"https:\/\/occ.vsgconsulting.eu\/fr\/wp-json\/wp\/v2\/pages\/10150","targetHints":{"allow":["GET"]}}],"collection":[{"href":"https:\/\/occ.vsgconsulting.eu\/fr\/wp-json\/wp\/v2\/pages"}],"about":[{"href":"https:\/\/occ.vsgconsulting.eu\/fr\/wp-json\/wp\/v2\/types\/page"}],"author":[{"embeddable":true,"href":"https:\/\/occ.vsgconsulting.eu\/fr\/wp-json\/wp\/v2\/users\/1"}],"replies":[{"embeddable":true,"href":"https:\/\/occ.vsgconsulting.eu\/fr\/wp-json\/wp\/v2\/comments?post=10150"}],"version-history":[{"count":30,"href":"https:\/\/occ.vsgconsulting.eu\/fr\/wp-json\/wp\/v2\/pages\/10150\/revisions"}],"predecessor-version":[{"id":15063,"href":"https:\/\/occ.vsgconsulting.eu\/fr\/wp-json\/wp\/v2\/pages\/10150\/revisions\/15063"}],"wp:featuredmedia":[{"embeddable":true,"href":"https:\/\/occ.vsgconsulting.eu\/fr\/wp-json\/wp\/v2\/media\/9900"}],"wp:attachment":[{"href":"https:\/\/occ.vsgconsulting.eu\/fr\/wp-json\/wp\/v2\/media?parent=10150"}],"curies":[{"name":"wp","href":"https:\/\/api.w.org\/{rel}","templated":true}]}}