{"id":13617,"date":"2024-04-29T11:48:41","date_gmt":"2024-04-29T11:48:41","guid":{"rendered":"https:\/\/occ.vsgconsulting.eu\/?page_id=13617"},"modified":"2025-11-26T12:23:04","modified_gmt":"2025-11-26T12:23:04","slug":"jobs","status":"publish","type":"page","link":"https:\/\/occ.vsgconsulting.eu\/es\/jobs\/","title":{"rendered":"Empleo"},"content":{"rendered":"<div id=\"wp-block-themeisle-blocks-advanced-columns-be2a210c\" class=\"wp-block-themeisle-blocks-advanced-columns has-2-columns has-desktop-oneTwo-layout has-tablet-equal-layout has-mobile-collapsedRows-layout has-vertical-unset\"><div class=\"wp-block-themeisle-blocks-advanced-columns-overlay\"><\/div><div class=\"innerblocks-wrap\">\n<div id=\"wp-block-themeisle-blocks-advanced-column-5bdab864\" class=\"wp-block-themeisle-blocks-advanced-column\">\n<figure class=\"wp-block-gallery has-nested-images columns-default is-cropped wp-block-gallery-1 is-layout-flex wp-block-gallery-is-layout-flex\">\n<figure class=\"wp-block-image size-full\"><img loading=\"lazy\" decoding=\"async\" width=\"1024\" height=\"768\" data-id=\"14894\" src=\"https:\/\/occ.vsgconsulting.eu\/wp-content\/uploads\/2025\/02\/CROIX-ROUGE-FR-PRESS-RELEASE.jpg\" alt=\"\" class=\"wp-image-14894\" srcset=\"https:\/\/occ.vsgconsulting.eu\/wp-content\/uploads\/2025\/02\/CROIX-ROUGE-FR-PRESS-RELEASE.jpg 1024w, https:\/\/occ.vsgconsulting.eu\/wp-content\/uploads\/2025\/02\/CROIX-ROUGE-FR-PRESS-RELEASE-300x225.jpg 300w, https:\/\/occ.vsgconsulting.eu\/wp-content\/uploads\/2025\/02\/CROIX-ROUGE-FR-PRESS-RELEASE-768x576.jpg 768w, https:\/\/occ.vsgconsulting.eu\/wp-content\/uploads\/2025\/02\/CROIX-ROUGE-FR-PRESS-RELEASE-16x12.jpg 16w\" sizes=\"auto, (max-width: 1024px) 100vw, 1024px\" \/><\/figure>\n<\/figure>\n<\/div>\n\n\n\n<div id=\"wp-block-themeisle-blocks-advanced-column-60f2cbad\" class=\"wp-block-themeisle-blocks-advanced-column\">\n<h3 class=\"wp-block-heading\"><strong><strong><a href=\"https:\/\/occ.vsgconsulting.eu\/es\/estamos-contratando-profesor-a-de-catala\/\">Profesor\/a de catal\u00e0<\/a><\/strong><\/strong><\/h3>\n\n\n\n<p>Tens formaci\u00f3 i\/o experi\u00e8ncia ensenyant catal\u00e0? Vols treballar en un entorn multicultural a Barcelona? Uneix-te a l\u2019equip d\u2019Open Cultural Center, una entitat sense \u00e0nim de lucre que dona suport a la integraci\u00f3 social i professional de persones migrants i refugiades a Catalunya i Gr\u00e8cia.<\/p>\n<\/div>\n<\/div><\/div>\n\n\n\n<div style=\"height:45px\" aria-hidden=\"true\" class=\"wp-block-spacer\"><\/div>\n\n\n\n<hr class=\"wp-block-separator has-alpha-channel-opacity has-very-light-gray-to-cyan-bluish-gray-gradient-background has-background is-style-dots\"\/>\n\n\n\n<p>Please keep an eye on this page and follow us on <a href=\"https:\/\/www.linkedin.com\/company\/open-cultural-center\/?viewAsMember=true\">LinkedIn <\/a>to be informed of any new job openings. <\/p>\n\n\n\n<p><\/p>","protected":false},"excerpt":{"rendered":"<p>Please keep an eye on this page and follow us on LinkedIn to be informed of any new job openings.<\/p>","protected":false},"author":51,"featured_media":0,"parent":0,"menu_order":0,"comment_status":"closed","ping_status":"closed","template":"","meta":{"_themeisle_gutenberg_block_has_review":false,"footnotes":""},"class_list":["post-13617","page","type-page","status-publish","hentry","latest_post"],"yoast_head":"<!-- This site is optimized with the Yoast SEO plugin v27.3 - https:\/\/yoast.com\/product\/yoast-seo-wordpress\/ -->\n<title>Jobs - Open Cultural Center<\/title>\n<meta name=\"description\" content=\"Join our teams in Spain and Greece and work to support the inclusion of migrant and refugee people.\" \/>\n<meta name=\"robots\" content=\"index, follow, max-snippet:-1, max-image-preview:large, max-video-preview:-1\" \/>\n<link rel=\"canonical\" href=\"https:\/\/openculturalcenter.org\/jobs\/\" \/>\n<meta property=\"og:locale\" content=\"es_ES\" \/>\n<meta property=\"og:type\" content=\"article\" \/>\n<meta property=\"og:title\" content=\"Jobs - Open Cultural Center\" \/>\n<meta property=\"og:description\" content=\"Join our teams in Spain and Greece and work to support the inclusion of migrant and refugee people.\" \/>\n<meta property=\"og:url\" content=\"https:\/\/openculturalcenter.org\/jobs\/\" \/>\n<meta property=\"og:site_name\" content=\"Open Cultural Center\" \/>\n<meta property=\"article:publisher\" content=\"https:\/\/www.facebook.com\/OpenCulturalCenter\" \/>\n<meta property=\"article:modified_time\" content=\"2025-11-26T12:23:04+00:00\" \/>\n<meta property=\"og:image\" content=\"https:\/\/occ.vsgconsulting.eu\/wp-content\/uploads\/2025\/02\/CROIX-ROUGE-FR-PRESS-RELEASE.jpg\" \/>\n\t<meta property=\"og:image:width\" content=\"1024\" \/>\n\t<meta property=\"og:image:height\" content=\"768\" \/>\n\t<meta property=\"og:image:type\" content=\"image\/jpeg\" \/>\n<meta name=\"twitter:card\" content=\"summary_large_image\" \/>\n<meta name=\"twitter:site\" content=\"@OCC_Project\" \/>\n<meta name=\"twitter:label1\" content=\"Tiempo de lectura\" \/>\n\t<meta name=\"twitter:data1\" content=\"1 minuto\" \/>\n<script type=\"application\/ld+json\" class=\"yoast-schema-graph\">{\"@context\":\"https:\\\/\\\/schema.org\",\"@graph\":[{\"@type\":\"WebPage\",\"@id\":\"https:\\\/\\\/openculturalcenter.org\\\/jobs\\\/\",\"url\":\"https:\\\/\\\/openculturalcenter.org\\\/jobs\\\/\",\"name\":\"Jobs - Open Cultural Center\",\"isPartOf\":{\"@id\":\"https:\\\/\\\/openculturalcenter.org\\\/#website\"},\"primaryImageOfPage\":{\"@id\":\"https:\\\/\\\/openculturalcenter.org\\\/jobs\\\/#primaryimage\"},\"image\":{\"@id\":\"https:\\\/\\\/openculturalcenter.org\\\/jobs\\\/#primaryimage\"},\"thumbnailUrl\":\"https:\\\/\\\/occ.vsgconsulting.eu\\\/wp-content\\\/uploads\\\/2025\\\/02\\\/CROIX-ROUGE-FR-PRESS-RELEASE.jpg\",\"datePublished\":\"2024-04-29T11:48:41+00:00\",\"dateModified\":\"2025-11-26T12:23:04+00:00\",\"description\":\"Join our teams in Spain and Greece and work to support the inclusion of migrant and refugee people.\",\"breadcrumb\":{\"@id\":\"https:\\\/\\\/openculturalcenter.org\\\/jobs\\\/#breadcrumb\"},\"inLanguage\":\"es\",\"potentialAction\":[{\"@type\":\"ReadAction\",\"target\":[\"https:\\\/\\\/openculturalcenter.org\\\/jobs\\\/\"]}]},{\"@type\":\"ImageObject\",\"inLanguage\":\"es\",\"@id\":\"https:\\\/\\\/openculturalcenter.org\\\/jobs\\\/#primaryimage\",\"url\":\"https:\\\/\\\/occ.vsgconsulting.eu\\\/wp-content\\\/uploads\\\/2025\\\/02\\\/CROIX-ROUGE-FR-PRESS-RELEASE.jpg\",\"contentUrl\":\"https:\\\/\\\/occ.vsgconsulting.eu\\\/wp-content\\\/uploads\\\/2025\\\/02\\\/CROIX-ROUGE-FR-PRESS-RELEASE.jpg\"},{\"@type\":\"BreadcrumbList\",\"@id\":\"https:\\\/\\\/openculturalcenter.org\\\/jobs\\\/#breadcrumb\",\"itemListElement\":[{\"@type\":\"ListItem\",\"position\":1,\"name\":\"Home\",\"item\":\"https:\\\/\\\/openculturalcenter.org\\\/\"},{\"@type\":\"ListItem\",\"position\":2,\"name\":\"Jobs\"}]},{\"@type\":\"WebSite\",\"@id\":\"https:\\\/\\\/openculturalcenter.org\\\/#website\",\"url\":\"https:\\\/\\\/openculturalcenter.org\\\/\",\"name\":\"Open Cultural Center\",\"description\":\"Culture Without Borders\",\"publisher\":{\"@id\":\"https:\\\/\\\/openculturalcenter.org\\\/#organization\"},\"potentialAction\":[{\"@type\":\"SearchAction\",\"target\":{\"@type\":\"EntryPoint\",\"urlTemplate\":\"https:\\\/\\\/openculturalcenter.org\\\/?s={search_term_string}\"},\"query-input\":{\"@type\":\"PropertyValueSpecification\",\"valueRequired\":true,\"valueName\":\"search_term_string\"}}],\"inLanguage\":\"es\"},{\"@type\":\"Organization\",\"@id\":\"https:\\\/\\\/openculturalcenter.org\\\/#organization\",\"name\":\"Open Cultural Center\",\"url\":\"https:\\\/\\\/openculturalcenter.org\\\/\",\"logo\":{\"@type\":\"ImageObject\",\"inLanguage\":\"es\",\"@id\":\"https:\\\/\\\/openculturalcenter.org\\\/#\\\/schema\\\/logo\\\/image\\\/\",\"url\":\"https:\\\/\\\/occ.vsgconsulting.eu\\\/wp-content\\\/uploads\\\/2025\\\/03\\\/Cobranding-OCC-RW-Logos-1.png\",\"contentUrl\":\"https:\\\/\\\/occ.vsgconsulting.eu\\\/wp-content\\\/uploads\\\/2025\\\/03\\\/Cobranding-OCC-RW-Logos-1.png\",\"width\":1768,\"height\":478,\"caption\":\"Open Cultural Center\"},\"image\":{\"@id\":\"https:\\\/\\\/openculturalcenter.org\\\/#\\\/schema\\\/logo\\\/image\\\/\"},\"sameAs\":[\"https:\\\/\\\/www.facebook.com\\\/OpenCulturalCenter\",\"https:\\\/\\\/x.com\\\/OCC_Project\"]}]}<\/script>\n<!-- \/ Yoast SEO plugin. -->","yoast_head_json":{"title":"Jobs - Open Cultural Center","description":"Join our teams in Spain and Greece and work to support the inclusion of migrant and refugee people.","robots":{"index":"index","follow":"follow","max-snippet":"max-snippet:-1","max-image-preview":"max-image-preview:large","max-video-preview":"max-video-preview:-1"},"canonical":"https:\/\/openculturalcenter.org\/jobs\/","og_locale":"es_ES","og_type":"article","og_title":"Jobs - Open Cultural Center","og_description":"Join our teams in Spain and Greece and work to support the inclusion of migrant and refugee people.","og_url":"https:\/\/openculturalcenter.org\/jobs\/","og_site_name":"Open Cultural Center","article_publisher":"https:\/\/www.facebook.com\/OpenCulturalCenter","article_modified_time":"2025-11-26T12:23:04+00:00","og_image":[{"width":1024,"height":768,"url":"https:\/\/occ.vsgconsulting.eu\/wp-content\/uploads\/2025\/02\/CROIX-ROUGE-FR-PRESS-RELEASE.jpg","type":"image\/jpeg"}],"twitter_card":"summary_large_image","twitter_site":"@OCC_Project","twitter_misc":{"Tiempo de lectura":"1 minuto"},"schema":{"@context":"https:\/\/schema.org","@graph":[{"@type":"WebPage","@id":"https:\/\/openculturalcenter.org\/jobs\/","url":"https:\/\/openculturalcenter.org\/jobs\/","name":"Jobs - Open Cultural Center","isPartOf":{"@id":"https:\/\/openculturalcenter.org\/#website"},"primaryImageOfPage":{"@id":"https:\/\/openculturalcenter.org\/jobs\/#primaryimage"},"image":{"@id":"https:\/\/openculturalcenter.org\/jobs\/#primaryimage"},"thumbnailUrl":"https:\/\/occ.vsgconsulting.eu\/wp-content\/uploads\/2025\/02\/CROIX-ROUGE-FR-PRESS-RELEASE.jpg","datePublished":"2024-04-29T11:48:41+00:00","dateModified":"2025-11-26T12:23:04+00:00","description":"Join our teams in Spain and Greece and work to support the inclusion of migrant and refugee people.","breadcrumb":{"@id":"https:\/\/openculturalcenter.org\/jobs\/#breadcrumb"},"inLanguage":"es","potentialAction":[{"@type":"ReadAction","target":["https:\/\/openculturalcenter.org\/jobs\/"]}]},{"@type":"ImageObject","inLanguage":"es","@id":"https:\/\/openculturalcenter.org\/jobs\/#primaryimage","url":"https:\/\/occ.vsgconsulting.eu\/wp-content\/uploads\/2025\/02\/CROIX-ROUGE-FR-PRESS-RELEASE.jpg","contentUrl":"https:\/\/occ.vsgconsulting.eu\/wp-content\/uploads\/2025\/02\/CROIX-ROUGE-FR-PRESS-RELEASE.jpg"},{"@type":"BreadcrumbList","@id":"https:\/\/openculturalcenter.org\/jobs\/#breadcrumb","itemListElement":[{"@type":"ListItem","position":1,"name":"Home","item":"https:\/\/openculturalcenter.org\/"},{"@type":"ListItem","position":2,"name":"Jobs"}]},{"@type":"WebSite","@id":"https:\/\/openculturalcenter.org\/#website","url":"https:\/\/openculturalcenter.org\/","name":"Open Cultural Center","description":"Cultura sin fronteras","publisher":{"@id":"https:\/\/openculturalcenter.org\/#organization"},"potentialAction":[{"@type":"SearchAction","target":{"@type":"EntryPoint","urlTemplate":"https:\/\/openculturalcenter.org\/?s={search_term_string}"},"query-input":{"@type":"PropertyValueSpecification","valueRequired":true,"valueName":"search_term_string"}}],"inLanguage":"es"},{"@type":"Organization","@id":"https:\/\/openculturalcenter.org\/#organization","name":"Open Cultural Center","url":"https:\/\/openculturalcenter.org\/","logo":{"@type":"ImageObject","inLanguage":"es","@id":"https:\/\/openculturalcenter.org\/#\/schema\/logo\/image\/","url":"https:\/\/occ.vsgconsulting.eu\/wp-content\/uploads\/2025\/03\/Cobranding-OCC-RW-Logos-1.png","contentUrl":"https:\/\/occ.vsgconsulting.eu\/wp-content\/uploads\/2025\/03\/Cobranding-OCC-RW-Logos-1.png","width":1768,"height":478,"caption":"Open Cultural Center"},"image":{"@id":"https:\/\/openculturalcenter.org\/#\/schema\/logo\/image\/"},"sameAs":["https:\/\/www.facebook.com\/OpenCulturalCenter","https:\/\/x.com\/OCC_Project"]}]}},"_links":{"self":[{"href":"https:\/\/occ.vsgconsulting.eu\/es\/wp-json\/wp\/v2\/pages\/13617","targetHints":{"allow":["GET"]}}],"collection":[{"href":"https:\/\/occ.vsgconsulting.eu\/es\/wp-json\/wp\/v2\/pages"}],"about":[{"href":"https:\/\/occ.vsgconsulting.eu\/es\/wp-json\/wp\/v2\/types\/page"}],"author":[{"embeddable":true,"href":"https:\/\/occ.vsgconsulting.eu\/es\/wp-json\/wp\/v2\/users\/51"}],"replies":[{"embeddable":true,"href":"https:\/\/occ.vsgconsulting.eu\/es\/wp-json\/wp\/v2\/comments?post=13617"}],"version-history":[{"count":59,"href":"https:\/\/occ.vsgconsulting.eu\/es\/wp-json\/wp\/v2\/pages\/13617\/revisions"}],"predecessor-version":[{"id":15819,"href":"https:\/\/occ.vsgconsulting.eu\/es\/wp-json\/wp\/v2\/pages\/13617\/revisions\/15819"}],"wp:attachment":[{"href":"https:\/\/occ.vsgconsulting.eu\/es\/wp-json\/wp\/v2\/media?parent=13617"}],"curies":[{"name":"wp","href":"https:\/\/api.w.org\/{rel}","templated":true}]}}