{"id":11839,"date":"2023-03-09T12:47:45","date_gmt":"2023-03-09T12:47:45","guid":{"rendered":"https:\/\/occ.vsgconsulting.eu\/?page_id=11839"},"modified":"2025-07-18T10:22:05","modified_gmt":"2025-07-18T10:22:05","slug":"moianes","status":"publish","type":"page","link":"https:\/\/occ.vsgconsulting.eu\/es\/moianes\/","title":{"rendered":"Juventud para todos"},"content":{"rendered":"<p><strong>J\u00f3venes para Todos es un proyecto de emancipaci\u00f3n y autonom\u00eda para j\u00f3venes reci\u00e9n llegados a zonas rurales. Llevado a cabo por OCC Espa\u00f1a, est\u00e1 dirigido a j\u00f3venes de origen inmigrante que no tienen referentes familiares y\/o adultos en Catalu\u00f1a y se han quedado sin la protecci\u00f3n del Estado. Los menores (de menos de 18 a\u00f1os) reciben protecci\u00f3n del Estado, pero una vez cumplidos los 18 a\u00f1os, ya no tienen acceso a este apoyo. Dentro de este proyecto, OCC les proporciona alojamiento, formaci\u00f3n y apoyo.<\/strong>. <strong>El proyecto est\u00e1 situado en el Moian\u00e8s, una zona rural del centro de Catalu\u00f1a, y la formaci\u00f3n que se imparte abarca desde competencias agr\u00edcolas, forestales y\/o digitales, hasta clases de idiomas y actividades de voluntariado. <\/strong><\/p>\n\n\n\n<div class=\"wp-block-cover is-light\"><img loading=\"lazy\" decoding=\"async\" width=\"2560\" height=\"1707\" class=\"wp-block-cover__image-background wp-image-12065\" alt=\"\" src=\"https:\/\/occ.vsgconsulting.eu\/wp-content\/uploads\/2023\/05\/DSC_3043-scaled.jpg\" style=\"object-position:52% 68%\" data-object-fit=\"cover\" data-object-position=\"52% 68%\" srcset=\"https:\/\/occ.vsgconsulting.eu\/wp-content\/uploads\/2023\/05\/DSC_3043-scaled.jpg 2560w, https:\/\/occ.vsgconsulting.eu\/wp-content\/uploads\/2023\/05\/DSC_3043-300x200.jpg 300w, https:\/\/occ.vsgconsulting.eu\/wp-content\/uploads\/2023\/05\/DSC_3043-1024x683.jpg 1024w, https:\/\/occ.vsgconsulting.eu\/wp-content\/uploads\/2023\/05\/DSC_3043-768x512.jpg 768w, https:\/\/occ.vsgconsulting.eu\/wp-content\/uploads\/2023\/05\/DSC_3043-1536x1024.jpg 1536w, https:\/\/occ.vsgconsulting.eu\/wp-content\/uploads\/2023\/05\/DSC_3043-2048x1365.jpg 2048w, https:\/\/occ.vsgconsulting.eu\/wp-content\/uploads\/2023\/05\/DSC_3043-18x12.jpg 18w, https:\/\/occ.vsgconsulting.eu\/wp-content\/uploads\/2023\/05\/DSC_3043-600x400.jpg 600w\" sizes=\"auto, (max-width: 2560px) 100vw, 2560px\" \/><span aria-hidden=\"true\" class=\"wp-block-cover__background has-black-background-color has-background-dim\"><\/span><div class=\"wp-block-cover__inner-container is-layout-flow wp-block-cover-is-layout-flow\">\n<p class=\"has-text-align-center ticss-2330e142 has-text-color has-large-font-size\" style=\"color:#15d4be\"><strong>Una respuesta a los retos sociales y territoriales: la necesidad de inclusi\u00f3n laboral de los j\u00f3venes vulnerables y la necesidad de renovaci\u00f3n generacional en las zonas rurales.<\/strong><\/p>\n<\/div><\/div>\n\n\n\n<div style=\"height:35px\" aria-hidden=\"true\" class=\"wp-block-spacer\"><\/div>\n\n\n\n<p>El objetivo no es solo facilitar la inclusi\u00f3n social y laboral de este colectivo en las zonas rurales de todo el territorio, sino tambi\u00e9n contribuir a la tan necesaria renovaci\u00f3n generacional del sector agrario, al tiempo que se ofrece una opci\u00f3n a quienes a\u00fan se encuentran en una posici\u00f3n vulnerable y podr\u00edan beneficiarse de alojamiento y apoyo para incorporarse al mercado laboral y acceder a oportunidades de empleo significativas. <\/p>\n\n\n\n<p>Durante 12 meses, el proyecto proporciona a los participantes lo siguiente:<\/p>\n\n\n\n<ul class=\"wp-block-list\">\n<li>Plan de emancipaci\u00f3n personalizado<\/li>\n\n\n\n<li>Curr\u00edculo profesional (por ejemplo, agricultura, silvicultura, etc.) estructurado en m\u00f3dulos<\/li>\n\n\n\n<li>Provisi\u00f3n de habilidades y competencias digitales b\u00e1sicas destinadas a mejorar sus oportunidades laborales <\/li>\n\n\n\n<li>Referentes locales y red social reforzada<\/li>\n\n\n\n<li>Mejora de los conocimientos ling\u00fc\u00edsticos de espa\u00f1ol y catal\u00e1n a trav\u00e9s de 250 horas de talleres<\/li>\n\n\n\n<li>80% Tasa de inserci\u00f3n laboral en los 12 meses siguientes a la finalizaci\u00f3n del proyecto<\/li>\n<\/ul>\n\n\n\n<p>El proyecto ofrece una formaci\u00f3n espec\u00edfica adaptada a las necesidades del territorio: <\/p>\n\n\n\n<div class=\"wp-block-columns are-vertically-aligned-center is-layout-flex wp-container-core-columns-is-layout-9d6595d7 wp-block-columns-is-layout-flex\">\n<div class=\"wp-block-column is-vertically-aligned-center is-layout-flow wp-block-column-is-layout-flow\">\n<div id=\"wp-block-themeisle-blocks-advanced-columns-509fde5e\" class=\"wp-block-themeisle-blocks-advanced-columns has-1-columns has-desktop-equal-layout has-tablet-equal-layout has-mobile-equal-layout has-vertical-unset\"><div class=\"wp-block-themeisle-blocks-advanced-columns-overlay\"><\/div><div class=\"innerblocks-wrap\">\n<div id=\"wp-block-themeisle-blocks-advanced-column-0c77d991\" class=\"wp-block-themeisle-blocks-advanced-column\">\n<div class=\"wp-block-cover is-light\"><span aria-hidden=\"true\" class=\"wp-block-cover__background has-background-dim-100 has-background-dim\" style=\"background-color:#15d4be\"><\/span><div class=\"wp-block-cover__inner-container is-layout-flow wp-block-cover-is-layout-flow\">\n<p class=\"has-text-align-center has-white-color has-text-color has-medium-font-size\"><strong>FINA - Formaci\u00f3n Inclusiva en Agricultura Ecol\u00f3gica<\/strong><\/p>\n\n\n\n<p class=\"has-text-align-center has-white-color has-text-color\">Ofrecido en su primera edici\u00f3n, consist\u00eda en un programa de formaci\u00f3n en agricultura y ganader\u00eda a trav\u00e9s del cual se proporcionaba a los participantes las herramientas, habilidades y competencias necesarias para desarrollarse profesionalmente en el sector agr\u00edcola. <\/p>\n<\/div><\/div>\n<\/div>\n<\/div><\/div>\n<\/div>\n\n\n\n<div class=\"wp-block-column is-vertically-aligned-center is-layout-flow wp-block-column-is-layout-flow\">\n<div class=\"wp-block-cover is-light\" style=\"min-height:432px;aspect-ratio:unset;\"><span aria-hidden=\"true\" class=\"wp-block-cover__background has-background-dim-100 has-background-dim\" style=\"background-color:#15d4be\"><\/span><div class=\"wp-block-cover__inner-container is-layout-flow wp-block-cover-is-layout-flow\">\n<p class=\"has-text-align-center has-white-color has-text-color has-medium-font-size\"><strong>AFFI - Acci\u00f3 Formativa Forestal Inclusiva<\/strong><\/p>\n\n\n\n<p class=\"has-text-align-center has-white-color has-text-color\">Ofrecido en su segunda y actual edici\u00f3n, consiste en una formaci\u00f3n destinada a introducir a los j\u00f3venes en el mundo de la silvicultura y la prevenci\u00f3n de incendios, a trav\u00e9s de la cual pueden adquirir los conocimientos y herramientas necesarios para desarrollarse profesionalmente en el sector forestal.<\/p>\n<\/div><\/div>\n<\/div>\n<\/div>\n\n\n\n<p><\/p>\n\n\n\n<div class=\"wp-block-columns are-vertically-aligned-center is-layout-flex wp-container-core-columns-is-layout-9d6595d7 wp-block-columns-is-layout-flex\">\n<div class=\"wp-block-column is-vertically-aligned-center is-layout-flow wp-block-column-is-layout-flow\" style=\"flex-basis:33.33%\">\n<p class=\"has-text-align-center\"><strong>El voluntariado como herramienta de desarrollo personal <\/strong><\/p>\n\n\n\n<p class=\"has-text-align-center\">Las actividades de voluntariado se consideran en el proyecto como una excelente herramienta de aprendizaje, ya que ayudan a los participantes en el proyecto a adquirir nuevos conocimientos a la vez que ampl\u00edan su red social. As\u00ed, Juventud para Todos promueve el voluntariado en el territorio entre los j\u00f3venes como una forma de trabajar en su emancipaci\u00f3n y autonom\u00eda personal, al tiempo que prioriza aquellas actividades centradas en el sector forestal - con el fin de aumentar sus conocimientos.<\/p>\n<\/div>\n\n\n\n<div class=\"wp-block-column is-vertically-aligned-center is-layout-flow wp-block-column-is-layout-flow\" style=\"flex-basis:66.66%\"><div class=\"wp-block-image is-style-rounded\">\n<figure class=\"aligncenter size-large\"><img loading=\"lazy\" decoding=\"async\" width=\"1024\" height=\"768\" src=\"https:\/\/occ.vsgconsulting.eu\/wp-content\/uploads\/2023\/05\/IMG-20220211-WA0013-1-1024x768.jpg\" alt=\"\" class=\"wp-image-12066\" srcset=\"https:\/\/occ.vsgconsulting.eu\/wp-content\/uploads\/2023\/05\/IMG-20220211-WA0013-1-1024x768.jpg 1024w, https:\/\/occ.vsgconsulting.eu\/wp-content\/uploads\/2023\/05\/IMG-20220211-WA0013-1-300x225.jpg 300w, https:\/\/occ.vsgconsulting.eu\/wp-content\/uploads\/2023\/05\/IMG-20220211-WA0013-1-768x576.jpg 768w, https:\/\/occ.vsgconsulting.eu\/wp-content\/uploads\/2023\/05\/IMG-20220211-WA0013-1-1536x1152.jpg 1536w, https:\/\/occ.vsgconsulting.eu\/wp-content\/uploads\/2023\/05\/IMG-20220211-WA0013-1-16x12.jpg 16w, https:\/\/occ.vsgconsulting.eu\/wp-content\/uploads\/2023\/05\/IMG-20220211-WA0013-1-600x450.jpg 600w, https:\/\/occ.vsgconsulting.eu\/wp-content\/uploads\/2023\/05\/IMG-20220211-WA0013-1.jpg 1600w\" sizes=\"auto, (max-width: 1024px) 100vw, 1024px\" \/><\/figure>\n<\/div><\/div>\n<\/div>\n\n\n\n<div style=\"height:56px\" aria-hidden=\"true\" class=\"wp-block-spacer\"><\/div>\n\n\n\n<div class=\"wp-block-columns is-layout-flex wp-container-core-columns-is-layout-9d6595d7 wp-block-columns-is-layout-flex\">\n<div class=\"wp-block-column is-layout-flow wp-block-column-is-layout-flow\">\n<figure class=\"wp-block-image size-large\"><img loading=\"lazy\" decoding=\"async\" width=\"1024\" height=\"575\" src=\"https:\/\/occ.vsgconsulting.eu\/wp-content\/uploads\/2025\/07\/Taller-de-Primers-Auxilis-JxT-1024x575.png\" alt=\"\" class=\"wp-image-15478\" srcset=\"https:\/\/occ.vsgconsulting.eu\/wp-content\/uploads\/2025\/07\/Taller-de-Primers-Auxilis-JxT-1024x575.png 1024w, https:\/\/occ.vsgconsulting.eu\/wp-content\/uploads\/2025\/07\/Taller-de-Primers-Auxilis-JxT-300x169.png 300w, https:\/\/occ.vsgconsulting.eu\/wp-content\/uploads\/2025\/07\/Taller-de-Primers-Auxilis-JxT-768x432.png 768w, https:\/\/occ.vsgconsulting.eu\/wp-content\/uploads\/2025\/07\/Taller-de-Primers-Auxilis-JxT-1536x863.png 1536w, https:\/\/occ.vsgconsulting.eu\/wp-content\/uploads\/2025\/07\/Taller-de-Primers-Auxilis-JxT-18x10.png 18w, https:\/\/occ.vsgconsulting.eu\/wp-content\/uploads\/2025\/07\/Taller-de-Primers-Auxilis-JxT.png 1726w, https:\/\/occ.vsgconsulting.eu\/wp-content\/uploads\/2025\/07\/Taller-de-Primers-Auxilis-JxT-350x196.png 350w, https:\/\/occ.vsgconsulting.eu\/wp-content\/uploads\/2025\/07\/Taller-de-Primers-Auxilis-JxT-780x437.png 780w\" sizes=\"auto, (max-width: 1024px) 100vw, 1024px\" \/><\/figure>\n<\/div>\n<\/div>","protected":false},"excerpt":{"rendered":"<p>J\u00f3venes para Todos es un proyecto de emancipaci\u00f3n y autonom\u00eda para j\u00f3venes reci\u00e9n llegados a zonas rurales. Llevado a cabo por OCC Espa\u00f1a, est\u00e1 dirigido a j\u00f3venes de origen inmigrante que no tienen referentes familiares y\/o adultos en Catalu\u00f1a y se han quedado sin la protecci\u00f3n del Estado. Los menores (menores de 18 a\u00f1os) reciben protecci\u00f3n del Estado, pero una vez ... <\/p>","protected":false},"author":47,"featured_media":14545,"parent":0,"menu_order":0,"comment_status":"closed","ping_status":"closed","template":"","meta":{"_themeisle_gutenberg_block_has_review":false,"footnotes":""},"class_list":["post-11839","page","type-page","status-publish","has-post-thumbnail","hentry","latest_post"],"yoast_head":"<!-- This site is optimized with the Yoast SEO plugin v27.4 - https:\/\/yoast.com\/product\/yoast-seo-wordpress\/ -->\n<title>Youth 4 All - Open Cultural Center<\/title>\n<meta name=\"description\" content=\"Discover our project in rural Catalonia, supporting young migrant people through a social and labour insertion programme.\" \/>\n<meta name=\"robots\" content=\"index, follow, max-snippet:-1, max-image-preview:large, max-video-preview:-1\" \/>\n<link rel=\"canonical\" href=\"https:\/\/openculturalcenter.org\/moianes\/\" \/>\n<meta property=\"og:locale\" content=\"es_ES\" \/>\n<meta property=\"og:type\" content=\"article\" \/>\n<meta property=\"og:title\" content=\"Youth 4 All - Open Cultural Center\" \/>\n<meta property=\"og:description\" content=\"Discover our project in rural Catalonia, supporting young migrant people through a social and labour insertion programme.\" \/>\n<meta property=\"og:url\" content=\"https:\/\/openculturalcenter.org\/moianes\/\" \/>\n<meta property=\"og:site_name\" content=\"Open Cultural Center\" \/>\n<meta property=\"article:publisher\" content=\"https:\/\/www.facebook.com\/OpenCulturalCenter\" \/>\n<meta property=\"article:modified_time\" content=\"2025-07-18T10:22:05+00:00\" \/>\n<meta property=\"og:image\" content=\"https:\/\/openculturalcenter.org\/wp-content\/uploads\/2024\/09\/DSC_2339-scaled.jpg\" \/>\n\t<meta property=\"og:image:width\" content=\"2560\" \/>\n\t<meta property=\"og:image:height\" content=\"1707\" \/>\n\t<meta property=\"og:image:type\" content=\"image\/jpeg\" \/>\n<meta name=\"twitter:card\" content=\"summary_large_image\" \/>\n<meta name=\"twitter:site\" content=\"@OCC_Project\" \/>\n<meta name=\"twitter:label1\" content=\"Tiempo de lectura\" \/>\n\t<meta name=\"twitter:data1\" content=\"3 minutos\" \/>\n<script type=\"application\/ld+json\" class=\"yoast-schema-graph\">{\"@context\":\"https:\\\/\\\/schema.org\",\"@graph\":[{\"@type\":\"WebPage\",\"@id\":\"https:\\\/\\\/openculturalcenter.org\\\/moianes\\\/\",\"url\":\"https:\\\/\\\/openculturalcenter.org\\\/moianes\\\/\",\"name\":\"Youth 4 All - Open Cultural Center\",\"isPartOf\":{\"@id\":\"https:\\\/\\\/openculturalcenter.org\\\/#website\"},\"primaryImageOfPage\":{\"@id\":\"https:\\\/\\\/openculturalcenter.org\\\/moianes\\\/#primaryimage\"},\"image\":{\"@id\":\"https:\\\/\\\/openculturalcenter.org\\\/moianes\\\/#primaryimage\"},\"thumbnailUrl\":\"https:\\\/\\\/occ.vsgconsulting.eu\\\/wp-content\\\/uploads\\\/2024\\\/09\\\/DSC_2339-scaled.jpg\",\"datePublished\":\"2023-03-09T12:47:45+00:00\",\"dateModified\":\"2025-07-18T10:22:05+00:00\",\"description\":\"Discover our project in rural Catalonia, supporting young migrant people through a social and labour insertion programme.\",\"breadcrumb\":{\"@id\":\"https:\\\/\\\/openculturalcenter.org\\\/moianes\\\/#breadcrumb\"},\"inLanguage\":\"es\",\"potentialAction\":[{\"@type\":\"ReadAction\",\"target\":[\"https:\\\/\\\/openculturalcenter.org\\\/moianes\\\/\"]}]},{\"@type\":\"ImageObject\",\"inLanguage\":\"es\",\"@id\":\"https:\\\/\\\/openculturalcenter.org\\\/moianes\\\/#primaryimage\",\"url\":\"https:\\\/\\\/occ.vsgconsulting.eu\\\/wp-content\\\/uploads\\\/2024\\\/09\\\/DSC_2339-scaled.jpg\",\"contentUrl\":\"https:\\\/\\\/occ.vsgconsulting.eu\\\/wp-content\\\/uploads\\\/2024\\\/09\\\/DSC_2339-scaled.jpg\",\"width\":2560,\"height\":1707},{\"@type\":\"BreadcrumbList\",\"@id\":\"https:\\\/\\\/openculturalcenter.org\\\/moianes\\\/#breadcrumb\",\"itemListElement\":[{\"@type\":\"ListItem\",\"position\":1,\"name\":\"Home\",\"item\":\"https:\\\/\\\/openculturalcenter.org\\\/\"},{\"@type\":\"ListItem\",\"position\":2,\"name\":\"Youth 4 All\"}]},{\"@type\":\"WebSite\",\"@id\":\"https:\\\/\\\/openculturalcenter.org\\\/#website\",\"url\":\"https:\\\/\\\/openculturalcenter.org\\\/\",\"name\":\"Open Cultural Center\",\"description\":\"Culture Without Borders\",\"publisher\":{\"@id\":\"https:\\\/\\\/openculturalcenter.org\\\/#organization\"},\"potentialAction\":[{\"@type\":\"SearchAction\",\"target\":{\"@type\":\"EntryPoint\",\"urlTemplate\":\"https:\\\/\\\/openculturalcenter.org\\\/?s={search_term_string}\"},\"query-input\":{\"@type\":\"PropertyValueSpecification\",\"valueRequired\":true,\"valueName\":\"search_term_string\"}}],\"inLanguage\":\"es\"},{\"@type\":\"Organization\",\"@id\":\"https:\\\/\\\/openculturalcenter.org\\\/#organization\",\"name\":\"Open Cultural Center\",\"url\":\"https:\\\/\\\/openculturalcenter.org\\\/\",\"logo\":{\"@type\":\"ImageObject\",\"inLanguage\":\"es\",\"@id\":\"https:\\\/\\\/openculturalcenter.org\\\/#\\\/schema\\\/logo\\\/image\\\/\",\"url\":\"https:\\\/\\\/occ.vsgconsulting.eu\\\/wp-content\\\/uploads\\\/2025\\\/03\\\/Cobranding-OCC-RW-Logos-1.png\",\"contentUrl\":\"https:\\\/\\\/occ.vsgconsulting.eu\\\/wp-content\\\/uploads\\\/2025\\\/03\\\/Cobranding-OCC-RW-Logos-1.png\",\"width\":1768,\"height\":478,\"caption\":\"Open Cultural Center\"},\"image\":{\"@id\":\"https:\\\/\\\/openculturalcenter.org\\\/#\\\/schema\\\/logo\\\/image\\\/\"},\"sameAs\":[\"https:\\\/\\\/www.facebook.com\\\/OpenCulturalCenter\",\"https:\\\/\\\/x.com\\\/OCC_Project\"]}]}<\/script>\n<!-- \/ Yoast SEO plugin. -->","yoast_head_json":{"title":"Youth 4 All - Open Cultural Center","description":"Discover our project in rural Catalonia, supporting young migrant people through a social and labour insertion programme.","robots":{"index":"index","follow":"follow","max-snippet":"max-snippet:-1","max-image-preview":"max-image-preview:large","max-video-preview":"max-video-preview:-1"},"canonical":"https:\/\/openculturalcenter.org\/moianes\/","og_locale":"es_ES","og_type":"article","og_title":"Youth 4 All - Open Cultural Center","og_description":"Discover our project in rural Catalonia, supporting young migrant people through a social and labour insertion programme.","og_url":"https:\/\/openculturalcenter.org\/moianes\/","og_site_name":"Open Cultural Center","article_publisher":"https:\/\/www.facebook.com\/OpenCulturalCenter","article_modified_time":"2025-07-18T10:22:05+00:00","og_image":[{"width":2560,"height":1707,"url":"https:\/\/openculturalcenter.org\/wp-content\/uploads\/2024\/09\/DSC_2339-scaled.jpg","type":"image\/jpeg"}],"twitter_card":"summary_large_image","twitter_site":"@OCC_Project","twitter_misc":{"Tiempo de lectura":"3 minutos"},"schema":{"@context":"https:\/\/schema.org","@graph":[{"@type":"WebPage","@id":"https:\/\/openculturalcenter.org\/moianes\/","url":"https:\/\/openculturalcenter.org\/moianes\/","name":"Youth 4 All - Open Cultural Center","isPartOf":{"@id":"https:\/\/openculturalcenter.org\/#website"},"primaryImageOfPage":{"@id":"https:\/\/openculturalcenter.org\/moianes\/#primaryimage"},"image":{"@id":"https:\/\/openculturalcenter.org\/moianes\/#primaryimage"},"thumbnailUrl":"https:\/\/occ.vsgconsulting.eu\/wp-content\/uploads\/2024\/09\/DSC_2339-scaled.jpg","datePublished":"2023-03-09T12:47:45+00:00","dateModified":"2025-07-18T10:22:05+00:00","description":"Discover our project in rural Catalonia, supporting young migrant people through a social and labour insertion programme.","breadcrumb":{"@id":"https:\/\/openculturalcenter.org\/moianes\/#breadcrumb"},"inLanguage":"es","potentialAction":[{"@type":"ReadAction","target":["https:\/\/openculturalcenter.org\/moianes\/"]}]},{"@type":"ImageObject","inLanguage":"es","@id":"https:\/\/openculturalcenter.org\/moianes\/#primaryimage","url":"https:\/\/occ.vsgconsulting.eu\/wp-content\/uploads\/2024\/09\/DSC_2339-scaled.jpg","contentUrl":"https:\/\/occ.vsgconsulting.eu\/wp-content\/uploads\/2024\/09\/DSC_2339-scaled.jpg","width":2560,"height":1707},{"@type":"BreadcrumbList","@id":"https:\/\/openculturalcenter.org\/moianes\/#breadcrumb","itemListElement":[{"@type":"ListItem","position":1,"name":"Home","item":"https:\/\/openculturalcenter.org\/"},{"@type":"ListItem","position":2,"name":"Youth 4 All"}]},{"@type":"WebSite","@id":"https:\/\/openculturalcenter.org\/#website","url":"https:\/\/openculturalcenter.org\/","name":"Open Cultural Center","description":"Cultura sin fronteras","publisher":{"@id":"https:\/\/openculturalcenter.org\/#organization"},"potentialAction":[{"@type":"SearchAction","target":{"@type":"EntryPoint","urlTemplate":"https:\/\/openculturalcenter.org\/?s={search_term_string}"},"query-input":{"@type":"PropertyValueSpecification","valueRequired":true,"valueName":"search_term_string"}}],"inLanguage":"es"},{"@type":"Organization","@id":"https:\/\/openculturalcenter.org\/#organization","name":"Open Cultural Center","url":"https:\/\/openculturalcenter.org\/","logo":{"@type":"ImageObject","inLanguage":"es","@id":"https:\/\/openculturalcenter.org\/#\/schema\/logo\/image\/","url":"https:\/\/occ.vsgconsulting.eu\/wp-content\/uploads\/2025\/03\/Cobranding-OCC-RW-Logos-1.png","contentUrl":"https:\/\/occ.vsgconsulting.eu\/wp-content\/uploads\/2025\/03\/Cobranding-OCC-RW-Logos-1.png","width":1768,"height":478,"caption":"Open Cultural Center"},"image":{"@id":"https:\/\/openculturalcenter.org\/#\/schema\/logo\/image\/"},"sameAs":["https:\/\/www.facebook.com\/OpenCulturalCenter","https:\/\/x.com\/OCC_Project"]}]}},"_links":{"self":[{"href":"https:\/\/occ.vsgconsulting.eu\/es\/wp-json\/wp\/v2\/pages\/11839","targetHints":{"allow":["GET"]}}],"collection":[{"href":"https:\/\/occ.vsgconsulting.eu\/es\/wp-json\/wp\/v2\/pages"}],"about":[{"href":"https:\/\/occ.vsgconsulting.eu\/es\/wp-json\/wp\/v2\/types\/page"}],"author":[{"embeddable":true,"href":"https:\/\/occ.vsgconsulting.eu\/es\/wp-json\/wp\/v2\/users\/47"}],"replies":[{"embeddable":true,"href":"https:\/\/occ.vsgconsulting.eu\/es\/wp-json\/wp\/v2\/comments?post=11839"}],"version-history":[{"count":9,"href":"https:\/\/occ.vsgconsulting.eu\/es\/wp-json\/wp\/v2\/pages\/11839\/revisions"}],"predecessor-version":[{"id":15481,"href":"https:\/\/occ.vsgconsulting.eu\/es\/wp-json\/wp\/v2\/pages\/11839\/revisions\/15481"}],"wp:featuredmedia":[{"embeddable":true,"href":"https:\/\/occ.vsgconsulting.eu\/es\/wp-json\/wp\/v2\/media\/14545"}],"wp:attachment":[{"href":"https:\/\/occ.vsgconsulting.eu\/es\/wp-json\/wp\/v2\/media?parent=11839"}],"curies":[{"name":"wp","href":"https:\/\/api.w.org\/{rel}","templated":true}]}}