{"id":11059,"date":"2022-05-27T10:55:48","date_gmt":"2022-05-27T10:55:48","guid":{"rendered":"https:\/\/occ.vsgconsulting.eu\/?page_id=11059"},"modified":"2022-05-31T16:59:31","modified_gmt":"2022-05-31T16:59:31","slug":"episode-1-hope","status":"publish","type":"page","link":"https:\/\/occ.vsgconsulting.eu\/es\/episode-1-hope\/","title":{"rendered":"Episodio 1 - La esperanza"},"content":{"rendered":"<div class=\"wp-block-columns is-layout-flex wp-container-core-columns-is-layout-9d6595d7 wp-block-columns-is-layout-flex\">\n<div class=\"wp-block-column is-layout-flow wp-block-column-is-layout-flow\" style=\"flex-basis:33.33%\">\n<figure class=\"wp-block-image size-large is-style-default\"><img loading=\"lazy\" decoding=\"async\" width=\"1024\" height=\"1024\" src=\"https:\/\/occ.vsgconsulting.eu\/wp-content\/uploads\/2022\/05\/Podcast-cara\u0301tulas-1024x1024.png\" alt=\"\" class=\"wp-image-11082\" srcset=\"https:\/\/occ.vsgconsulting.eu\/wp-content\/uploads\/2022\/05\/Podcast-cara\u0301tulas-1024x1024.png 1024w, https:\/\/occ.vsgconsulting.eu\/wp-content\/uploads\/2022\/05\/Podcast-cara\u0301tulas-300x300.png 300w, https:\/\/occ.vsgconsulting.eu\/wp-content\/uploads\/2022\/05\/Podcast-cara\u0301tulas-150x150.png 150w, https:\/\/occ.vsgconsulting.eu\/wp-content\/uploads\/2022\/05\/Podcast-cara\u0301tulas-768x768.png 768w, https:\/\/occ.vsgconsulting.eu\/wp-content\/uploads\/2022\/05\/Podcast-cara\u0301tulas-1536x1536.png 1536w, https:\/\/occ.vsgconsulting.eu\/wp-content\/uploads\/2022\/05\/Podcast-cara\u0301tulas-12x12.png 12w, https:\/\/occ.vsgconsulting.eu\/wp-content\/uploads\/2022\/05\/Podcast-cara\u0301tulas-275x275.png 275w, https:\/\/occ.vsgconsulting.eu\/wp-content\/uploads\/2022\/05\/Podcast-cara\u0301tulas-75x75.png 75w, https:\/\/occ.vsgconsulting.eu\/wp-content\/uploads\/2022\/05\/Podcast-cara\u0301tulas-600x600.png 600w, https:\/\/occ.vsgconsulting.eu\/wp-content\/uploads\/2022\/05\/Podcast-cara\u0301tulas-100x100.png 100w, https:\/\/occ.vsgconsulting.eu\/wp-content\/uploads\/2022\/05\/Podcast-cara\u0301tulas.png 2047w\" sizes=\"auto, (max-width: 1024px) 100vw, 1024px\" \/><\/figure>\n<\/div>\n\n\n\n<div class=\"wp-block-column is-layout-flow wp-block-column-is-layout-flow\" style=\"flex-basis:66.66%\">\n<h2 class=\"has-medium-font-size wp-block-heading\">El podcast de OCC<\/h2>\n\n\n\n<p class=\"has-large-font-size\">Episodio 1 - La esperanza<\/p>\n\n\n\n<p class=\"has-small-font-size\">Por Bel\u00e9n S\u00e1nchez Berm\u00fadez para OCC<\/p>\n\n\n\n<p>Los j\u00f3venes protagonistas de este podcast, Duniya y Arezo, cuentan su llegada en barco a Grecia y el infierno que vivieron en el campo de refugiados de Moria. Tambi\u00e9n comparten sus sentimientos hacia la sociedad griega.<\/p>\n\n\n\n<figure class=\"wp-block-audio\"><audio controls src=\"https:\/\/occ.vsgconsulting.eu\/wp-content\/uploads\/2022\/05\/EPISODE-1-HOPE.mp3\"><\/audio><\/figure>\n<\/div>\n<\/div>\n\n\n\n<div class=\"wp-block-buttons is-horizontal is-content-justification-right is-layout-flex wp-container-core-buttons-is-layout-202d4b65 wp-block-buttons-is-layout-flex\">\n<div class=\"wp-block-button\"><a class=\"wp-block-button__link has-black-color has-text-color has-background\" href=\"https:\/\/occ.vsgconsulting.eu\/es\/episode-2-wait\/\" style=\"background-color:#fce000\"><strong>Pr\u00f3ximo episodio -&gt;<\/strong><\/a><\/div>\n<\/div>","protected":false},"excerpt":{"rendered":"<p>El Podcast OCC Episodio 1 \u2013 Esperanza Por Bel\u00e9n S\u00e1nchez Berm\u00fadez para OCC Los j\u00f3venes protagonistas de este podcast, Duniya y Arezo, cuentan su llegada en barco a Grecia y el infierno que vivieron en el campo de refugiados de Moria. Tambi\u00e9n comparten sus sentimientos hacia la sociedad griega.<\/p>","protected":false},"author":32,"featured_media":0,"parent":0,"menu_order":0,"comment_status":"closed","ping_status":"closed","template":"","meta":{"_themeisle_gutenberg_block_has_review":false,"footnotes":""},"class_list":["post-11059","page","type-page","status-publish","hentry","latest_post"],"yoast_head":"<!-- This site is optimized with the Yoast SEO plugin v27.4 - https:\/\/yoast.com\/product\/yoast-seo-wordpress\/ -->\n<title>Episode 1 - Hope - Open Cultural Center<\/title>\n<meta name=\"robots\" content=\"index, follow, max-snippet:-1, max-image-preview:large, max-video-preview:-1\" \/>\n<link rel=\"canonical\" href=\"https:\/\/openculturalcenter.org\/episode-1-hope\/\" \/>\n<meta property=\"og:locale\" content=\"es_ES\" \/>\n<meta property=\"og:type\" content=\"article\" \/>\n<meta property=\"og:title\" content=\"Episode 1 - Hope - Open Cultural Center\" \/>\n<meta property=\"og:description\" content=\"The OCC Podcast Episode 1 &#8211; Hope By Bel\u00e9n S\u00e1nchez Berm\u00fadez for OCC The young protagonists of this podcast, Duniya and Arezo, tell their arrival by boat in Greece and the hell they experienced in the Moria refugee camp. They also share their feelings towards Greek society.\" \/>\n<meta property=\"og:url\" content=\"https:\/\/openculturalcenter.org\/episode-1-hope\/\" \/>\n<meta property=\"og:site_name\" content=\"Open Cultural Center\" \/>\n<meta property=\"article:publisher\" content=\"https:\/\/www.facebook.com\/OpenCulturalCenter\" \/>\n<meta property=\"article:modified_time\" content=\"2022-05-31T16:59:31+00:00\" \/>\n<meta name=\"twitter:card\" content=\"summary_large_image\" \/>\n<meta name=\"twitter:site\" content=\"@OCC_Project\" \/>\n<meta name=\"twitter:label1\" content=\"Tiempo de lectura\" \/>\n\t<meta name=\"twitter:data1\" content=\"1 minuto\" \/>\n<script type=\"application\/ld+json\" class=\"yoast-schema-graph\">{\"@context\":\"https:\\\/\\\/schema.org\",\"@graph\":[{\"@type\":\"WebPage\",\"@id\":\"https:\\\/\\\/openculturalcenter.org\\\/episode-1-hope\\\/\",\"url\":\"https:\\\/\\\/openculturalcenter.org\\\/episode-1-hope\\\/\",\"name\":\"Episode 1 - Hope - Open Cultural Center\",\"isPartOf\":{\"@id\":\"https:\\\/\\\/openculturalcenter.org\\\/#website\"},\"datePublished\":\"2022-05-27T10:55:48+00:00\",\"dateModified\":\"2022-05-31T16:59:31+00:00\",\"breadcrumb\":{\"@id\":\"https:\\\/\\\/openculturalcenter.org\\\/episode-1-hope\\\/#breadcrumb\"},\"inLanguage\":\"es\",\"potentialAction\":[{\"@type\":\"ReadAction\",\"target\":[\"https:\\\/\\\/openculturalcenter.org\\\/episode-1-hope\\\/\"]}]},{\"@type\":\"BreadcrumbList\",\"@id\":\"https:\\\/\\\/openculturalcenter.org\\\/episode-1-hope\\\/#breadcrumb\",\"itemListElement\":[{\"@type\":\"ListItem\",\"position\":1,\"name\":\"Home\",\"item\":\"https:\\\/\\\/openculturalcenter.org\\\/\"},{\"@type\":\"ListItem\",\"position\":2,\"name\":\"Episode 1 &#8211; Hope\"}]},{\"@type\":\"WebSite\",\"@id\":\"https:\\\/\\\/openculturalcenter.org\\\/#website\",\"url\":\"https:\\\/\\\/openculturalcenter.org\\\/\",\"name\":\"Open Cultural Center\",\"description\":\"Culture Without Borders\",\"publisher\":{\"@id\":\"https:\\\/\\\/openculturalcenter.org\\\/#organization\"},\"potentialAction\":[{\"@type\":\"SearchAction\",\"target\":{\"@type\":\"EntryPoint\",\"urlTemplate\":\"https:\\\/\\\/openculturalcenter.org\\\/?s={search_term_string}\"},\"query-input\":{\"@type\":\"PropertyValueSpecification\",\"valueRequired\":true,\"valueName\":\"search_term_string\"}}],\"inLanguage\":\"es\"},{\"@type\":\"Organization\",\"@id\":\"https:\\\/\\\/openculturalcenter.org\\\/#organization\",\"name\":\"Open Cultural Center\",\"url\":\"https:\\\/\\\/openculturalcenter.org\\\/\",\"logo\":{\"@type\":\"ImageObject\",\"inLanguage\":\"es\",\"@id\":\"https:\\\/\\\/openculturalcenter.org\\\/#\\\/schema\\\/logo\\\/image\\\/\",\"url\":\"https:\\\/\\\/occ.vsgconsulting.eu\\\/wp-content\\\/uploads\\\/2025\\\/03\\\/Cobranding-OCC-RW-Logos-1.png\",\"contentUrl\":\"https:\\\/\\\/occ.vsgconsulting.eu\\\/wp-content\\\/uploads\\\/2025\\\/03\\\/Cobranding-OCC-RW-Logos-1.png\",\"width\":1768,\"height\":478,\"caption\":\"Open Cultural Center\"},\"image\":{\"@id\":\"https:\\\/\\\/openculturalcenter.org\\\/#\\\/schema\\\/logo\\\/image\\\/\"},\"sameAs\":[\"https:\\\/\\\/www.facebook.com\\\/OpenCulturalCenter\",\"https:\\\/\\\/x.com\\\/OCC_Project\"]}]}<\/script>\n<!-- \/ Yoast SEO plugin. -->","yoast_head_json":{"title":"Episode 1 - Hope - Open Cultural Center","robots":{"index":"index","follow":"follow","max-snippet":"max-snippet:-1","max-image-preview":"max-image-preview:large","max-video-preview":"max-video-preview:-1"},"canonical":"https:\/\/openculturalcenter.org\/episode-1-hope\/","og_locale":"es_ES","og_type":"article","og_title":"Episode 1 - Hope - Open Cultural Center","og_description":"The OCC Podcast Episode 1 &#8211; Hope By Bel\u00e9n S\u00e1nchez Berm\u00fadez for OCC The young protagonists of this podcast, Duniya and Arezo, tell their arrival by boat in Greece and the hell they experienced in the Moria refugee camp. They also share their feelings towards Greek society.","og_url":"https:\/\/openculturalcenter.org\/episode-1-hope\/","og_site_name":"Open Cultural Center","article_publisher":"https:\/\/www.facebook.com\/OpenCulturalCenter","article_modified_time":"2022-05-31T16:59:31+00:00","twitter_card":"summary_large_image","twitter_site":"@OCC_Project","twitter_misc":{"Tiempo de lectura":"1 minuto"},"schema":{"@context":"https:\/\/schema.org","@graph":[{"@type":"WebPage","@id":"https:\/\/openculturalcenter.org\/episode-1-hope\/","url":"https:\/\/openculturalcenter.org\/episode-1-hope\/","name":"Episode 1 - Hope - Open Cultural Center","isPartOf":{"@id":"https:\/\/openculturalcenter.org\/#website"},"datePublished":"2022-05-27T10:55:48+00:00","dateModified":"2022-05-31T16:59:31+00:00","breadcrumb":{"@id":"https:\/\/openculturalcenter.org\/episode-1-hope\/#breadcrumb"},"inLanguage":"es","potentialAction":[{"@type":"ReadAction","target":["https:\/\/openculturalcenter.org\/episode-1-hope\/"]}]},{"@type":"BreadcrumbList","@id":"https:\/\/openculturalcenter.org\/episode-1-hope\/#breadcrumb","itemListElement":[{"@type":"ListItem","position":1,"name":"Home","item":"https:\/\/openculturalcenter.org\/"},{"@type":"ListItem","position":2,"name":"Episode 1 &#8211; Hope"}]},{"@type":"WebSite","@id":"https:\/\/openculturalcenter.org\/#website","url":"https:\/\/openculturalcenter.org\/","name":"Open Cultural Center","description":"Cultura sin fronteras","publisher":{"@id":"https:\/\/openculturalcenter.org\/#organization"},"potentialAction":[{"@type":"SearchAction","target":{"@type":"EntryPoint","urlTemplate":"https:\/\/openculturalcenter.org\/?s={search_term_string}"},"query-input":{"@type":"PropertyValueSpecification","valueRequired":true,"valueName":"search_term_string"}}],"inLanguage":"es"},{"@type":"Organization","@id":"https:\/\/openculturalcenter.org\/#organization","name":"Open Cultural Center","url":"https:\/\/openculturalcenter.org\/","logo":{"@type":"ImageObject","inLanguage":"es","@id":"https:\/\/openculturalcenter.org\/#\/schema\/logo\/image\/","url":"https:\/\/occ.vsgconsulting.eu\/wp-content\/uploads\/2025\/03\/Cobranding-OCC-RW-Logos-1.png","contentUrl":"https:\/\/occ.vsgconsulting.eu\/wp-content\/uploads\/2025\/03\/Cobranding-OCC-RW-Logos-1.png","width":1768,"height":478,"caption":"Open Cultural Center"},"image":{"@id":"https:\/\/openculturalcenter.org\/#\/schema\/logo\/image\/"},"sameAs":["https:\/\/www.facebook.com\/OpenCulturalCenter","https:\/\/x.com\/OCC_Project"]}]}},"_links":{"self":[{"href":"https:\/\/occ.vsgconsulting.eu\/es\/wp-json\/wp\/v2\/pages\/11059","targetHints":{"allow":["GET"]}}],"collection":[{"href":"https:\/\/occ.vsgconsulting.eu\/es\/wp-json\/wp\/v2\/pages"}],"about":[{"href":"https:\/\/occ.vsgconsulting.eu\/es\/wp-json\/wp\/v2\/types\/page"}],"author":[{"embeddable":true,"href":"https:\/\/occ.vsgconsulting.eu\/es\/wp-json\/wp\/v2\/users\/32"}],"replies":[{"embeddable":true,"href":"https:\/\/occ.vsgconsulting.eu\/es\/wp-json\/wp\/v2\/comments?post=11059"}],"version-history":[{"count":8,"href":"https:\/\/occ.vsgconsulting.eu\/es\/wp-json\/wp\/v2\/pages\/11059\/revisions"}],"predecessor-version":[{"id":11096,"href":"https:\/\/occ.vsgconsulting.eu\/es\/wp-json\/wp\/v2\/pages\/11059\/revisions\/11096"}],"wp:attachment":[{"href":"https:\/\/occ.vsgconsulting.eu\/es\/wp-json\/wp\/v2\/media?parent=11059"}],"curies":[{"name":"wp","href":"https:\/\/api.w.org\/{rel}","templated":true}]}}