{"id":10150,"date":"2021-08-17T12:27:13","date_gmt":"2021-08-17T12:27:13","guid":{"rendered":"https:\/\/occ.vsgconsulting.eu\/?page_id=10150"},"modified":"2025-03-13T10:44:19","modified_gmt":"2025-03-13T10:44:19","slug":"csr","status":"publish","type":"page","link":"https:\/\/occ.vsgconsulting.eu\/es\/csr\/","title":{"rendered":"Responsabilidad social corporativa"},"content":{"rendered":"<div id=\"wp-block-themeisle-blocks-advanced-columns-9a72e7c1\" class=\"wp-block-themeisle-blocks-advanced-columns has-2-columns has-desktop-equal-layout has-tablet-equal-layout has-mobile-collapsedRows-layout has-vertical-unset has-default-gap\"><div class=\"wp-block-themeisle-blocks-advanced-columns-overlay\"><\/div><div class=\"innerblocks-wrap\">\n<div id=\"wp-block-themeisle-blocks-advanced-column-7e18186b\" class=\"wp-block-themeisle-blocks-advanced-column has-light-bg\">\n<h3 class=\"wp-block-heading has-text-align-center has-white-color has-text-color\"><mark style=\"background-color:rgba(0, 0, 0, 0)\" class=\"has-inline-color has-white-color\">\u00bfPor qu\u00e9 la RSE?<\/mark><\/h3>\n\n\n\n<p class=\"has-text-align-center has-white-color has-text-color\">Se est\u00e1 volviendo significativamente importante no s\u00f3lo pensar en los beneficios de la empresa, sino tambi\u00e9n en c\u00f3mo una empresa puede hacer&nbsp;<strong>un impacto social positivo en la sociedad.<\/strong><\/p>\n\n\n\n<p class=\"has-text-align-center has-white-color has-text-color\">Al ser un&nbsp;<strong>empresa socialmente responsable<\/strong>, surgen muchos beneficios. Esto tambi\u00e9n se entiende como&nbsp;<strong>Valor compartido<\/strong>: obtener una ventaja competitiva al tiempo que se refuerzan las comunidades vulnerables en Espa\u00f1a o Grecia.<\/p>\n\n\n\n<figure class=\"wp-block-image size-large is-style-default\"><img loading=\"lazy\" decoding=\"async\" width=\"1024\" height=\"576\" src=\"https:\/\/occ.vsgconsulting.eu\/wp-content\/uploads\/2021\/05\/bici_3occ-1024x576.jpg\" alt=\"\" class=\"wp-image-9898\" srcset=\"https:\/\/occ.vsgconsulting.eu\/wp-content\/uploads\/2021\/05\/bici_3occ-1024x576.jpg 1024w, https:\/\/occ.vsgconsulting.eu\/wp-content\/uploads\/2021\/05\/bici_3occ-300x169.jpg 300w, https:\/\/occ.vsgconsulting.eu\/wp-content\/uploads\/2021\/05\/bici_3occ-768x432.jpg 768w, https:\/\/occ.vsgconsulting.eu\/wp-content\/uploads\/2021\/05\/bici_3occ-1536x864.jpg 1536w, https:\/\/occ.vsgconsulting.eu\/wp-content\/uploads\/2021\/05\/bici_3occ-16x9.jpg 16w, https:\/\/occ.vsgconsulting.eu\/wp-content\/uploads\/2021\/05\/bici_3occ-350x196.jpg 350w, https:\/\/occ.vsgconsulting.eu\/wp-content\/uploads\/2021\/05\/bici_3occ-600x338.jpg 600w, https:\/\/occ.vsgconsulting.eu\/wp-content\/uploads\/2021\/05\/bici_3occ.jpg 1920w\" sizes=\"auto, (max-width: 1024px) 100vw, 1024px\" \/><\/figure>\n<\/div>\n\n\n\n<div id=\"wp-block-themeisle-blocks-advanced-column-0d20a2e9\" class=\"wp-block-themeisle-blocks-advanced-column has-light-bg\">\n<h3 class=\"wp-block-heading has-text-align-center has-white-color has-text-color\"><mark style=\"background-color:rgba(0, 0, 0, 0)\" class=\"has-inline-color has-white-color\">\u00bfC\u00f3mo?<\/mark><\/h3>\n\n\n\n<p class=\"has-text-align-center has-white-color has-text-color\">Hay dos formas de participar como socio oficial de RSE de MigraCode: mediante&nbsp;<strong>contratando a nuestros beneficiarios y financiando nuestros programas\/actividades.<\/strong><\/p>\n\n\n\n<p class=\"has-text-align-center has-white-color has-text-color\">En esta p\u00e1gina espec\u00edfica, puedes leer sobre c\u00f3mo y por qu\u00e9 convertirte en socio oficial de Responsabilidad Social Corporativa de Open Cultural Center y utilizar todas las&nbsp;<strong>ventajas de un programa de RSE de \u00e9xito.<\/strong><\/p>\n\n\n\n<figure class=\"wp-block-image size-large\"><img loading=\"lazy\" decoding=\"async\" width=\"1024\" height=\"576\" src=\"https:\/\/occ.vsgconsulting.eu\/wp-content\/uploads\/2021\/05\/classesocc-1024x576.jpg\" alt=\"\" class=\"wp-image-9900\" srcset=\"https:\/\/occ.vsgconsulting.eu\/wp-content\/uploads\/2021\/05\/classesocc-1024x576.jpg 1024w, https:\/\/occ.vsgconsulting.eu\/wp-content\/uploads\/2021\/05\/classesocc-300x169.jpg 300w, https:\/\/occ.vsgconsulting.eu\/wp-content\/uploads\/2021\/05\/classesocc-768x432.jpg 768w, https:\/\/occ.vsgconsulting.eu\/wp-content\/uploads\/2021\/05\/classesocc-1536x864.jpg 1536w, https:\/\/occ.vsgconsulting.eu\/wp-content\/uploads\/2021\/05\/classesocc-16x9.jpg 16w, https:\/\/occ.vsgconsulting.eu\/wp-content\/uploads\/2021\/05\/classesocc-350x196.jpg 350w, https:\/\/occ.vsgconsulting.eu\/wp-content\/uploads\/2021\/05\/classesocc-600x338.jpg 600w, https:\/\/occ.vsgconsulting.eu\/wp-content\/uploads\/2021\/05\/classesocc.jpg 1920w\" sizes=\"auto, (max-width: 1024px) 100vw, 1024px\" \/><\/figure>\n<\/div>\n<\/div><\/div>\n\n\n\n<h3 class=\"wp-block-heading has-text-align-center\">\u00bfCu\u00e1l es el valor compartido para su empresa?<\/h3>\n\n\n\n<p class=\"has-text-align-center\">Dependiendo del nivel de su implicaci\u00f3n, surgir\u00e1n muchos beneficios para su organizaci\u00f3n y demostrar\u00e1 a los socios y a la competencia c\u00f3mo su organizaci\u00f3n est\u00e1 teniendo un impacto social positivo.<\/p>\n\n\n\n<div style=\"height:30px\" aria-hidden=\"true\" class=\"wp-block-spacer\"><\/div>\n\n\n\n<div class=\"wp-block-columns are-vertically-aligned-center is-layout-flex wp-container-core-columns-is-layout-9d6595d7 wp-block-columns-is-layout-flex\">\n<div class=\"wp-block-column is-vertically-aligned-center is-layout-flow wp-block-column-is-layout-flow\">\n<div class=\"wp-block-columns are-vertically-aligned-center is-layout-flex wp-container-core-columns-is-layout-9d6595d7 wp-block-columns-is-layout-flex\">\n<div class=\"wp-block-column is-vertically-aligned-center is-layout-flow wp-block-column-is-layout-flow\" style=\"flex-basis:33.33%\">\n<div id=\"wp-block-themeisle-blocks-font-awesome-icons-4828e92f\" class=\"wp-block-themeisle-blocks-font-awesome-icons\"><span class=\"wp-block-themeisle-blocks-font-awesome-icons-container\"><i class=\"fas fa-check-square\"><\/i><\/span><\/div>\n<\/div>\n\n\n\n<div class=\"wp-block-column is-vertically-aligned-center is-layout-flow wp-block-column-is-layout-flow\" style=\"flex-basis:66.66%\">\n<p class=\"has-text-align-center\">Selecci\u00f3n previa a la contrataci\u00f3n de nuestros beneficiarios<\/p>\n<\/div>\n<\/div>\n\n\n\n<div class=\"wp-block-columns are-vertically-aligned-center is-layout-flex wp-container-core-columns-is-layout-9d6595d7 wp-block-columns-is-layout-flex\">\n<div class=\"wp-block-column is-vertically-aligned-center is-layout-flow wp-block-column-is-layout-flow\" style=\"flex-basis:33.33%\">\n<div id=\"wp-block-themeisle-blocks-font-awesome-icons-f1d28824\" class=\"wp-block-themeisle-blocks-font-awesome-icons\"><span class=\"wp-block-themeisle-blocks-font-awesome-icons-container\"><i class=\"fas fa-check-square\"><\/i><\/span><\/div>\n<\/div>\n\n\n\n<div class=\"wp-block-column is-vertically-aligned-center is-layout-flow wp-block-column-is-layout-flow\" style=\"flex-basis:66.66%\">\n<p class=\"has-text-align-center\">Difusi\u00f3n regular en las redes sociales<\/p>\n<\/div>\n<\/div>\n\n\n\n<div class=\"wp-block-columns are-vertically-aligned-center is-layout-flex wp-container-core-columns-is-layout-9d6595d7 wp-block-columns-is-layout-flex\">\n<div class=\"wp-block-column is-vertically-aligned-center is-layout-flow wp-block-column-is-layout-flow\" style=\"flex-basis:33.33%\">\n<div id=\"wp-block-themeisle-blocks-font-awesome-icons-7ad31005\" class=\"wp-block-themeisle-blocks-font-awesome-icons\"><span class=\"wp-block-themeisle-blocks-font-awesome-icons-container\"><i class=\"fas fa-check-square\"><\/i><\/span><\/div>\n<\/div>\n\n\n\n<div class=\"wp-block-column is-vertically-aligned-center is-layout-flow wp-block-column-is-layout-flow\" style=\"flex-basis:66.66%\">\n<p class=\"has-text-align-center\">Influencia en nuestros planes de estudios<\/p>\n<\/div>\n<\/div>\n\n\n\n<div class=\"wp-block-columns are-vertically-aligned-center is-layout-flex wp-container-core-columns-is-layout-9d6595d7 wp-block-columns-is-layout-flex\">\n<div class=\"wp-block-column is-vertically-aligned-center is-layout-flow wp-block-column-is-layout-flow\" style=\"flex-basis:33.33%\">\n<div id=\"wp-block-themeisle-blocks-font-awesome-icons-cf30d1d1\" class=\"wp-block-themeisle-blocks-font-awesome-icons\"><span class=\"wp-block-themeisle-blocks-font-awesome-icons-container\"><i class=\"fas fa-check-square\"><\/i><\/span><\/div>\n<\/div>\n\n\n\n<div class=\"wp-block-column is-vertically-aligned-center is-layout-flow wp-block-column-is-layout-flow\" style=\"flex-basis:66.66%\">\n<p class=\"has-text-align-center\">Nombre de la empresa utilizado exclusivamente para actividades\/proyectos patrocinados<\/p>\n<\/div>\n<\/div>\n\n\n\n<div class=\"wp-block-columns are-vertically-aligned-center is-layout-flex wp-container-core-columns-is-layout-9d6595d7 wp-block-columns-is-layout-flex\">\n<div class=\"wp-block-column is-vertically-aligned-center is-layout-flow wp-block-column-is-layout-flow\" style=\"flex-basis:33.33%\">\n<div id=\"wp-block-themeisle-blocks-font-awesome-icons-21e65b81\" class=\"wp-block-themeisle-blocks-font-awesome-icons\"><span class=\"wp-block-themeisle-blocks-font-awesome-icons-container\"><i class=\"fas fa-check-square\"><\/i><\/span><\/div>\n<\/div>\n\n\n\n<div class=\"wp-block-column is-vertically-aligned-center is-layout-flow wp-block-column-is-layout-flow\" style=\"flex-basis:66.66%\">\n<p class=\"has-text-align-center\">P\u00e1gina designada en nuestro sitio web sobre la colaboraci\u00f3n<\/p>\n<\/div>\n<\/div>\n<\/div>\n\n\n\n<div class=\"wp-block-column is-vertically-aligned-center is-layout-flow wp-block-column-is-layout-flow\">\n<figure class=\"wp-block-image\"><img decoding=\"async\" src=\"http:\/\/migracode.occ.vsgconsulting.eu\/wp-content\/uploads\/2020\/10\/social.png\" alt=\"\"\/><\/figure>\n<\/div>\n<\/div>\n\n\n\n<h3 class=\"wp-block-heading has-text-align-center\">\u00bfQui\u00e9n confi\u00f3 ya en nosotros a trav\u00e9s de nuestro programa MigraCode?<\/h3>\n\n\n\n<p class=\"has-text-align-center\">A trav\u00e9s de nuestro <a href=\"https:\/\/www.migracode.occ.vsgconsulting.eu\" target=\"_blank\" rel=\"noreferrer noopener\">MigraCode Programa de Barcelona<\/a> - una academia tecnol\u00f3gica para refugiados e inmigrantes - ya hemos creado y desarrollado con \u00e9xito asociaciones de RSC con varios socios corporativos del sector tecnol\u00f3gico, como puede ver a continuaci\u00f3n.<\/p>\n\n\n\n<div class=\"wp-block-columns are-vertically-aligned-center is-layout-flex wp-container-core-columns-is-layout-9d6595d7 wp-block-columns-is-layout-flex\">\n<div class=\"wp-block-column is-vertically-aligned-center is-layout-flow wp-block-column-is-layout-flow\">\n<figure class=\"wp-block-image\"><img decoding=\"async\" src=\"http:\/\/migracode.occ.vsgconsulting.eu\/wp-content\/uploads\/2020\/12\/adaptive-1024x228.png\" alt=\"\"\/><\/figure>\n<\/div>\n\n\n\n<div class=\"wp-block-column is-vertically-aligned-center is-layout-flow wp-block-column-is-layout-flow\">\n<figure class=\"wp-block-image\"><img decoding=\"async\" src=\"https:\/\/migracode.occ.vsgconsulting.eu\/wp-content\/uploads\/2020\/12\/glovologo.jpg\" alt=\"\"\/><\/figure>\n<\/div>\n\n\n\n<div class=\"wp-block-column is-vertically-aligned-center is-layout-flow wp-block-column-is-layout-flow\">\n<figure class=\"wp-block-image\"><img decoding=\"async\" src=\"https:\/\/migracode.occ.vsgconsulting.eu\/wp-content\/uploads\/2020\/12\/Lenovo_logo-1024x215.png\" alt=\"\"\/><\/figure>\n<\/div>\n<\/div>\n\n\n\n<div class=\"wp-block-buttons is-horizontal is-content-justification-center is-layout-flex wp-container-core-buttons-is-layout-499968f5 wp-block-buttons-is-layout-flex\">\n<div class=\"wp-block-button\"><a class=\"wp-block-button__link has-background wp-element-button\" href=\"https:\/\/migracode.occ.vsgconsulting.eu\/corporate-partners\/\" style=\"background-color:#15d4be\" target=\"_blank\" rel=\"noreferrer noopener\">Consulte m\u00e1s de nuestros socios MigraCode<\/a><\/div>\n<\/div>\n\n\n\n<div style=\"height:59px\" aria-hidden=\"true\" class=\"wp-block-spacer\"><\/div>\n\n\n\n<div class=\"wp-block-columns are-vertically-aligned-center is-layout-flex wp-container-core-columns-is-layout-9d6595d7 wp-block-columns-is-layout-flex\">\n<div class=\"wp-block-column is-vertically-aligned-center is-layout-flow wp-block-column-is-layout-flow\">\n<h3 class=\"wp-block-heading has-text-align-center\">Lenovo y MigraCode<\/h3>\n\n\n\n<div style=\"height:20px\" aria-hidden=\"true\" class=\"wp-block-spacer\"><\/div>\n\n\n\n<div id=\"wp-block-themeisle-blocks-font-awesome-icons-cbbe88b5\" class=\"wp-block-themeisle-blocks-font-awesome-icons\"><span class=\"wp-block-themeisle-blocks-font-awesome-icons-container\"><i class=\"fas fa-quote-left\"><\/i><\/span><\/div>\n\n\n\n<p class=\"has-text-align-center\"><em>\"Migracode es un ejemplo perfecto de tecnolog\u00eda m\u00e1s inteligente para todos. Creemos que tenemos la responsabilidad de garantizar un acceso equitativo a la tecnolog\u00eda, porque cuando la tecnolog\u00eda, la innovaci\u00f3n y las oportunidades est\u00e1n al alcance de m\u00e1s personas, comunidades enteras se benefician de las soluciones y mejoras que surgen. Estamos muy orgullosos de asociarnos con Migracode y esperamos que nuestra tecnolog\u00eda pueda desempe\u00f1ar un papel peque\u00f1o pero directo en el futuro de estos estudiantes.\"<\/em><\/p>\n\n\n\n<div id=\"wp-block-themeisle-blocks-font-awesome-icons-8c9860b5\" class=\"wp-block-themeisle-blocks-font-awesome-icons\"><span class=\"wp-block-themeisle-blocks-font-awesome-icons-container\"><i class=\"fas fa-quote-right\"><\/i><\/span><\/div>\n\n\n\n<p class=\"has-text-align-center\"><strong>Monica Hauser Wolff, Directora de la Fundaci\u00f3n Lenovo<\/strong><\/p>\n\n\n\n<div class=\"wp-block-buttons is-horizontal is-content-justification-center is-layout-flex wp-container-core-buttons-is-layout-499968f5 wp-block-buttons-is-layout-flex\">\n<div class=\"wp-block-button\"><a class=\"wp-block-button__link has-background wp-element-button\" href=\"https:\/\/news.lenovo.com\/barcelona-migracode-opens-technology-careers-migrant-refugee\/\" style=\"background-color:#15d4be\" target=\"_blank\" rel=\"noreferrer noopener\">MigraCode en el StoryHub de Lenovo<\/a><\/div>\n<\/div>\n<\/div>\n\n\n\n<div class=\"wp-block-column is-vertically-aligned-center is-layout-flow wp-block-column-is-layout-flow\">\n<figure class=\"wp-block-image size-full is-style-rounded\"><img loading=\"lazy\" decoding=\"async\" width=\"960\" height=\"540\" src=\"https:\/\/occ.vsgconsulting.eu\/wp-content\/uploads\/2021\/04\/P1010725migracode.jpg\" alt=\"\" class=\"wp-image-9406\" srcset=\"https:\/\/occ.vsgconsulting.eu\/wp-content\/uploads\/2021\/04\/P1010725migracode.jpg 960w, https:\/\/occ.vsgconsulting.eu\/wp-content\/uploads\/2021\/04\/P1010725migracode-300x169.jpg 300w, https:\/\/occ.vsgconsulting.eu\/wp-content\/uploads\/2021\/04\/P1010725migracode-768x432.jpg 768w, https:\/\/occ.vsgconsulting.eu\/wp-content\/uploads\/2021\/04\/P1010725migracode-16x9.jpg 16w, https:\/\/occ.vsgconsulting.eu\/wp-content\/uploads\/2021\/04\/P1010725migracode-350x196.jpg 350w, https:\/\/occ.vsgconsulting.eu\/wp-content\/uploads\/2021\/04\/P1010725migracode-600x338.jpg 600w\" sizes=\"auto, (max-width: 960px) 100vw, 960px\" \/><\/figure>\n<\/div>\n<\/div>\n\n\n\n<div style=\"height:48px\" aria-hidden=\"true\" class=\"wp-block-spacer\"><\/div>\n\n\n\n<h4 class=\"wp-block-heading has-text-align-center\">\u00bfEst\u00e1 interesado en iniciar o mejorar su Programa de Responsabilidad Social Corporativa? Rellene el siguiente formulario para que nos pongamos en contacto con usted, y nos pondremos en contacto con usted lo antes posible.<\/h4>\n\n\n<div class=\"\"><div class='_form_78'><\/div><script type='text\/javascript' src='https:\/\/openculturalcenter.activehosted.com\/f\/embed.php?static=0&id=78&69E4BAE67A394&nostyles=0&preview=0'><\/script><\/div>\n\n\n<p><\/p>\n\n\n\n<p><\/p>\n\n\n\n<div class=\"wp-block-buttons is-horizontal is-content-justification-center is-layout-flex wp-container-core-buttons-is-layout-499968f5 wp-block-buttons-is-layout-flex\"><\/div>","protected":false},"excerpt":{"rendered":"<p>Al ser una empresa socialmente responsable, surgen muchos beneficios. Esto tambi\u00e9n se entiende como Valor Compartido: obtener una ventaja competitiva al tiempo que se fortalecen las comunidades vulnerables de Espa\u00f1a o Grecia.<\/p>","protected":false},"author":1,"featured_media":9900,"parent":0,"menu_order":0,"comment_status":"closed","ping_status":"closed","template":"","meta":{"_themeisle_gutenberg_block_has_review":false,"footnotes":""},"class_list":["post-10150","page","type-page","status-publish","has-post-thumbnail","hentry","latest_post"],"yoast_head":"<!-- This site is optimized with the Yoast SEO plugin v27.4 - https:\/\/yoast.com\/product\/yoast-seo-wordpress\/ -->\n<title>Corporate Social Responsibility - Open Cultural Center<\/title>\n<meta name=\"robots\" content=\"index, follow, max-snippet:-1, max-image-preview:large, max-video-preview:-1\" \/>\n<link rel=\"canonical\" href=\"https:\/\/openculturalcenter.org\/csr\/\" \/>\n<meta property=\"og:locale\" content=\"es_ES\" \/>\n<meta property=\"og:type\" content=\"article\" \/>\n<meta property=\"og:title\" content=\"Corporate Social Responsibility - Open Cultural Center\" \/>\n<meta property=\"og:description\" content=\"By being a\u00a0socially responsible company, many benefits arise. This is also understood as\u00a0Shared Value: gaining competitive advantage while strengthening vulnerable communities in Spain or Greece.\" \/>\n<meta property=\"og:url\" content=\"https:\/\/openculturalcenter.org\/csr\/\" \/>\n<meta property=\"og:site_name\" content=\"Open Cultural Center\" \/>\n<meta property=\"article:publisher\" content=\"https:\/\/www.facebook.com\/OpenCulturalCenter\" \/>\n<meta property=\"article:modified_time\" content=\"2025-03-13T10:44:19+00:00\" \/>\n<meta property=\"og:image\" content=\"https:\/\/openculturalcenter.org\/wp-content\/uploads\/2021\/05\/classesocc.jpg\" \/>\n\t<meta property=\"og:image:width\" content=\"1920\" \/>\n\t<meta property=\"og:image:height\" content=\"1080\" \/>\n\t<meta property=\"og:image:type\" content=\"image\/jpeg\" \/>\n<meta name=\"twitter:card\" content=\"summary_large_image\" \/>\n<meta name=\"twitter:site\" content=\"@OCC_Project\" \/>\n<meta name=\"twitter:label1\" content=\"Tiempo de lectura\" \/>\n\t<meta name=\"twitter:data1\" content=\"4 minutos\" \/>\n<script type=\"application\/ld+json\" class=\"yoast-schema-graph\">{\"@context\":\"https:\\\/\\\/schema.org\",\"@graph\":[{\"@type\":\"WebPage\",\"@id\":\"https:\\\/\\\/openculturalcenter.org\\\/csr\\\/\",\"url\":\"https:\\\/\\\/openculturalcenter.org\\\/csr\\\/\",\"name\":\"Corporate Social Responsibility - Open Cultural Center\",\"isPartOf\":{\"@id\":\"https:\\\/\\\/openculturalcenter.org\\\/#website\"},\"primaryImageOfPage\":{\"@id\":\"https:\\\/\\\/openculturalcenter.org\\\/csr\\\/#primaryimage\"},\"image\":{\"@id\":\"https:\\\/\\\/openculturalcenter.org\\\/csr\\\/#primaryimage\"},\"thumbnailUrl\":\"https:\\\/\\\/occ.vsgconsulting.eu\\\/wp-content\\\/uploads\\\/2021\\\/05\\\/classesocc.jpg\",\"datePublished\":\"2021-08-17T12:27:13+00:00\",\"dateModified\":\"2025-03-13T10:44:19+00:00\",\"breadcrumb\":{\"@id\":\"https:\\\/\\\/openculturalcenter.org\\\/csr\\\/#breadcrumb\"},\"inLanguage\":\"es\",\"potentialAction\":[{\"@type\":\"ReadAction\",\"target\":[\"https:\\\/\\\/openculturalcenter.org\\\/csr\\\/\"]}]},{\"@type\":\"ImageObject\",\"inLanguage\":\"es\",\"@id\":\"https:\\\/\\\/openculturalcenter.org\\\/csr\\\/#primaryimage\",\"url\":\"https:\\\/\\\/occ.vsgconsulting.eu\\\/wp-content\\\/uploads\\\/2021\\\/05\\\/classesocc.jpg\",\"contentUrl\":\"https:\\\/\\\/occ.vsgconsulting.eu\\\/wp-content\\\/uploads\\\/2021\\\/05\\\/classesocc.jpg\",\"width\":1920,\"height\":1080},{\"@type\":\"BreadcrumbList\",\"@id\":\"https:\\\/\\\/openculturalcenter.org\\\/csr\\\/#breadcrumb\",\"itemListElement\":[{\"@type\":\"ListItem\",\"position\":1,\"name\":\"Home\",\"item\":\"https:\\\/\\\/openculturalcenter.org\\\/\"},{\"@type\":\"ListItem\",\"position\":2,\"name\":\"Corporate Social Responsibility\"}]},{\"@type\":\"WebSite\",\"@id\":\"https:\\\/\\\/openculturalcenter.org\\\/#website\",\"url\":\"https:\\\/\\\/openculturalcenter.org\\\/\",\"name\":\"Open Cultural Center\",\"description\":\"Culture Without Borders\",\"publisher\":{\"@id\":\"https:\\\/\\\/openculturalcenter.org\\\/#organization\"},\"potentialAction\":[{\"@type\":\"SearchAction\",\"target\":{\"@type\":\"EntryPoint\",\"urlTemplate\":\"https:\\\/\\\/openculturalcenter.org\\\/?s={search_term_string}\"},\"query-input\":{\"@type\":\"PropertyValueSpecification\",\"valueRequired\":true,\"valueName\":\"search_term_string\"}}],\"inLanguage\":\"es\"},{\"@type\":\"Organization\",\"@id\":\"https:\\\/\\\/openculturalcenter.org\\\/#organization\",\"name\":\"Open Cultural Center\",\"url\":\"https:\\\/\\\/openculturalcenter.org\\\/\",\"logo\":{\"@type\":\"ImageObject\",\"inLanguage\":\"es\",\"@id\":\"https:\\\/\\\/openculturalcenter.org\\\/#\\\/schema\\\/logo\\\/image\\\/\",\"url\":\"https:\\\/\\\/occ.vsgconsulting.eu\\\/wp-content\\\/uploads\\\/2025\\\/03\\\/Cobranding-OCC-RW-Logos-1.png\",\"contentUrl\":\"https:\\\/\\\/occ.vsgconsulting.eu\\\/wp-content\\\/uploads\\\/2025\\\/03\\\/Cobranding-OCC-RW-Logos-1.png\",\"width\":1768,\"height\":478,\"caption\":\"Open Cultural Center\"},\"image\":{\"@id\":\"https:\\\/\\\/openculturalcenter.org\\\/#\\\/schema\\\/logo\\\/image\\\/\"},\"sameAs\":[\"https:\\\/\\\/www.facebook.com\\\/OpenCulturalCenter\",\"https:\\\/\\\/x.com\\\/OCC_Project\"]}]}<\/script>\n<!-- \/ Yoast SEO plugin. -->","yoast_head_json":{"title":"Corporate Social Responsibility - Open Cultural Center","robots":{"index":"index","follow":"follow","max-snippet":"max-snippet:-1","max-image-preview":"max-image-preview:large","max-video-preview":"max-video-preview:-1"},"canonical":"https:\/\/openculturalcenter.org\/csr\/","og_locale":"es_ES","og_type":"article","og_title":"Corporate Social Responsibility - Open Cultural Center","og_description":"By being a\u00a0socially responsible company, many benefits arise. This is also understood as\u00a0Shared Value: gaining competitive advantage while strengthening vulnerable communities in Spain or Greece.","og_url":"https:\/\/openculturalcenter.org\/csr\/","og_site_name":"Open Cultural Center","article_publisher":"https:\/\/www.facebook.com\/OpenCulturalCenter","article_modified_time":"2025-03-13T10:44:19+00:00","og_image":[{"width":1920,"height":1080,"url":"https:\/\/openculturalcenter.org\/wp-content\/uploads\/2021\/05\/classesocc.jpg","type":"image\/jpeg"}],"twitter_card":"summary_large_image","twitter_site":"@OCC_Project","twitter_misc":{"Tiempo de lectura":"4 minutos"},"schema":{"@context":"https:\/\/schema.org","@graph":[{"@type":"WebPage","@id":"https:\/\/openculturalcenter.org\/csr\/","url":"https:\/\/openculturalcenter.org\/csr\/","name":"Corporate Social Responsibility - Open Cultural Center","isPartOf":{"@id":"https:\/\/openculturalcenter.org\/#website"},"primaryImageOfPage":{"@id":"https:\/\/openculturalcenter.org\/csr\/#primaryimage"},"image":{"@id":"https:\/\/openculturalcenter.org\/csr\/#primaryimage"},"thumbnailUrl":"https:\/\/occ.vsgconsulting.eu\/wp-content\/uploads\/2021\/05\/classesocc.jpg","datePublished":"2021-08-17T12:27:13+00:00","dateModified":"2025-03-13T10:44:19+00:00","breadcrumb":{"@id":"https:\/\/openculturalcenter.org\/csr\/#breadcrumb"},"inLanguage":"es","potentialAction":[{"@type":"ReadAction","target":["https:\/\/openculturalcenter.org\/csr\/"]}]},{"@type":"ImageObject","inLanguage":"es","@id":"https:\/\/openculturalcenter.org\/csr\/#primaryimage","url":"https:\/\/occ.vsgconsulting.eu\/wp-content\/uploads\/2021\/05\/classesocc.jpg","contentUrl":"https:\/\/occ.vsgconsulting.eu\/wp-content\/uploads\/2021\/05\/classesocc.jpg","width":1920,"height":1080},{"@type":"BreadcrumbList","@id":"https:\/\/openculturalcenter.org\/csr\/#breadcrumb","itemListElement":[{"@type":"ListItem","position":1,"name":"Home","item":"https:\/\/openculturalcenter.org\/"},{"@type":"ListItem","position":2,"name":"Corporate Social Responsibility"}]},{"@type":"WebSite","@id":"https:\/\/openculturalcenter.org\/#website","url":"https:\/\/openculturalcenter.org\/","name":"Open Cultural Center","description":"Cultura sin fronteras","publisher":{"@id":"https:\/\/openculturalcenter.org\/#organization"},"potentialAction":[{"@type":"SearchAction","target":{"@type":"EntryPoint","urlTemplate":"https:\/\/openculturalcenter.org\/?s={search_term_string}"},"query-input":{"@type":"PropertyValueSpecification","valueRequired":true,"valueName":"search_term_string"}}],"inLanguage":"es"},{"@type":"Organization","@id":"https:\/\/openculturalcenter.org\/#organization","name":"Open Cultural Center","url":"https:\/\/openculturalcenter.org\/","logo":{"@type":"ImageObject","inLanguage":"es","@id":"https:\/\/openculturalcenter.org\/#\/schema\/logo\/image\/","url":"https:\/\/occ.vsgconsulting.eu\/wp-content\/uploads\/2025\/03\/Cobranding-OCC-RW-Logos-1.png","contentUrl":"https:\/\/occ.vsgconsulting.eu\/wp-content\/uploads\/2025\/03\/Cobranding-OCC-RW-Logos-1.png","width":1768,"height":478,"caption":"Open Cultural Center"},"image":{"@id":"https:\/\/openculturalcenter.org\/#\/schema\/logo\/image\/"},"sameAs":["https:\/\/www.facebook.com\/OpenCulturalCenter","https:\/\/x.com\/OCC_Project"]}]}},"_links":{"self":[{"href":"https:\/\/occ.vsgconsulting.eu\/es\/wp-json\/wp\/v2\/pages\/10150","targetHints":{"allow":["GET"]}}],"collection":[{"href":"https:\/\/occ.vsgconsulting.eu\/es\/wp-json\/wp\/v2\/pages"}],"about":[{"href":"https:\/\/occ.vsgconsulting.eu\/es\/wp-json\/wp\/v2\/types\/page"}],"author":[{"embeddable":true,"href":"https:\/\/occ.vsgconsulting.eu\/es\/wp-json\/wp\/v2\/users\/1"}],"replies":[{"embeddable":true,"href":"https:\/\/occ.vsgconsulting.eu\/es\/wp-json\/wp\/v2\/comments?post=10150"}],"version-history":[{"count":30,"href":"https:\/\/occ.vsgconsulting.eu\/es\/wp-json\/wp\/v2\/pages\/10150\/revisions"}],"predecessor-version":[{"id":15063,"href":"https:\/\/occ.vsgconsulting.eu\/es\/wp-json\/wp\/v2\/pages\/10150\/revisions\/15063"}],"wp:featuredmedia":[{"embeddable":true,"href":"https:\/\/occ.vsgconsulting.eu\/es\/wp-json\/wp\/v2\/media\/9900"}],"wp:attachment":[{"href":"https:\/\/occ.vsgconsulting.eu\/es\/wp-json\/wp\/v2\/media?parent=10150"}],"curies":[{"name":"wp","href":"https:\/\/api.w.org\/{rel}","templated":true}]}}