{"id":11066,"date":"2022-05-27T11:01:55","date_gmt":"2022-05-27T11:01:55","guid":{"rendered":"https:\/\/occ.vsgconsulting.eu\/?page_id=11066"},"modified":"2022-05-31T17:00:01","modified_gmt":"2022-05-31T17:00:01","slug":"episode-2-wait","status":"publish","type":"page","link":"https:\/\/occ.vsgconsulting.eu\/el\/episode-2-wait\/","title":{"rendered":"\u0395\u03c0\u03b5\u03b9\u03c3\u03cc\u03b4\u03b9\u03bf 2 - \u0391\u03bd\u03b1\u03bc\u03bf\u03bd\u03ae"},"content":{"rendered":"<div class=\"wp-block-themeisle-blocks-advanced-columns has-2-columns has-desktop-oneTwo-layout has-tablet-equal-layout has-mobile-collapsedRows-layout has-default-gap has-vertical-unset\" id=\"wp-block-themeisle-blocks-advanced-columns-8b769150\"><div class=\"wp-block-themeisle-blocks-advanced-columns-overlay\"><\/div><div class=\"innerblocks-wrap\">\n<div class=\"wp-block-themeisle-blocks-advanced-column\" id=\"wp-block-themeisle-blocks-advanced-column-c8e416f4\">\n<figure class=\"wp-block-image size-large is-style-default\"><img loading=\"lazy\" decoding=\"async\" width=\"1024\" height=\"1024\" src=\"https:\/\/occ.vsgconsulting.eu\/wp-content\/uploads\/2022\/05\/2-2-1024x1024.png\" alt=\"\" class=\"wp-image-11001\" srcset=\"https:\/\/occ.vsgconsulting.eu\/wp-content\/uploads\/2022\/05\/2-2-1024x1024.png 1024w, https:\/\/occ.vsgconsulting.eu\/wp-content\/uploads\/2022\/05\/2-2-300x300.png 300w, https:\/\/occ.vsgconsulting.eu\/wp-content\/uploads\/2022\/05\/2-2-150x150.png 150w, https:\/\/occ.vsgconsulting.eu\/wp-content\/uploads\/2022\/05\/2-2-768x768.png 768w, https:\/\/occ.vsgconsulting.eu\/wp-content\/uploads\/2022\/05\/2-2-1536x1536.png 1536w, https:\/\/occ.vsgconsulting.eu\/wp-content\/uploads\/2022\/05\/2-2-12x12.png 12w, https:\/\/occ.vsgconsulting.eu\/wp-content\/uploads\/2022\/05\/2-2-275x275.png 275w, https:\/\/occ.vsgconsulting.eu\/wp-content\/uploads\/2022\/05\/2-2-75x75.png 75w, https:\/\/occ.vsgconsulting.eu\/wp-content\/uploads\/2022\/05\/2-2-600x600.png 600w, https:\/\/occ.vsgconsulting.eu\/wp-content\/uploads\/2022\/05\/2-2-100x100.png 100w, https:\/\/occ.vsgconsulting.eu\/wp-content\/uploads\/2022\/05\/2-2.png 2047w\" sizes=\"auto, (max-width: 1024px) 100vw, 1024px\" \/><\/figure>\n<\/div>\n\n\n\n<div class=\"wp-block-themeisle-blocks-advanced-column\" id=\"wp-block-themeisle-blocks-advanced-column-a37624c9\">\n<h2 class=\"has-medium-font-size wp-block-heading\">\u03a4\u03bf OCC Podcast<\/h2>\n\n\n\n<p class=\"has-large-font-size\">\u0395\u03c0\u03b5\u03b9\u03c3\u03cc\u03b4\u03b9\u03bf 2 - \u0391\u03bd\u03b1\u03bc\u03bf\u03bd\u03ae<\/p>\n\n\n\n<p class=\"has-small-font-size\">\u0391\u03c0\u03cc \u03c4\u03b7\u03bd Bel\u00e9n S\u00e1nchez Berm\u00fadez, \u03b3\u03b9\u03b1 \u03c4\u03bf OCC<\/p>\n\n\n\n<p>\u0397 Duniya \u03ba\u03b1\u03b9 \u03b7 Arezo \u03b5\u03be\u03b7\u03b3\u03bf\u03cd\u03bd \u03c4\u03b7\u03bd \u03c0\u03bf\u03bb\u03c5\u03c0\u03bb\u03bf\u03ba\u03cc\u03c4\u03b7\u03c4\u03b1 \u03c4\u03b7\u03c2 \u03b4\u03b9\u03b1\u03b4\u03b9\u03ba\u03b1\u03c3\u03af\u03b1\u03c2 \u03b1\u03af\u03c4\u03b7\u03c3\u03b7\u03c2 \u03b1\u03c3\u03cd\u03bb\u03bf\u03c5 \u03c3\u03c4\u03b7\u03bd \u0395\u03bb\u03bb\u03ac\u03b4\u03b1, \u03ba\u03b1\u03b8\u03ce\u03c2 \u03ba\u03b1\u03b9 \u03c4\u03b7\u03bd \u03b5\u03bc\u03c0\u03b5\u03b9\u03c1\u03af\u03b1 \u03c4\u03bf\u03c5\u03c2 \u03c9\u03c2 \u03b5\u03b8\u03b5\u03bb\u03bf\u03bd\u03c4\u03ad\u03c2 \u03c3\u03c4\u03bf OCC. \u039c\u03b9\u03bb\u03bf\u03cd\u03bd \u03b3\u03b9\u03b1 \u03c4\u03b9\u03c2 \u03b4\u03c5\u03bd\u03b1\u03c4\u03cc\u03c4\u03b7\u03c4\u03ad\u03c2 \u03c4\u03bf\u03c5\u03c2 \u03c9\u03c2 \u03b3\u03c5\u03bd\u03b1\u03af\u03ba\u03b5\u03c2 \u03c0\u03c1\u03cc\u03c3\u03c6\u03c5\u03b3\u03b5\u03c2 \u03ba\u03b1\u03b9 \u03b6\u03b7\u03c4\u03bf\u03cd\u03bd \u03b1\u03be\u03b9\u03bf\u03c0\u03c1\u03b5\u03c0\u03ae \u03bc\u03b5\u03c4\u03b1\u03c7\u03b5\u03af\u03c1\u03b9\u03c3\u03b7.<\/p>\n\n\n\n<figure class=\"wp-block-audio\"><audio controls src=\"https:\/\/occ.vsgconsulting.eu\/wp-content\/uploads\/2022\/05\/EPISODE-2-WAIT.mp3\"><\/audio><\/figure>\n\n\n\n<p><br><\/p>\n<\/div>\n<\/div><\/div>\n\n\n\n<div class=\"wp-block-buttons is-content-justification-left is-layout-flex wp-container-core-buttons-is-layout-fdcfc74e wp-block-buttons-is-layout-flex\">\n<div class=\"wp-block-button\"><a class=\"wp-block-button__link has-pale-pink-background-color has-background\" href=\"https:\/\/occ.vsgconsulting.eu\/el\/episode-1-hope\/\">&lt;- \u03a0\u03c1\u03bf\u03b7\u03b3\u03bf\u03cd\u03bc\u03b5\u03bd\u03bf \u03b5\u03c0\u03b5\u03b9\u03c3\u03cc\u03b4\u03b9\u03bf<\/a><\/div>\n<\/div>","protected":false},"excerpt":{"rendered":"","protected":false},"author":32,"featured_media":0,"parent":0,"menu_order":0,"comment_status":"closed","ping_status":"closed","template":"","meta":{"_themeisle_gutenberg_block_has_review":false,"footnotes":""},"class_list":["post-11066","page","type-page","status-publish","hentry","latest_post"],"yoast_head":"<!-- This site is optimized with the Yoast SEO plugin v27.4 - https:\/\/yoast.com\/product\/yoast-seo-wordpress\/ -->\n<title>Episode 2 - Wait - Open Cultural Center<\/title>\n<meta name=\"robots\" content=\"index, follow, max-snippet:-1, max-image-preview:large, max-video-preview:-1\" \/>\n<link rel=\"canonical\" href=\"https:\/\/openculturalcenter.org\/episode-2-wait\/\" \/>\n<meta property=\"og:locale\" content=\"el_GR\" \/>\n<meta property=\"og:type\" content=\"article\" \/>\n<meta property=\"og:title\" content=\"Episode 2 - Wait - Open Cultural Center\" \/>\n<meta property=\"og:url\" content=\"https:\/\/openculturalcenter.org\/episode-2-wait\/\" \/>\n<meta property=\"og:site_name\" content=\"Open Cultural Center\" \/>\n<meta property=\"article:publisher\" content=\"https:\/\/www.facebook.com\/OpenCulturalCenter\" \/>\n<meta property=\"article:modified_time\" content=\"2022-05-31T17:00:01+00:00\" \/>\n<meta property=\"og:image\" content=\"https:\/\/openculturalcenter.org\/wp-content\/uploads\/2022\/05\/2-2-1024x1024.png\" \/>\n<meta name=\"twitter:card\" content=\"summary_large_image\" \/>\n<meta name=\"twitter:site\" content=\"@OCC_Project\" \/>\n<meta name=\"twitter:label1\" content=\"\u0395\u03ba\u03c4\u03b9\u03bc\u03ce\u03bc\u03b5\u03bd\u03bf\u03c2 \u03c7\u03c1\u03cc\u03bd\u03bf\u03c2 \u03b1\u03bd\u03ac\u03b3\u03bd\u03c9\u03c3\u03b7\u03c2\" \/>\n\t<meta name=\"twitter:data1\" content=\"1 \u03bb\u03b5\u03c0\u03c4\u03cc\" \/>\n<script type=\"application\/ld+json\" class=\"yoast-schema-graph\">{\"@context\":\"https:\\\/\\\/schema.org\",\"@graph\":[{\"@type\":\"WebPage\",\"@id\":\"https:\\\/\\\/openculturalcenter.org\\\/episode-2-wait\\\/\",\"url\":\"https:\\\/\\\/openculturalcenter.org\\\/episode-2-wait\\\/\",\"name\":\"Episode 2 - Wait - Open Cultural Center\",\"isPartOf\":{\"@id\":\"https:\\\/\\\/openculturalcenter.org\\\/#website\"},\"primaryImageOfPage\":{\"@id\":\"https:\\\/\\\/openculturalcenter.org\\\/episode-2-wait\\\/#primaryimage\"},\"image\":{\"@id\":\"https:\\\/\\\/openculturalcenter.org\\\/episode-2-wait\\\/#primaryimage\"},\"thumbnailUrl\":\"https:\\\/\\\/occ.vsgconsulting.eu\\\/wp-content\\\/uploads\\\/2022\\\/05\\\/2-2-1024x1024.png\",\"datePublished\":\"2022-05-27T11:01:55+00:00\",\"dateModified\":\"2022-05-31T17:00:01+00:00\",\"breadcrumb\":{\"@id\":\"https:\\\/\\\/openculturalcenter.org\\\/episode-2-wait\\\/#breadcrumb\"},\"inLanguage\":\"el\",\"potentialAction\":[{\"@type\":\"ReadAction\",\"target\":[\"https:\\\/\\\/openculturalcenter.org\\\/episode-2-wait\\\/\"]}]},{\"@type\":\"ImageObject\",\"inLanguage\":\"el\",\"@id\":\"https:\\\/\\\/openculturalcenter.org\\\/episode-2-wait\\\/#primaryimage\",\"url\":\"https:\\\/\\\/occ.vsgconsulting.eu\\\/wp-content\\\/uploads\\\/2022\\\/05\\\/2-2-1024x1024.png\",\"contentUrl\":\"https:\\\/\\\/occ.vsgconsulting.eu\\\/wp-content\\\/uploads\\\/2022\\\/05\\\/2-2-1024x1024.png\"},{\"@type\":\"BreadcrumbList\",\"@id\":\"https:\\\/\\\/openculturalcenter.org\\\/episode-2-wait\\\/#breadcrumb\",\"itemListElement\":[{\"@type\":\"ListItem\",\"position\":1,\"name\":\"Home\",\"item\":\"https:\\\/\\\/openculturalcenter.org\\\/\"},{\"@type\":\"ListItem\",\"position\":2,\"name\":\"Episode 2 &#8211; Wait\"}]},{\"@type\":\"WebSite\",\"@id\":\"https:\\\/\\\/openculturalcenter.org\\\/#website\",\"url\":\"https:\\\/\\\/openculturalcenter.org\\\/\",\"name\":\"Open Cultural Center\",\"description\":\"Culture Without Borders\",\"publisher\":{\"@id\":\"https:\\\/\\\/openculturalcenter.org\\\/#organization\"},\"potentialAction\":[{\"@type\":\"SearchAction\",\"target\":{\"@type\":\"EntryPoint\",\"urlTemplate\":\"https:\\\/\\\/openculturalcenter.org\\\/?s={search_term_string}\"},\"query-input\":{\"@type\":\"PropertyValueSpecification\",\"valueRequired\":true,\"valueName\":\"search_term_string\"}}],\"inLanguage\":\"el\"},{\"@type\":\"Organization\",\"@id\":\"https:\\\/\\\/openculturalcenter.org\\\/#organization\",\"name\":\"Open Cultural Center\",\"url\":\"https:\\\/\\\/openculturalcenter.org\\\/\",\"logo\":{\"@type\":\"ImageObject\",\"inLanguage\":\"el\",\"@id\":\"https:\\\/\\\/openculturalcenter.org\\\/#\\\/schema\\\/logo\\\/image\\\/\",\"url\":\"https:\\\/\\\/occ.vsgconsulting.eu\\\/wp-content\\\/uploads\\\/2025\\\/03\\\/Cobranding-OCC-RW-Logos-1.png\",\"contentUrl\":\"https:\\\/\\\/occ.vsgconsulting.eu\\\/wp-content\\\/uploads\\\/2025\\\/03\\\/Cobranding-OCC-RW-Logos-1.png\",\"width\":1768,\"height\":478,\"caption\":\"Open Cultural Center\"},\"image\":{\"@id\":\"https:\\\/\\\/openculturalcenter.org\\\/#\\\/schema\\\/logo\\\/image\\\/\"},\"sameAs\":[\"https:\\\/\\\/www.facebook.com\\\/OpenCulturalCenter\",\"https:\\\/\\\/x.com\\\/OCC_Project\"]}]}<\/script>\n<!-- \/ Yoast SEO plugin. -->","yoast_head_json":{"title":"Episode 2 - Wait - Open Cultural Center","robots":{"index":"index","follow":"follow","max-snippet":"max-snippet:-1","max-image-preview":"max-image-preview:large","max-video-preview":"max-video-preview:-1"},"canonical":"https:\/\/openculturalcenter.org\/episode-2-wait\/","og_locale":"el_GR","og_type":"article","og_title":"Episode 2 - Wait - Open Cultural Center","og_url":"https:\/\/openculturalcenter.org\/episode-2-wait\/","og_site_name":"Open Cultural Center","article_publisher":"https:\/\/www.facebook.com\/OpenCulturalCenter","article_modified_time":"2022-05-31T17:00:01+00:00","og_image":[{"url":"https:\/\/openculturalcenter.org\/wp-content\/uploads\/2022\/05\/2-2-1024x1024.png","type":"","width":"","height":""}],"twitter_card":"summary_large_image","twitter_site":"@OCC_Project","twitter_misc":{"\u0395\u03ba\u03c4\u03b9\u03bc\u03ce\u03bc\u03b5\u03bd\u03bf\u03c2 \u03c7\u03c1\u03cc\u03bd\u03bf\u03c2 \u03b1\u03bd\u03ac\u03b3\u03bd\u03c9\u03c3\u03b7\u03c2":"1 \u03bb\u03b5\u03c0\u03c4\u03cc"},"schema":{"@context":"https:\/\/schema.org","@graph":[{"@type":"WebPage","@id":"https:\/\/openculturalcenter.org\/episode-2-wait\/","url":"https:\/\/openculturalcenter.org\/episode-2-wait\/","name":"Episode 2 - Wait - Open Cultural Center","isPartOf":{"@id":"https:\/\/openculturalcenter.org\/#website"},"primaryImageOfPage":{"@id":"https:\/\/openculturalcenter.org\/episode-2-wait\/#primaryimage"},"image":{"@id":"https:\/\/openculturalcenter.org\/episode-2-wait\/#primaryimage"},"thumbnailUrl":"https:\/\/occ.vsgconsulting.eu\/wp-content\/uploads\/2022\/05\/2-2-1024x1024.png","datePublished":"2022-05-27T11:01:55+00:00","dateModified":"2022-05-31T17:00:01+00:00","breadcrumb":{"@id":"https:\/\/openculturalcenter.org\/episode-2-wait\/#breadcrumb"},"inLanguage":"el","potentialAction":[{"@type":"ReadAction","target":["https:\/\/openculturalcenter.org\/episode-2-wait\/"]}]},{"@type":"ImageObject","inLanguage":"el","@id":"https:\/\/openculturalcenter.org\/episode-2-wait\/#primaryimage","url":"https:\/\/occ.vsgconsulting.eu\/wp-content\/uploads\/2022\/05\/2-2-1024x1024.png","contentUrl":"https:\/\/occ.vsgconsulting.eu\/wp-content\/uploads\/2022\/05\/2-2-1024x1024.png"},{"@type":"BreadcrumbList","@id":"https:\/\/openculturalcenter.org\/episode-2-wait\/#breadcrumb","itemListElement":[{"@type":"ListItem","position":1,"name":"Home","item":"https:\/\/openculturalcenter.org\/"},{"@type":"ListItem","position":2,"name":"Episode 2 &#8211; Wait"}]},{"@type":"WebSite","@id":"https:\/\/openculturalcenter.org\/#website","url":"https:\/\/openculturalcenter.org\/","name":"\u0391\u03bd\u03bf\u03b9\u03c7\u03c4\u03cc \u03a0\u03bf\u03bb\u03b9\u03c4\u03b9\u03c3\u03c4\u03b9\u03ba\u03cc \u039a\u03ad\u03bd\u03c4\u03c1\u03bf","description":"\u03a0\u03bf\u03bb\u03b9\u03c4\u03b9\u03c3\u03bc\u03cc\u03c2 \u03c7\u03c9\u03c1\u03af\u03c2 \u03c3\u03cd\u03bd\u03bf\u03c1\u03b1","publisher":{"@id":"https:\/\/openculturalcenter.org\/#organization"},"potentialAction":[{"@type":"SearchAction","target":{"@type":"EntryPoint","urlTemplate":"https:\/\/openculturalcenter.org\/?s={search_term_string}"},"query-input":{"@type":"PropertyValueSpecification","valueRequired":true,"valueName":"search_term_string"}}],"inLanguage":"el"},{"@type":"Organization","@id":"https:\/\/openculturalcenter.org\/#organization","name":"\u0391\u03bd\u03bf\u03b9\u03c7\u03c4\u03cc \u03a0\u03bf\u03bb\u03b9\u03c4\u03b9\u03c3\u03c4\u03b9\u03ba\u03cc \u039a\u03ad\u03bd\u03c4\u03c1\u03bf","url":"https:\/\/openculturalcenter.org\/","logo":{"@type":"ImageObject","inLanguage":"el","@id":"https:\/\/openculturalcenter.org\/#\/schema\/logo\/image\/","url":"https:\/\/occ.vsgconsulting.eu\/wp-content\/uploads\/2025\/03\/Cobranding-OCC-RW-Logos-1.png","contentUrl":"https:\/\/occ.vsgconsulting.eu\/wp-content\/uploads\/2025\/03\/Cobranding-OCC-RW-Logos-1.png","width":1768,"height":478,"caption":"Open Cultural Center"},"image":{"@id":"https:\/\/openculturalcenter.org\/#\/schema\/logo\/image\/"},"sameAs":["https:\/\/www.facebook.com\/OpenCulturalCenter","https:\/\/x.com\/OCC_Project"]}]}},"_links":{"self":[{"href":"https:\/\/occ.vsgconsulting.eu\/el\/wp-json\/wp\/v2\/pages\/11066","targetHints":{"allow":["GET"]}}],"collection":[{"href":"https:\/\/occ.vsgconsulting.eu\/el\/wp-json\/wp\/v2\/pages"}],"about":[{"href":"https:\/\/occ.vsgconsulting.eu\/el\/wp-json\/wp\/v2\/types\/page"}],"author":[{"embeddable":true,"href":"https:\/\/occ.vsgconsulting.eu\/el\/wp-json\/wp\/v2\/users\/32"}],"replies":[{"embeddable":true,"href":"https:\/\/occ.vsgconsulting.eu\/el\/wp-json\/wp\/v2\/comments?post=11066"}],"version-history":[{"count":3,"href":"https:\/\/occ.vsgconsulting.eu\/el\/wp-json\/wp\/v2\/pages\/11066\/revisions"}],"predecessor-version":[{"id":11098,"href":"https:\/\/occ.vsgconsulting.eu\/el\/wp-json\/wp\/v2\/pages\/11066\/revisions\/11098"}],"wp:attachment":[{"href":"https:\/\/occ.vsgconsulting.eu\/el\/wp-json\/wp\/v2\/media?parent=11066"}],"curies":[{"name":"wp","href":"https:\/\/api.w.org\/{rel}","templated":true}]}}