{"id":3634,"date":"2018-10-12T08:56:11","date_gmt":"2018-10-12T08:56:11","guid":{"rendered":"https:\/\/occ.vsgconsulting.eu\/occbcn\/?page_id=3634"},"modified":"2025-07-01T14:10:37","modified_gmt":"2025-07-01T14:10:37","slug":"become-a-member","status":"publish","type":"page","link":"https:\/\/occ.vsgconsulting.eu\/ca\/become-a-member\/","title":{"rendered":"Feu-vos membre d&#039;Open Cultural Center"},"content":{"rendered":"\n<p><strong>Open Cultural Center is a nonprofit organization that is mostly run by volunteers from all over the world. At the same time, like any NGO, we need to cover our base expenses. We do this through partnerships with the European Union and other public and corporate financial sources. However, another important source of our funding is our members: individuals who support our work on a regular basis!<\/strong><\/p>\n\n\n\n<div class=\"wp-block-columns are-vertically-aligned-center is-layout-flex wp-container-core-columns-is-layout-9d6595d7 wp-block-columns-is-layout-flex\">\n<div class=\"wp-block-column is-vertically-aligned-center is-layout-flow wp-block-column-is-layout-flow\">\n<h3 class=\"wp-block-heading\">The benefits of our membership<\/h3>\n\n\n\n<ul id=\"block-019f0450-f851-42ea-84fa-c27f4dff263f\" class=\"wp-block-list\">\n<li>You will get free access to our <a href=\"https:\/\/occ.vsgconsulting.eu\/language-lab\/\" data-type=\"link\" data-id=\"https:\/\/occ.vsgconsulting.eu\/language-lab\/\" target=\"_blank\" rel=\"noreferrer noopener\">Language Lab<\/a> (<em>20-euro membership<\/em>).<\/li>\n\n\n\n<li>You will receive a copy of our book&nbsp;<a data-type=\"link\" data-id=\"https:\/\/occ.vsgconsulting.eu\/my-friend-2\/\" href=\"https:\/\/occ.vsgconsulting.eu\/my-friend-2\/\"><em>My Friend!<\/em><\/a> for free along with a beautiful bookmark illustrated by one of our student.<\/li>\n\n\n\n<li>You will support projects that directly help the situation of the migrant and refugee communities in Spain and Greece. <\/li>\n<\/ul>\n<\/div>\n\n\n\n<div class=\"wp-block-column is-vertically-aligned-center is-layout-flow wp-block-column-is-layout-flow\">\n<figure class=\"wp-block-gallery has-nested-images columns-default wp-block-gallery-1 is-layout-flex wp-block-gallery-is-layout-flex\">\n<figure class=\"wp-block-image size-full\"><img loading=\"lazy\" decoding=\"async\" width=\"500\" height=\"500\" data-id=\"14210\" src=\"https:\/\/occ.vsgconsulting.eu\/wp-content\/uploads\/2024\/07\/Bookmark-Language-Lab-Student.png\" alt=\"\" class=\"wp-image-14210\" srcset=\"https:\/\/occ.vsgconsulting.eu\/wp-content\/uploads\/2024\/07\/Bookmark-Language-Lab-Student.png 500w, https:\/\/occ.vsgconsulting.eu\/wp-content\/uploads\/2024\/07\/Bookmark-Language-Lab-Student-300x300.png 300w, https:\/\/occ.vsgconsulting.eu\/wp-content\/uploads\/2024\/07\/Bookmark-Language-Lab-Student-150x150.png 150w, https:\/\/occ.vsgconsulting.eu\/wp-content\/uploads\/2024\/07\/Bookmark-Language-Lab-Student-12x12.png 12w, https:\/\/occ.vsgconsulting.eu\/wp-content\/uploads\/2024\/07\/Bookmark-Language-Lab-Student-275x275.png 275w, https:\/\/occ.vsgconsulting.eu\/wp-content\/uploads\/2024\/07\/Bookmark-Language-Lab-Student-75x75.png 75w\" sizes=\"auto, (max-width: 500px) 100vw, 500px\" \/><\/figure>\n\n\n\n<figure class=\"wp-block-image size-full\"><img loading=\"lazy\" decoding=\"async\" width=\"1101\" height=\"688\" data-id=\"9354\" src=\"https:\/\/occ.vsgconsulting.eu\/wp-content\/uploads\/2021\/04\/SPANISH-edited.png\" alt=\"\" class=\"wp-image-9354\" srcset=\"https:\/\/occ.vsgconsulting.eu\/wp-content\/uploads\/2021\/04\/SPANISH-edited.png 1101w, https:\/\/occ.vsgconsulting.eu\/wp-content\/uploads\/2021\/04\/SPANISH-edited-300x187.png 300w, https:\/\/occ.vsgconsulting.eu\/wp-content\/uploads\/2021\/04\/SPANISH-edited-1024x640.png 1024w, https:\/\/occ.vsgconsulting.eu\/wp-content\/uploads\/2021\/04\/SPANISH-edited-768x480.png 768w, https:\/\/occ.vsgconsulting.eu\/wp-content\/uploads\/2021\/04\/SPANISH-edited-16x10.png 16w, https:\/\/occ.vsgconsulting.eu\/wp-content\/uploads\/2021\/04\/SPANISH-edited-600x375.png 600w, https:\/\/occ.vsgconsulting.eu\/wp-content\/uploads\/2021\/04\/SPANISH-edited-96x60.png 96w, https:\/\/occ.vsgconsulting.eu\/wp-content\/uploads\/2021\/04\/SPANISH-edited-144x90.png 144w\" sizes=\"auto, (max-width: 1101px) 100vw, 1101px\" \/><\/figure>\n<\/figure>\n<\/div>\n<\/div>\n\n\n\n<div class=\"wp-block-columns are-vertically-aligned-top is-layout-flex wp-container-core-columns-is-layout-9d6595d7 wp-block-columns-is-layout-flex\">\n<div class=\"wp-block-column is-vertically-aligned-top is-layout-flow wp-block-column-is-layout-flow\">\n<h3 class=\"wp-block-heading has-text-align-left\" id=\"how-to-become-a-member\">How to become a member?<\/h3>\n\n\n\n<div class=\"wp-block-columns is-layout-flex wp-container-core-columns-is-layout-9d6595d7 wp-block-columns-is-layout-flex\">\n<div class=\"wp-block-column is-vertically-aligned-center is-layout-flow wp-block-column-is-layout-flow\">\n<p class=\"has-text-align-left\">All you need to do is <strong>fill out this form<\/strong>. When choosing the 20-euro membership, you will receive an email with a link to register for classes. <\/p>\n\n\n\n<div class=\"wp-block-columns is-layout-flex wp-container-core-columns-is-layout-9d6595d7 wp-block-columns-is-layout-flex\">\n<div class=\"wp-block-column is-layout-flow wp-block-column-is-layout-flow\" style=\"flex-basis:25%\"><\/div>\n\n\n\n<div class=\"wp-block-column is-layout-flow wp-block-column-is-layout-flow\" style=\"flex-basis:50%\">\n<script src=\"https:\/\/donorbox.org\/widget.js\" paypalExpress=\"false\"><\/script> <iframe loading=\"lazy\" src=\"https:\/\/donorbox.org\/embed\/occ_members?\" name=\"donorbox\" allowpaymentrequest=\"allowpaymentrequest\" seamless=\"seamless\" frameborder=\"0\" scrolling=\"no\" height=\"900px\" width=\"100%\" style=\"max-width: 500px; min-width: 250px; max-height:none!important\" allow=\"payment\"><\/iframe>\n<\/div>\n\n\n\n<div class=\"wp-block-column is-layout-flow wp-block-column-is-layout-flow\" style=\"flex-basis:25%\"><\/div>\n<\/div>\n<\/div>\n<\/div>\n<\/div>\n<\/div>\n\n\n\n<h3 class=\"wp-block-heading\" id=\"learn-spanish-catalan-or-arabic-through-your-membership\">Learn Arabic, English, Spanish, or Catalan through your membership!<\/h3>\n\n\n\n<p>With help from volunteers from all over the world, we offer free language classes to our members interested in learning a new language or improving their language skills. Right after you sign up as a Language Lab member (20-euro membership), <strong>you get the option to fill out a form to join our language classes<\/strong>.<\/p>\n\n\n\n<div id=\"wp-block-themeisle-blocks-slider-a3d45c56\" class=\"wp-block-themeisle-blocks-slider glide\" data-per-view=\"1\" data-gap=\"0\" data-peek=\"0\" data-autoplay=\"true\" data-height=\"500px\" data-hide-arrows=\"false\"><div class=\"glide__track\" data-glide-el=\"track\"><div class=\"glide__slides\"><div class=\"wp-block-themeisle-blocks-slider-item-wrapper glide__slide\" tabindex=\"0\"><figure><img decoding=\"async\" class=\"wp-block-themeisle-blocks-slider-item\" src=\"https:\/\/occ.vsgconsulting.eu\/wp-content\/uploads\/2023\/09\/Language_Lab2-scaled.webp\" alt=\"\" title=\"\" data-id=\"12527\"\/><\/figure><\/div><div class=\"wp-block-themeisle-blocks-slider-item-wrapper glide__slide\" tabindex=\"0\"><figure><img decoding=\"async\" class=\"wp-block-themeisle-blocks-slider-item\" src=\"https:\/\/occ.vsgconsulting.eu\/wp-content\/uploads\/2023\/09\/DSC_0410-scaled.webp\" alt=\"\" title=\"\" data-id=\"12524\"\/><\/figure><\/div><div class=\"wp-block-themeisle-blocks-slider-item-wrapper glide__slide\" tabindex=\"0\"><figure><img decoding=\"async\" class=\"wp-block-themeisle-blocks-slider-item\" src=\"https:\/\/occ.vsgconsulting.eu\/wp-content\/uploads\/2023\/09\/Language-Lab-scaled.webp\" alt=\"\" title=\"\" data-id=\"12528\"\/><\/figure><\/div><div class=\"wp-block-themeisle-blocks-slider-item-wrapper glide__slide\" tabindex=\"0\"><figure><img decoding=\"async\" class=\"wp-block-themeisle-blocks-slider-item\" src=\"https:\/\/occ.vsgconsulting.eu\/wp-content\/uploads\/2023\/09\/IMG_2623-scaled.webp\" alt=\"\" title=\"\" data-id=\"12526\"\/><\/figure><\/div><\/div><div class=\"glide__bullets\" data-glide-el=\"controls[nav]\"><button class=\"glide__bullet\" data-glide-dir=\"=0\"><\/button><button class=\"glide__bullet\" data-glide-dir=\"=1\"><\/button><button class=\"glide__bullet\" data-glide-dir=\"=2\"><\/button><button class=\"glide__bullet\" data-glide-dir=\"=3\"><\/button><\/div><\/div><\/div>\n\n\n\n<div style=\"height:29px\" aria-hidden=\"true\" class=\"wp-block-spacer\"><\/div>\n\n\n\n<div style=\"height:20px\" aria-hidden=\"true\" class=\"wp-block-spacer\"><\/div>\n\n\n\n<h3 class=\"wp-block-heading has-text-align-left\" id=\"are-you-a-member-already\">Membership FAQs<\/h3>\n\n\n\n<ul class=\"wp-block-list\">\n<li><strong>How can I change my membership?<\/strong><\/li>\n<\/ul>\n\n\n\n<p>We manage our donors and members via <strong>Donorbox<\/strong>. If you want to make any changes to your donation amount or stop your membership, you can request an account&nbsp;<a rel=\"noreferrer noopener\" href=\"https:\/\/donorbox.org\/es\/user_session\/new\" target=\"_blank\">here<\/a>&nbsp;and log in to make changes. However, if you paid via <strong>PayPal<\/strong>, you can make changes through your PayPal account&nbsp;<a rel=\"noreferrer noopener\" href=\"https:\/\/www.paypal.com\/myaccount\/autopay\/\" target=\"_blank\">here<\/a>.<\/p>\n\n\n\n<ul class=\"wp-block-list\">\n<li><strong>What if I need further support?<\/strong><\/li>\n<\/ul>\n\n\n\n<p>If you still have doubts about your membership, or you are not able to make any changes, please contact us at&nbsp;<a href=\"mailto:membership@occ.vsgconsulting.eu\">membership@occ.vsgconsulting.eu<\/a>.<\/p>\n\n\n\n<p>If you have specific questions about the Language Lab membership, please contact us at&nbsp;<a href=\"mailto:languages@occ.vsgconsulting.eu\">languages@occ.vsgconsulting.eu<\/a>.<\/p>\n","protected":false},"excerpt":{"rendered":"<p>Open Cultural Center \u00e9s una organitzaci\u00f3 sense \u00e0nim de lucre dirigida principalment per voluntaris de tot el m\u00f3n. Al mateix temps, com qualsevol ONG, hem de cobrir les nostres despeses de base. Ho fem a trav\u00e9s d&#039;associacions amb la Uni\u00f3 Europea i altres fonts financeres p\u00fabliques i corporatives. Tanmateix, una altra font important del nostre finan\u00e7ament s\u00f3n els nostres membres: persones que... <\/p>","protected":false},"author":1,"featured_media":3760,"parent":0,"menu_order":0,"comment_status":"closed","ping_status":"closed","template":"","meta":{"_themeisle_gutenberg_block_has_review":false,"footnotes":""},"class_list":["post-3634","page","type-page","status-publish","has-post-thumbnail","hentry","latest_post"],"yoast_head":"<!-- This site is optimized with the Yoast SEO plugin v27.4 - https:\/\/yoast.com\/product\/yoast-seo-wordpress\/ -->\n<title>Become a member of Open Cultural Center - Open Cultural Center<\/title>\n<meta name=\"robots\" content=\"index, follow, max-snippet:-1, max-image-preview:large, max-video-preview:-1\" \/>\n<link rel=\"canonical\" href=\"https:\/\/openculturalcenter.org\/become-a-member\/\" \/>\n<meta property=\"og:locale\" content=\"ca_ES\" \/>\n<meta property=\"og:type\" content=\"article\" \/>\n<meta property=\"og:title\" content=\"Become a member of Open Cultural Center - Open Cultural Center\" \/>\n<meta property=\"og:description\" content=\"Open Cultural Center is a nonprofit organization that is mostly run by volunteers from all over the world. At the same time, like any NGO, we need to cover our base expenses. We do this through partnerships with the European Union and other public and corporate financial sources. However, another important source of our funding is our members: individuals who &hellip;\" \/>\n<meta property=\"og:url\" content=\"https:\/\/openculturalcenter.org\/become-a-member\/\" \/>\n<meta property=\"og:site_name\" content=\"Open Cultural Center\" \/>\n<meta property=\"article:publisher\" content=\"https:\/\/www.facebook.com\/OpenCulturalCenter\" \/>\n<meta property=\"article:modified_time\" content=\"2025-07-01T14:10:37+00:00\" \/>\n<meta property=\"og:image\" content=\"https:\/\/openculturalcenter.org\/wp-content\/uploads\/2018\/10\/occ-017.jpg\" \/>\n\t<meta property=\"og:image:width\" content=\"1300\" \/>\n\t<meta property=\"og:image:height\" content=\"866\" \/>\n\t<meta property=\"og:image:type\" content=\"image\/jpeg\" \/>\n<meta name=\"twitter:card\" content=\"summary_large_image\" \/>\n<meta name=\"twitter:site\" content=\"@OCC_Project\" \/>\n<meta name=\"twitter:label1\" content=\"Temps estimat de lectura\" \/>\n\t<meta name=\"twitter:data1\" content=\"3 minuts\" \/>\n<script type=\"application\/ld+json\" class=\"yoast-schema-graph\">{\"@context\":\"https:\\\/\\\/schema.org\",\"@graph\":[{\"@type\":\"WebPage\",\"@id\":\"https:\\\/\\\/openculturalcenter.org\\\/become-a-member\\\/\",\"url\":\"https:\\\/\\\/openculturalcenter.org\\\/become-a-member\\\/\",\"name\":\"Become a member of Open Cultural Center - Open Cultural Center\",\"isPartOf\":{\"@id\":\"https:\\\/\\\/openculturalcenter.org\\\/#website\"},\"primaryImageOfPage\":{\"@id\":\"https:\\\/\\\/openculturalcenter.org\\\/become-a-member\\\/#primaryimage\"},\"image\":{\"@id\":\"https:\\\/\\\/openculturalcenter.org\\\/become-a-member\\\/#primaryimage\"},\"thumbnailUrl\":\"https:\\\/\\\/occ.vsgconsulting.eu\\\/wp-content\\\/uploads\\\/2018\\\/10\\\/occ-017.jpg\",\"datePublished\":\"2018-10-12T08:56:11+00:00\",\"dateModified\":\"2025-07-01T14:10:37+00:00\",\"breadcrumb\":{\"@id\":\"https:\\\/\\\/openculturalcenter.org\\\/become-a-member\\\/#breadcrumb\"},\"inLanguage\":\"ca\",\"potentialAction\":[{\"@type\":\"ReadAction\",\"target\":[\"https:\\\/\\\/openculturalcenter.org\\\/become-a-member\\\/\"]}]},{\"@type\":\"ImageObject\",\"inLanguage\":\"ca\",\"@id\":\"https:\\\/\\\/openculturalcenter.org\\\/become-a-member\\\/#primaryimage\",\"url\":\"https:\\\/\\\/occ.vsgconsulting.eu\\\/wp-content\\\/uploads\\\/2018\\\/10\\\/occ-017.jpg\",\"contentUrl\":\"https:\\\/\\\/occ.vsgconsulting.eu\\\/wp-content\\\/uploads\\\/2018\\\/10\\\/occ-017.jpg\",\"width\":1300,\"height\":866},{\"@type\":\"BreadcrumbList\",\"@id\":\"https:\\\/\\\/openculturalcenter.org\\\/become-a-member\\\/#breadcrumb\",\"itemListElement\":[{\"@type\":\"ListItem\",\"position\":1,\"name\":\"Home\",\"item\":\"https:\\\/\\\/openculturalcenter.org\\\/\"},{\"@type\":\"ListItem\",\"position\":2,\"name\":\"Become a member of Open Cultural Center\"}]},{\"@type\":\"WebSite\",\"@id\":\"https:\\\/\\\/openculturalcenter.org\\\/#website\",\"url\":\"https:\\\/\\\/openculturalcenter.org\\\/\",\"name\":\"Open Cultural Center\",\"description\":\"Culture Without Borders\",\"publisher\":{\"@id\":\"https:\\\/\\\/openculturalcenter.org\\\/#organization\"},\"potentialAction\":[{\"@type\":\"SearchAction\",\"target\":{\"@type\":\"EntryPoint\",\"urlTemplate\":\"https:\\\/\\\/openculturalcenter.org\\\/?s={search_term_string}\"},\"query-input\":{\"@type\":\"PropertyValueSpecification\",\"valueRequired\":true,\"valueName\":\"search_term_string\"}}],\"inLanguage\":\"ca\"},{\"@type\":\"Organization\",\"@id\":\"https:\\\/\\\/openculturalcenter.org\\\/#organization\",\"name\":\"Open Cultural Center\",\"url\":\"https:\\\/\\\/openculturalcenter.org\\\/\",\"logo\":{\"@type\":\"ImageObject\",\"inLanguage\":\"ca\",\"@id\":\"https:\\\/\\\/openculturalcenter.org\\\/#\\\/schema\\\/logo\\\/image\\\/\",\"url\":\"https:\\\/\\\/occ.vsgconsulting.eu\\\/wp-content\\\/uploads\\\/2025\\\/03\\\/Cobranding-OCC-RW-Logos-1.png\",\"contentUrl\":\"https:\\\/\\\/occ.vsgconsulting.eu\\\/wp-content\\\/uploads\\\/2025\\\/03\\\/Cobranding-OCC-RW-Logos-1.png\",\"width\":1768,\"height\":478,\"caption\":\"Open Cultural Center\"},\"image\":{\"@id\":\"https:\\\/\\\/openculturalcenter.org\\\/#\\\/schema\\\/logo\\\/image\\\/\"},\"sameAs\":[\"https:\\\/\\\/www.facebook.com\\\/OpenCulturalCenter\",\"https:\\\/\\\/x.com\\\/OCC_Project\"]}]}<\/script>\n<!-- \/ Yoast SEO plugin. -->","yoast_head_json":{"title":"Become a member of Open Cultural Center - Open Cultural Center","robots":{"index":"index","follow":"follow","max-snippet":"max-snippet:-1","max-image-preview":"max-image-preview:large","max-video-preview":"max-video-preview:-1"},"canonical":"https:\/\/openculturalcenter.org\/become-a-member\/","og_locale":"ca_ES","og_type":"article","og_title":"Become a member of Open Cultural Center - Open Cultural Center","og_description":"Open Cultural Center is a nonprofit organization that is mostly run by volunteers from all over the world. At the same time, like any NGO, we need to cover our base expenses. We do this through partnerships with the European Union and other public and corporate financial sources. However, another important source of our funding is our members: individuals who &hellip;","og_url":"https:\/\/openculturalcenter.org\/become-a-member\/","og_site_name":"Open Cultural Center","article_publisher":"https:\/\/www.facebook.com\/OpenCulturalCenter","article_modified_time":"2025-07-01T14:10:37+00:00","og_image":[{"width":1300,"height":866,"url":"https:\/\/openculturalcenter.org\/wp-content\/uploads\/2018\/10\/occ-017.jpg","type":"image\/jpeg"}],"twitter_card":"summary_large_image","twitter_site":"@OCC_Project","twitter_misc":{"Temps estimat de lectura":"3 minuts"},"schema":{"@context":"https:\/\/schema.org","@graph":[{"@type":"WebPage","@id":"https:\/\/openculturalcenter.org\/become-a-member\/","url":"https:\/\/openculturalcenter.org\/become-a-member\/","name":"Become a member of Open Cultural Center - Open Cultural Center","isPartOf":{"@id":"https:\/\/openculturalcenter.org\/#website"},"primaryImageOfPage":{"@id":"https:\/\/openculturalcenter.org\/become-a-member\/#primaryimage"},"image":{"@id":"https:\/\/openculturalcenter.org\/become-a-member\/#primaryimage"},"thumbnailUrl":"https:\/\/occ.vsgconsulting.eu\/wp-content\/uploads\/2018\/10\/occ-017.jpg","datePublished":"2018-10-12T08:56:11+00:00","dateModified":"2025-07-01T14:10:37+00:00","breadcrumb":{"@id":"https:\/\/openculturalcenter.org\/become-a-member\/#breadcrumb"},"inLanguage":"ca","potentialAction":[{"@type":"ReadAction","target":["https:\/\/openculturalcenter.org\/become-a-member\/"]}]},{"@type":"ImageObject","inLanguage":"ca","@id":"https:\/\/openculturalcenter.org\/become-a-member\/#primaryimage","url":"https:\/\/occ.vsgconsulting.eu\/wp-content\/uploads\/2018\/10\/occ-017.jpg","contentUrl":"https:\/\/occ.vsgconsulting.eu\/wp-content\/uploads\/2018\/10\/occ-017.jpg","width":1300,"height":866},{"@type":"BreadcrumbList","@id":"https:\/\/openculturalcenter.org\/become-a-member\/#breadcrumb","itemListElement":[{"@type":"ListItem","position":1,"name":"Home","item":"https:\/\/openculturalcenter.org\/"},{"@type":"ListItem","position":2,"name":"Become a member of Open Cultural Center"}]},{"@type":"WebSite","@id":"https:\/\/openculturalcenter.org\/#website","url":"https:\/\/openculturalcenter.org\/","name":"Centre cultural obert","description":"Cultura sense fronteres","publisher":{"@id":"https:\/\/openculturalcenter.org\/#organization"},"potentialAction":[{"@type":"SearchAction","target":{"@type":"EntryPoint","urlTemplate":"https:\/\/openculturalcenter.org\/?s={search_term_string}"},"query-input":{"@type":"PropertyValueSpecification","valueRequired":true,"valueName":"search_term_string"}}],"inLanguage":"ca"},{"@type":"Organization","@id":"https:\/\/openculturalcenter.org\/#organization","name":"Centre cultural obert","url":"https:\/\/openculturalcenter.org\/","logo":{"@type":"ImageObject","inLanguage":"ca","@id":"https:\/\/openculturalcenter.org\/#\/schema\/logo\/image\/","url":"https:\/\/occ.vsgconsulting.eu\/wp-content\/uploads\/2025\/03\/Cobranding-OCC-RW-Logos-1.png","contentUrl":"https:\/\/occ.vsgconsulting.eu\/wp-content\/uploads\/2025\/03\/Cobranding-OCC-RW-Logos-1.png","width":1768,"height":478,"caption":"Open Cultural Center"},"image":{"@id":"https:\/\/openculturalcenter.org\/#\/schema\/logo\/image\/"},"sameAs":["https:\/\/www.facebook.com\/OpenCulturalCenter","https:\/\/x.com\/OCC_Project"]}]}},"_links":{"self":[{"href":"https:\/\/occ.vsgconsulting.eu\/ca\/wp-json\/wp\/v2\/pages\/3634","targetHints":{"allow":["GET"]}}],"collection":[{"href":"https:\/\/occ.vsgconsulting.eu\/ca\/wp-json\/wp\/v2\/pages"}],"about":[{"href":"https:\/\/occ.vsgconsulting.eu\/ca\/wp-json\/wp\/v2\/types\/page"}],"author":[{"embeddable":true,"href":"https:\/\/occ.vsgconsulting.eu\/ca\/wp-json\/wp\/v2\/users\/1"}],"replies":[{"embeddable":true,"href":"https:\/\/occ.vsgconsulting.eu\/ca\/wp-json\/wp\/v2\/comments?post=3634"}],"version-history":[{"count":49,"href":"https:\/\/occ.vsgconsulting.eu\/ca\/wp-json\/wp\/v2\/pages\/3634\/revisions"}],"predecessor-version":[{"id":15454,"href":"https:\/\/occ.vsgconsulting.eu\/ca\/wp-json\/wp\/v2\/pages\/3634\/revisions\/15454"}],"wp:featuredmedia":[{"embeddable":true,"href":"https:\/\/occ.vsgconsulting.eu\/ca\/wp-json\/wp\/v2\/media\/3760"}],"wp:attachment":[{"href":"https:\/\/occ.vsgconsulting.eu\/ca\/wp-json\/wp\/v2\/media?parent=3634"}],"curies":[{"name":"wp","href":"https:\/\/api.w.org\/{rel}","templated":true}]}}