{"id":10150,"date":"2021-08-17T12:27:13","date_gmt":"2021-08-17T12:27:13","guid":{"rendered":"https:\/\/occ.vsgconsulting.eu\/?page_id=10150"},"modified":"2025-03-13T10:44:19","modified_gmt":"2025-03-13T10:44:19","slug":"csr","status":"publish","type":"page","link":"https:\/\/occ.vsgconsulting.eu\/ca\/csr\/","title":{"rendered":"Responsabilitat social Corporativa"},"content":{"rendered":"<div id=\"wp-block-themeisle-blocks-advanced-columns-9a72e7c1\" class=\"wp-block-themeisle-blocks-advanced-columns has-2-columns has-desktop-equal-layout has-tablet-equal-layout has-mobile-collapsedRows-layout has-vertical-unset has-default-gap\"><div class=\"wp-block-themeisle-blocks-advanced-columns-overlay\"><\/div><div class=\"innerblocks-wrap\">\n<div id=\"wp-block-themeisle-blocks-advanced-column-7e18186b\" class=\"wp-block-themeisle-blocks-advanced-column has-light-bg\">\n<h3 class=\"wp-block-heading has-text-align-center has-white-color has-text-color\"><mark style=\"background-color:rgba(0, 0, 0, 0)\" class=\"has-inline-color has-white-color\">Per qu\u00e8 RSC?<\/mark><\/h3>\n\n\n\n<p class=\"has-text-align-center has-white-color has-text-color\">Cada cop \u00e9s m\u00e9s important no nom\u00e9s pensar en els beneficis de l\u2019empresa, sin\u00f3 tamb\u00e9 en com pot obtenir una empresa&nbsp;<strong>un impacte social positiu en la societat.<\/strong><\/p>\n\n\n\n<p class=\"has-text-align-center has-white-color has-text-color\">En ser un&nbsp;<strong>empresa socialment responsable<\/strong>, sorgeixen molts beneficis. Aix\u00f2 tamb\u00e9 s\u2019ent\u00e9n com&nbsp;<strong>Valor compartit<\/strong>: guanyar avantatges competitius alhora que enforteix les comunitats vulnerables d\u2019Espanya o Gr\u00e8cia.<\/p>\n\n\n\n<figure class=\"wp-block-image size-large is-style-default\"><img loading=\"lazy\" decoding=\"async\" width=\"1024\" height=\"576\" src=\"https:\/\/occ.vsgconsulting.eu\/wp-content\/uploads\/2021\/05\/bici_3occ-1024x576.jpg\" alt=\"\" class=\"wp-image-9898\" srcset=\"https:\/\/occ.vsgconsulting.eu\/wp-content\/uploads\/2021\/05\/bici_3occ-1024x576.jpg 1024w, https:\/\/occ.vsgconsulting.eu\/wp-content\/uploads\/2021\/05\/bici_3occ-300x169.jpg 300w, https:\/\/occ.vsgconsulting.eu\/wp-content\/uploads\/2021\/05\/bici_3occ-768x432.jpg 768w, https:\/\/occ.vsgconsulting.eu\/wp-content\/uploads\/2021\/05\/bici_3occ-1536x864.jpg 1536w, https:\/\/occ.vsgconsulting.eu\/wp-content\/uploads\/2021\/05\/bici_3occ-16x9.jpg 16w, https:\/\/occ.vsgconsulting.eu\/wp-content\/uploads\/2021\/05\/bici_3occ-350x196.jpg 350w, https:\/\/occ.vsgconsulting.eu\/wp-content\/uploads\/2021\/05\/bici_3occ-600x338.jpg 600w, https:\/\/occ.vsgconsulting.eu\/wp-content\/uploads\/2021\/05\/bici_3occ.jpg 1920w\" sizes=\"auto, (max-width: 1024px) 100vw, 1024px\" \/><\/figure>\n<\/div>\n\n\n\n<div id=\"wp-block-themeisle-blocks-advanced-column-0d20a2e9\" class=\"wp-block-themeisle-blocks-advanced-column has-light-bg\">\n<h3 class=\"wp-block-heading has-text-align-center has-white-color has-text-color\"><mark style=\"background-color:rgba(0, 0, 0, 0)\" class=\"has-inline-color has-white-color\">Com?<\/mark><\/h3>\n\n\n\n<p class=\"has-text-align-center has-white-color has-text-color\">Hi ha dues maneres d\u2019implicar-vos com a soci oficial de RSC de MigraCode: mitjan\u00e7ant&nbsp;<strong>contractant els nostres beneficiaris i finan\u00e7ant els nostres programes\/activitats.<\/strong><\/p>\n\n\n\n<p class=\"has-text-align-center has-white-color has-text-color\">En aquesta p\u00e0gina espec\u00edfica, podeu llegir com i per qu\u00e8 esdevenir soci oficial de Responsabilitat Social Corporativa de Open Cultural Center i utilitzar tots els&nbsp;<strong>avantatges d\u2019un programa de RSE amb \u00e8xit.<\/strong><\/p>\n\n\n\n<figure class=\"wp-block-image size-large\"><img loading=\"lazy\" decoding=\"async\" width=\"1024\" height=\"576\" src=\"https:\/\/occ.vsgconsulting.eu\/wp-content\/uploads\/2021\/05\/classesocc-1024x576.jpg\" alt=\"\" class=\"wp-image-9900\" srcset=\"https:\/\/occ.vsgconsulting.eu\/wp-content\/uploads\/2021\/05\/classesocc-1024x576.jpg 1024w, https:\/\/occ.vsgconsulting.eu\/wp-content\/uploads\/2021\/05\/classesocc-300x169.jpg 300w, https:\/\/occ.vsgconsulting.eu\/wp-content\/uploads\/2021\/05\/classesocc-768x432.jpg 768w, https:\/\/occ.vsgconsulting.eu\/wp-content\/uploads\/2021\/05\/classesocc-1536x864.jpg 1536w, https:\/\/occ.vsgconsulting.eu\/wp-content\/uploads\/2021\/05\/classesocc-16x9.jpg 16w, https:\/\/occ.vsgconsulting.eu\/wp-content\/uploads\/2021\/05\/classesocc-350x196.jpg 350w, https:\/\/occ.vsgconsulting.eu\/wp-content\/uploads\/2021\/05\/classesocc-600x338.jpg 600w, https:\/\/occ.vsgconsulting.eu\/wp-content\/uploads\/2021\/05\/classesocc.jpg 1920w\" sizes=\"auto, (max-width: 1024px) 100vw, 1024px\" \/><\/figure>\n<\/div>\n<\/div><\/div>\n\n\n\n<h3 class=\"wp-block-heading has-text-align-center\">Quin \u00e9s el valor compartit per a la vostra empresa?<\/h3>\n\n\n\n<p class=\"has-text-align-center\">Depenent del nivell de participaci\u00f3, sorgeixen molts beneficis per a la vostra organitzaci\u00f3 i demostren als socis i a la compet\u00e8ncia com la vostra organitzaci\u00f3 est\u00e0 tenint un impacte social positiu.<\/p>\n\n\n\n<div style=\"height:30px\" aria-hidden=\"true\" class=\"wp-block-spacer\"><\/div>\n\n\n\n<div class=\"wp-block-columns are-vertically-aligned-center is-layout-flex wp-container-core-columns-is-layout-9d6595d7 wp-block-columns-is-layout-flex\">\n<div class=\"wp-block-column is-vertically-aligned-center is-layout-flow wp-block-column-is-layout-flow\">\n<div class=\"wp-block-columns are-vertically-aligned-center is-layout-flex wp-container-core-columns-is-layout-9d6595d7 wp-block-columns-is-layout-flex\">\n<div class=\"wp-block-column is-vertically-aligned-center is-layout-flow wp-block-column-is-layout-flow\" style=\"flex-basis:33.33%\">\n<div id=\"wp-block-themeisle-blocks-font-awesome-icons-4828e92f\" class=\"wp-block-themeisle-blocks-font-awesome-icons\"><span class=\"wp-block-themeisle-blocks-font-awesome-icons-container\"><i class=\"fas fa-check-square\"><\/i><\/span><\/div>\n<\/div>\n\n\n\n<div class=\"wp-block-column is-vertically-aligned-center is-layout-flow wp-block-column-is-layout-flow\" style=\"flex-basis:66.66%\">\n<p class=\"has-text-align-center\">Selecci\u00f3 pr\u00e8via a la contractaci\u00f3 dels nostres beneficiaris<\/p>\n<\/div>\n<\/div>\n\n\n\n<div class=\"wp-block-columns are-vertically-aligned-center is-layout-flex wp-container-core-columns-is-layout-9d6595d7 wp-block-columns-is-layout-flex\">\n<div class=\"wp-block-column is-vertically-aligned-center is-layout-flow wp-block-column-is-layout-flow\" style=\"flex-basis:33.33%\">\n<div id=\"wp-block-themeisle-blocks-font-awesome-icons-f1d28824\" class=\"wp-block-themeisle-blocks-font-awesome-icons\"><span class=\"wp-block-themeisle-blocks-font-awesome-icons-container\"><i class=\"fas fa-check-square\"><\/i><\/span><\/div>\n<\/div>\n\n\n\n<div class=\"wp-block-column is-vertically-aligned-center is-layout-flow wp-block-column-is-layout-flow\" style=\"flex-basis:66.66%\">\n<p class=\"has-text-align-center\">Difusi\u00f3 regular de xarxes socials<\/p>\n<\/div>\n<\/div>\n\n\n\n<div class=\"wp-block-columns are-vertically-aligned-center is-layout-flex wp-container-core-columns-is-layout-9d6595d7 wp-block-columns-is-layout-flex\">\n<div class=\"wp-block-column is-vertically-aligned-center is-layout-flow wp-block-column-is-layout-flow\" style=\"flex-basis:33.33%\">\n<div id=\"wp-block-themeisle-blocks-font-awesome-icons-7ad31005\" class=\"wp-block-themeisle-blocks-font-awesome-icons\"><span class=\"wp-block-themeisle-blocks-font-awesome-icons-container\"><i class=\"fas fa-check-square\"><\/i><\/span><\/div>\n<\/div>\n\n\n\n<div class=\"wp-block-column is-vertically-aligned-center is-layout-flow wp-block-column-is-layout-flow\" style=\"flex-basis:66.66%\">\n<p class=\"has-text-align-center\">Influ\u00e8ncia en els nostres curr\u00edculums<\/p>\n<\/div>\n<\/div>\n\n\n\n<div class=\"wp-block-columns are-vertically-aligned-center is-layout-flex wp-container-core-columns-is-layout-9d6595d7 wp-block-columns-is-layout-flex\">\n<div class=\"wp-block-column is-vertically-aligned-center is-layout-flow wp-block-column-is-layout-flow\" style=\"flex-basis:33.33%\">\n<div id=\"wp-block-themeisle-blocks-font-awesome-icons-cf30d1d1\" class=\"wp-block-themeisle-blocks-font-awesome-icons\"><span class=\"wp-block-themeisle-blocks-font-awesome-icons-container\"><i class=\"fas fa-check-square\"><\/i><\/span><\/div>\n<\/div>\n\n\n\n<div class=\"wp-block-column is-vertically-aligned-center is-layout-flow wp-block-column-is-layout-flow\" style=\"flex-basis:66.66%\">\n<p class=\"has-text-align-center\">Nom de l&#039;empresa que s&#039;utilitza exclusivament per a activitats o projectes patrocinats<\/p>\n<\/div>\n<\/div>\n\n\n\n<div class=\"wp-block-columns are-vertically-aligned-center is-layout-flex wp-container-core-columns-is-layout-9d6595d7 wp-block-columns-is-layout-flex\">\n<div class=\"wp-block-column is-vertically-aligned-center is-layout-flow wp-block-column-is-layout-flow\" style=\"flex-basis:33.33%\">\n<div id=\"wp-block-themeisle-blocks-font-awesome-icons-21e65b81\" class=\"wp-block-themeisle-blocks-font-awesome-icons\"><span class=\"wp-block-themeisle-blocks-font-awesome-icons-container\"><i class=\"fas fa-check-square\"><\/i><\/span><\/div>\n<\/div>\n\n\n\n<div class=\"wp-block-column is-vertically-aligned-center is-layout-flow wp-block-column-is-layout-flow\" style=\"flex-basis:66.66%\">\n<p class=\"has-text-align-center\">P\u00e0gina designada al nostre lloc web sobre la col\u00b7laboraci\u00f3<\/p>\n<\/div>\n<\/div>\n<\/div>\n\n\n\n<div class=\"wp-block-column is-vertically-aligned-center is-layout-flow wp-block-column-is-layout-flow\">\n<figure class=\"wp-block-image\"><img decoding=\"async\" src=\"http:\/\/migracode.occ.vsgconsulting.eu\/wp-content\/uploads\/2020\/10\/social.png\" alt=\"\"\/><\/figure>\n<\/div>\n<\/div>\n\n\n\n<h3 class=\"wp-block-heading has-text-align-center\">Qui ja va confiar en nosaltres a trav\u00e9s del nostre programa MigraCode?<\/h3>\n\n\n\n<p class=\"has-text-align-center\">A trav\u00e9s del nostre <a href=\"https:\/\/www.migracode.occ.vsgconsulting.eu\" target=\"_blank\" rel=\"noreferrer noopener\">Programa MigraCode Barcelona<\/a> - una acad\u00e8mia tecnol\u00f2gica per a refugiats i migrants - ja hem creat i desenvolupat amb \u00e8xit associacions de RSC amb diversos socis corporatius del sector tecnol\u00f2gic, com podeu veure a continuaci\u00f3.<\/p>\n\n\n\n<div class=\"wp-block-columns are-vertically-aligned-center is-layout-flex wp-container-core-columns-is-layout-9d6595d7 wp-block-columns-is-layout-flex\">\n<div class=\"wp-block-column is-vertically-aligned-center is-layout-flow wp-block-column-is-layout-flow\">\n<figure class=\"wp-block-image\"><img decoding=\"async\" src=\"http:\/\/migracode.occ.vsgconsulting.eu\/wp-content\/uploads\/2020\/12\/adaptive-1024x228.png\" alt=\"\"\/><\/figure>\n<\/div>\n\n\n\n<div class=\"wp-block-column is-vertically-aligned-center is-layout-flow wp-block-column-is-layout-flow\">\n<figure class=\"wp-block-image\"><img decoding=\"async\" src=\"https:\/\/migracode.occ.vsgconsulting.eu\/wp-content\/uploads\/2020\/12\/glovologo.jpg\" alt=\"\"\/><\/figure>\n<\/div>\n\n\n\n<div class=\"wp-block-column is-vertically-aligned-center is-layout-flow wp-block-column-is-layout-flow\">\n<figure class=\"wp-block-image\"><img decoding=\"async\" src=\"https:\/\/migracode.occ.vsgconsulting.eu\/wp-content\/uploads\/2020\/12\/Lenovo_logo-1024x215.png\" alt=\"\"\/><\/figure>\n<\/div>\n<\/div>\n\n\n\n<div class=\"wp-block-buttons is-horizontal is-content-justification-center is-layout-flex wp-container-core-buttons-is-layout-499968f5 wp-block-buttons-is-layout-flex\">\n<div class=\"wp-block-button\"><a class=\"wp-block-button__link has-background wp-element-button\" href=\"https:\/\/migracode.occ.vsgconsulting.eu\/corporate-partners\/\" style=\"background-color:#15d4be\" target=\"_blank\" rel=\"noreferrer noopener\">Consulteu m\u00e9s dels nostres socis MigraCode<\/a><\/div>\n<\/div>\n\n\n\n<div style=\"height:59px\" aria-hidden=\"true\" class=\"wp-block-spacer\"><\/div>\n\n\n\n<div class=\"wp-block-columns are-vertically-aligned-center is-layout-flex wp-container-core-columns-is-layout-9d6595d7 wp-block-columns-is-layout-flex\">\n<div class=\"wp-block-column is-vertically-aligned-center is-layout-flow wp-block-column-is-layout-flow\">\n<h3 class=\"wp-block-heading has-text-align-center\">Lenovo i MigraCode<\/h3>\n\n\n\n<div style=\"height:20px\" aria-hidden=\"true\" class=\"wp-block-spacer\"><\/div>\n\n\n\n<div id=\"wp-block-themeisle-blocks-font-awesome-icons-cbbe88b5\" class=\"wp-block-themeisle-blocks-font-awesome-icons\"><span class=\"wp-block-themeisle-blocks-font-awesome-icons-container\"><i class=\"fas fa-quote-left\"><\/i><\/span><\/div>\n\n\n\n<p class=\"has-text-align-center\"><em>\u201cMigracode \u00e9s un exemple perfecte de tecnologia m\u00e9s intel\u00b7ligent per a tothom. Creiem que tenim la responsabilitat d\u2019assegurar un acc\u00e9s equitatiu a la tecnologia, perqu\u00e8 quan la tecnologia, la innovaci\u00f3 i les oportunitats estan disponibles per a m\u00e9s persones, comunitats senceres es beneficien de les solucions i millores que sorgeixen. Estem molt orgullosos de col\u00b7laborar amb Migracode i esperem que la nostra tecnologia pugui jugar un paper petit per\u00f2 directe en el futur d\u2019aquests estudiants. \u201d<\/em><\/p>\n\n\n\n<div id=\"wp-block-themeisle-blocks-font-awesome-icons-8c9860b5\" class=\"wp-block-themeisle-blocks-font-awesome-icons\"><span class=\"wp-block-themeisle-blocks-font-awesome-icons-container\"><i class=\"fas fa-quote-right\"><\/i><\/span><\/div>\n\n\n\n<p class=\"has-text-align-center\"><strong>Monica Hauser Wolff, directora de la Fundaci\u00f3 Lenovo<\/strong><\/p>\n\n\n\n<div class=\"wp-block-buttons is-horizontal is-content-justification-center is-layout-flex wp-container-core-buttons-is-layout-499968f5 wp-block-buttons-is-layout-flex\">\n<div class=\"wp-block-button\"><a class=\"wp-block-button__link has-background wp-element-button\" href=\"https:\/\/news.lenovo.com\/barcelona-migracode-opens-technology-careers-migrant-refugee\/\" style=\"background-color:#15d4be\" target=\"_blank\" rel=\"noreferrer noopener\">MigraCode a StoryHub de Lenovo<\/a><\/div>\n<\/div>\n<\/div>\n\n\n\n<div class=\"wp-block-column is-vertically-aligned-center is-layout-flow wp-block-column-is-layout-flow\">\n<figure class=\"wp-block-image size-full is-style-rounded\"><img loading=\"lazy\" decoding=\"async\" width=\"960\" height=\"540\" src=\"https:\/\/occ.vsgconsulting.eu\/wp-content\/uploads\/2021\/04\/P1010725migracode.jpg\" alt=\"\" class=\"wp-image-9406\" srcset=\"https:\/\/occ.vsgconsulting.eu\/wp-content\/uploads\/2021\/04\/P1010725migracode.jpg 960w, https:\/\/occ.vsgconsulting.eu\/wp-content\/uploads\/2021\/04\/P1010725migracode-300x169.jpg 300w, https:\/\/occ.vsgconsulting.eu\/wp-content\/uploads\/2021\/04\/P1010725migracode-768x432.jpg 768w, https:\/\/occ.vsgconsulting.eu\/wp-content\/uploads\/2021\/04\/P1010725migracode-16x9.jpg 16w, https:\/\/occ.vsgconsulting.eu\/wp-content\/uploads\/2021\/04\/P1010725migracode-350x196.jpg 350w, https:\/\/occ.vsgconsulting.eu\/wp-content\/uploads\/2021\/04\/P1010725migracode-600x338.jpg 600w\" sizes=\"auto, (max-width: 960px) 100vw, 960px\" \/><\/figure>\n<\/div>\n<\/div>\n\n\n\n<div style=\"height:48px\" aria-hidden=\"true\" class=\"wp-block-spacer\"><\/div>\n\n\n\n<h4 class=\"wp-block-heading has-text-align-center\">Esteu interessats en iniciar o millorar el vostre programa de responsabilitat social corporativa? Empleneu el formulari seg\u00fcent perqu\u00e8 ens posem en contacte amb vosaltres i ens posarem en contacte amb vosaltres el m\u00e9s aviat possible.<\/h4>\n\n\n<div class=\"\"><div class='_form_78'><\/div><script type='text\/javascript' src='https:\/\/openculturalcenter.activehosted.com\/f\/embed.php?static=0&id=78&69DF89D7DD81A&nostyles=0&preview=0'><\/script><\/div>\n\n\n<p><\/p>\n\n\n\n<p><\/p>\n\n\n\n<div class=\"wp-block-buttons is-horizontal is-content-justification-center is-layout-flex wp-container-core-buttons-is-layout-499968f5 wp-block-buttons-is-layout-flex\"><\/div>","protected":false},"excerpt":{"rendered":"<p>En ser una empresa socialment responsable, sorgeixen molts beneficis. Aix\u00f2 tamb\u00e9 s\u2019ent\u00e9n com a valor compartit: obtenir avantatges competitius alhora que enforteix les comunitats vulnerables d\u2019Espanya o Gr\u00e8cia.<\/p>","protected":false},"author":1,"featured_media":9900,"parent":0,"menu_order":0,"comment_status":"closed","ping_status":"closed","template":"","meta":{"_themeisle_gutenberg_block_has_review":false,"footnotes":""},"class_list":["post-10150","page","type-page","status-publish","has-post-thumbnail","hentry","latest_post"],"yoast_head":"<!-- This site is optimized with the Yoast SEO plugin v27.4 - https:\/\/yoast.com\/product\/yoast-seo-wordpress\/ -->\n<title>Corporate Social Responsibility - Open Cultural Center<\/title>\n<meta name=\"robots\" content=\"index, follow, max-snippet:-1, max-image-preview:large, max-video-preview:-1\" \/>\n<link rel=\"canonical\" href=\"https:\/\/openculturalcenter.org\/csr\/\" \/>\n<meta property=\"og:locale\" content=\"ca_ES\" \/>\n<meta property=\"og:type\" content=\"article\" \/>\n<meta property=\"og:title\" content=\"Corporate Social Responsibility - Open Cultural Center\" \/>\n<meta property=\"og:description\" content=\"By being a\u00a0socially responsible company, many benefits arise. This is also understood as\u00a0Shared Value: gaining competitive advantage while strengthening vulnerable communities in Spain or Greece.\" \/>\n<meta property=\"og:url\" content=\"https:\/\/openculturalcenter.org\/csr\/\" \/>\n<meta property=\"og:site_name\" content=\"Open Cultural Center\" \/>\n<meta property=\"article:publisher\" content=\"https:\/\/www.facebook.com\/OpenCulturalCenter\" \/>\n<meta property=\"article:modified_time\" content=\"2025-03-13T10:44:19+00:00\" \/>\n<meta property=\"og:image\" content=\"https:\/\/openculturalcenter.org\/wp-content\/uploads\/2021\/05\/classesocc.jpg\" \/>\n\t<meta property=\"og:image:width\" content=\"1920\" \/>\n\t<meta property=\"og:image:height\" content=\"1080\" \/>\n\t<meta property=\"og:image:type\" content=\"image\/jpeg\" \/>\n<meta name=\"twitter:card\" content=\"summary_large_image\" \/>\n<meta name=\"twitter:site\" content=\"@OCC_Project\" \/>\n<meta name=\"twitter:label1\" content=\"Temps estimat de lectura\" \/>\n\t<meta name=\"twitter:data1\" content=\"4 minuts\" \/>\n<script type=\"application\/ld+json\" class=\"yoast-schema-graph\">{\"@context\":\"https:\\\/\\\/schema.org\",\"@graph\":[{\"@type\":\"WebPage\",\"@id\":\"https:\\\/\\\/openculturalcenter.org\\\/csr\\\/\",\"url\":\"https:\\\/\\\/openculturalcenter.org\\\/csr\\\/\",\"name\":\"Corporate Social Responsibility - Open Cultural Center\",\"isPartOf\":{\"@id\":\"https:\\\/\\\/openculturalcenter.org\\\/#website\"},\"primaryImageOfPage\":{\"@id\":\"https:\\\/\\\/openculturalcenter.org\\\/csr\\\/#primaryimage\"},\"image\":{\"@id\":\"https:\\\/\\\/openculturalcenter.org\\\/csr\\\/#primaryimage\"},\"thumbnailUrl\":\"https:\\\/\\\/occ.vsgconsulting.eu\\\/wp-content\\\/uploads\\\/2021\\\/05\\\/classesocc.jpg\",\"datePublished\":\"2021-08-17T12:27:13+00:00\",\"dateModified\":\"2025-03-13T10:44:19+00:00\",\"breadcrumb\":{\"@id\":\"https:\\\/\\\/openculturalcenter.org\\\/csr\\\/#breadcrumb\"},\"inLanguage\":\"ca\",\"potentialAction\":[{\"@type\":\"ReadAction\",\"target\":[\"https:\\\/\\\/openculturalcenter.org\\\/csr\\\/\"]}]},{\"@type\":\"ImageObject\",\"inLanguage\":\"ca\",\"@id\":\"https:\\\/\\\/openculturalcenter.org\\\/csr\\\/#primaryimage\",\"url\":\"https:\\\/\\\/occ.vsgconsulting.eu\\\/wp-content\\\/uploads\\\/2021\\\/05\\\/classesocc.jpg\",\"contentUrl\":\"https:\\\/\\\/occ.vsgconsulting.eu\\\/wp-content\\\/uploads\\\/2021\\\/05\\\/classesocc.jpg\",\"width\":1920,\"height\":1080},{\"@type\":\"BreadcrumbList\",\"@id\":\"https:\\\/\\\/openculturalcenter.org\\\/csr\\\/#breadcrumb\",\"itemListElement\":[{\"@type\":\"ListItem\",\"position\":1,\"name\":\"Home\",\"item\":\"https:\\\/\\\/openculturalcenter.org\\\/\"},{\"@type\":\"ListItem\",\"position\":2,\"name\":\"Corporate Social Responsibility\"}]},{\"@type\":\"WebSite\",\"@id\":\"https:\\\/\\\/openculturalcenter.org\\\/#website\",\"url\":\"https:\\\/\\\/openculturalcenter.org\\\/\",\"name\":\"Open Cultural Center\",\"description\":\"Culture Without Borders\",\"publisher\":{\"@id\":\"https:\\\/\\\/openculturalcenter.org\\\/#organization\"},\"potentialAction\":[{\"@type\":\"SearchAction\",\"target\":{\"@type\":\"EntryPoint\",\"urlTemplate\":\"https:\\\/\\\/openculturalcenter.org\\\/?s={search_term_string}\"},\"query-input\":{\"@type\":\"PropertyValueSpecification\",\"valueRequired\":true,\"valueName\":\"search_term_string\"}}],\"inLanguage\":\"ca\"},{\"@type\":\"Organization\",\"@id\":\"https:\\\/\\\/openculturalcenter.org\\\/#organization\",\"name\":\"Open Cultural Center\",\"url\":\"https:\\\/\\\/openculturalcenter.org\\\/\",\"logo\":{\"@type\":\"ImageObject\",\"inLanguage\":\"ca\",\"@id\":\"https:\\\/\\\/openculturalcenter.org\\\/#\\\/schema\\\/logo\\\/image\\\/\",\"url\":\"https:\\\/\\\/occ.vsgconsulting.eu\\\/wp-content\\\/uploads\\\/2025\\\/03\\\/Cobranding-OCC-RW-Logos-1.png\",\"contentUrl\":\"https:\\\/\\\/occ.vsgconsulting.eu\\\/wp-content\\\/uploads\\\/2025\\\/03\\\/Cobranding-OCC-RW-Logos-1.png\",\"width\":1768,\"height\":478,\"caption\":\"Open Cultural Center\"},\"image\":{\"@id\":\"https:\\\/\\\/openculturalcenter.org\\\/#\\\/schema\\\/logo\\\/image\\\/\"},\"sameAs\":[\"https:\\\/\\\/www.facebook.com\\\/OpenCulturalCenter\",\"https:\\\/\\\/x.com\\\/OCC_Project\"]}]}<\/script>\n<!-- \/ Yoast SEO plugin. -->","yoast_head_json":{"title":"Corporate Social Responsibility - Open Cultural Center","robots":{"index":"index","follow":"follow","max-snippet":"max-snippet:-1","max-image-preview":"max-image-preview:large","max-video-preview":"max-video-preview:-1"},"canonical":"https:\/\/openculturalcenter.org\/csr\/","og_locale":"ca_ES","og_type":"article","og_title":"Corporate Social Responsibility - Open Cultural Center","og_description":"By being a\u00a0socially responsible company, many benefits arise. This is also understood as\u00a0Shared Value: gaining competitive advantage while strengthening vulnerable communities in Spain or Greece.","og_url":"https:\/\/openculturalcenter.org\/csr\/","og_site_name":"Open Cultural Center","article_publisher":"https:\/\/www.facebook.com\/OpenCulturalCenter","article_modified_time":"2025-03-13T10:44:19+00:00","og_image":[{"width":1920,"height":1080,"url":"https:\/\/openculturalcenter.org\/wp-content\/uploads\/2021\/05\/classesocc.jpg","type":"image\/jpeg"}],"twitter_card":"summary_large_image","twitter_site":"@OCC_Project","twitter_misc":{"Temps estimat de lectura":"4 minuts"},"schema":{"@context":"https:\/\/schema.org","@graph":[{"@type":"WebPage","@id":"https:\/\/openculturalcenter.org\/csr\/","url":"https:\/\/openculturalcenter.org\/csr\/","name":"Corporate Social Responsibility - Open Cultural Center","isPartOf":{"@id":"https:\/\/openculturalcenter.org\/#website"},"primaryImageOfPage":{"@id":"https:\/\/openculturalcenter.org\/csr\/#primaryimage"},"image":{"@id":"https:\/\/openculturalcenter.org\/csr\/#primaryimage"},"thumbnailUrl":"https:\/\/occ.vsgconsulting.eu\/wp-content\/uploads\/2021\/05\/classesocc.jpg","datePublished":"2021-08-17T12:27:13+00:00","dateModified":"2025-03-13T10:44:19+00:00","breadcrumb":{"@id":"https:\/\/openculturalcenter.org\/csr\/#breadcrumb"},"inLanguage":"ca","potentialAction":[{"@type":"ReadAction","target":["https:\/\/openculturalcenter.org\/csr\/"]}]},{"@type":"ImageObject","inLanguage":"ca","@id":"https:\/\/openculturalcenter.org\/csr\/#primaryimage","url":"https:\/\/occ.vsgconsulting.eu\/wp-content\/uploads\/2021\/05\/classesocc.jpg","contentUrl":"https:\/\/occ.vsgconsulting.eu\/wp-content\/uploads\/2021\/05\/classesocc.jpg","width":1920,"height":1080},{"@type":"BreadcrumbList","@id":"https:\/\/openculturalcenter.org\/csr\/#breadcrumb","itemListElement":[{"@type":"ListItem","position":1,"name":"Home","item":"https:\/\/openculturalcenter.org\/"},{"@type":"ListItem","position":2,"name":"Corporate Social Responsibility"}]},{"@type":"WebSite","@id":"https:\/\/openculturalcenter.org\/#website","url":"https:\/\/openculturalcenter.org\/","name":"Centre cultural obert","description":"Cultura sense fronteres","publisher":{"@id":"https:\/\/openculturalcenter.org\/#organization"},"potentialAction":[{"@type":"SearchAction","target":{"@type":"EntryPoint","urlTemplate":"https:\/\/openculturalcenter.org\/?s={search_term_string}"},"query-input":{"@type":"PropertyValueSpecification","valueRequired":true,"valueName":"search_term_string"}}],"inLanguage":"ca"},{"@type":"Organization","@id":"https:\/\/openculturalcenter.org\/#organization","name":"Centre cultural obert","url":"https:\/\/openculturalcenter.org\/","logo":{"@type":"ImageObject","inLanguage":"ca","@id":"https:\/\/openculturalcenter.org\/#\/schema\/logo\/image\/","url":"https:\/\/occ.vsgconsulting.eu\/wp-content\/uploads\/2025\/03\/Cobranding-OCC-RW-Logos-1.png","contentUrl":"https:\/\/occ.vsgconsulting.eu\/wp-content\/uploads\/2025\/03\/Cobranding-OCC-RW-Logos-1.png","width":1768,"height":478,"caption":"Open Cultural Center"},"image":{"@id":"https:\/\/openculturalcenter.org\/#\/schema\/logo\/image\/"},"sameAs":["https:\/\/www.facebook.com\/OpenCulturalCenter","https:\/\/x.com\/OCC_Project"]}]}},"_links":{"self":[{"href":"https:\/\/occ.vsgconsulting.eu\/ca\/wp-json\/wp\/v2\/pages\/10150","targetHints":{"allow":["GET"]}}],"collection":[{"href":"https:\/\/occ.vsgconsulting.eu\/ca\/wp-json\/wp\/v2\/pages"}],"about":[{"href":"https:\/\/occ.vsgconsulting.eu\/ca\/wp-json\/wp\/v2\/types\/page"}],"author":[{"embeddable":true,"href":"https:\/\/occ.vsgconsulting.eu\/ca\/wp-json\/wp\/v2\/users\/1"}],"replies":[{"embeddable":true,"href":"https:\/\/occ.vsgconsulting.eu\/ca\/wp-json\/wp\/v2\/comments?post=10150"}],"version-history":[{"count":30,"href":"https:\/\/occ.vsgconsulting.eu\/ca\/wp-json\/wp\/v2\/pages\/10150\/revisions"}],"predecessor-version":[{"id":15063,"href":"https:\/\/occ.vsgconsulting.eu\/ca\/wp-json\/wp\/v2\/pages\/10150\/revisions\/15063"}],"wp:featuredmedia":[{"embeddable":true,"href":"https:\/\/occ.vsgconsulting.eu\/ca\/wp-json\/wp\/v2\/media\/9900"}],"wp:attachment":[{"href":"https:\/\/occ.vsgconsulting.eu\/ca\/wp-json\/wp\/v2\/media?parent=10150"}],"curies":[{"name":"wp","href":"https:\/\/api.w.org\/{rel}","templated":true}]}}